{"id":7537,"date":"2025-06-17T12:41:38","date_gmt":"2025-06-17T12:41:38","guid":{"rendered":"https:\/\/bosphoriadentalclinic.com\/?page_id=7537"},"modified":"2025-08-05T12:42:11","modified_gmt":"2025-08-05T09:42:11","slug":"implant-dentaire","status":"publish","type":"page","link":"https:\/\/bosphoriadentalclinic.com\/fr\/implant-dentaire\/","title":{"rendered":"Implant Dentaire"},"content":{"rendered":"\t\t<div data-elementor-type=\"wp-page\" data-elementor-id=\"7537\" class=\"elementor elementor-7537\" data-elementor-post-type=\"page\">\n\t\t\t\t<div class=\"elementor-element elementor-element-4550199 e-con-full qodef-elementor-content-grid e-flex e-con e-parent\" data-id=\"4550199\" data-element_type=\"container\" data-e-type=\"container\" data-settings=\"{&quot;background_background&quot;:&quot;classic&quot;}\">\n\t\t\t\t<div class=\"elementor-element elementor-element-25024600 elementor-widget elementor-widget-heading\" data-id=\"25024600\" data-element_type=\"widget\" data-e-type=\"widget\" data-widget_type=\"heading.default\">\n\t\t\t\t\t<h1 class=\"elementor-heading-title elementor-size-default\">Implant<\/h1>\t\t\t\t<\/div>\n\t\t\t\t<\/div>\n\t\t<div class=\"elementor-element elementor-element-703946b e-flex e-con-boxed e-con e-parent\" data-id=\"703946b\" data-element_type=\"container\" data-e-type=\"container\">\n\t\t\t\t\t<div class=\"e-con-inner\">\n\t\t\t\t<div class=\"elementor-element elementor-element-28acc9e elementor-widget elementor-widget-spacer\" data-id=\"28acc9e\" data-element_type=\"widget\" data-e-type=\"widget\" data-widget_type=\"spacer.default\">\n\t\t\t\t\t\t\t<div class=\"elementor-spacer\">\n\t\t\t<div class=\"elementor-spacer-inner\"><\/div>\n\t\t<\/div>\n\t\t\t\t\t\t<\/div>\n\t\t\t\t\t<\/div>\n\t\t\t\t<\/div>\n\t\t<div class=\"elementor-element elementor-element-c6d1262 qodef-elementor-content-grid e-flex e-con-boxed e-con e-parent\" data-id=\"c6d1262\" data-element_type=\"container\" data-e-type=\"container\" data-settings=\"{&quot;background_background&quot;:&quot;classic&quot;}\">\n\t\t\t\t\t<div class=\"e-con-inner\">\n\t\t<div class=\"elementor-element elementor-element-2cfa04a e-con-full e-flex e-con e-child\" data-id=\"2cfa04a\" data-element_type=\"container\" data-e-type=\"container\">\n\t\t\t\t<div class=\"elementor-element elementor-element-2681fab elementor-widget elementor-widget-heading\" data-id=\"2681fab\" data-element_type=\"widget\" data-e-type=\"widget\" data-widget_type=\"heading.default\">\n\t\t\t\t\t<h2 class=\"elementor-heading-title elementor-size-default\">Qu\u2019est-ce que les implants dentaires ?<\/h2>\t\t\t\t<\/div>\n\t\t\t\t<div class=\"elementor-element elementor-element-d6c033b elementor-widget elementor-widget-text-editor\" data-id=\"d6c033b\" data-element_type=\"widget\" data-e-type=\"widget\" data-widget_type=\"text-editor.default\">\n\t\t\t\t\t\t\t\t\t<p data-start=\"0\" data-end=\"127\">Les implants dentaires se composent de trois parties principales : une vis en titane, un pilier et des composants proth\u00e9tiques.<\/p><p data-start=\"129\" data-end=\"420\">La vis en titane est ins\u00e9r\u00e9e dans l\u2019os de la m\u00e2choire et remplace la racine naturelle du dent, ce qui en fait la meilleure alternative aux racines dentaires naturelles.<br data-start=\"297\" data-end=\"300\" \/>Le pilier relie la restauration proth\u00e9tique \u00e0 la vis en titane fix\u00e9e dans l\u2019os, assurant une structure solide et stable.<\/p><p data-start=\"422\" data-end=\"688\" data-is-last-node=\"\" data-is-only-node=\"\">Le traitement par implant peut \u00eatre utilis\u00e9 en toute s\u00e9curit\u00e9 pour remplacer une dent, plusieurs dents ou une dentition compl\u00e8te.<br data-start=\"551\" data-end=\"554\" \/>Gr\u00e2ce aux implants, il est possible de restaurer \u00e0 la fois la fonction et l\u2019esth\u00e9tique sans endommager les dents naturelles restantes.<\/p>\t\t\t\t\t\t\t\t<\/div>\n\t\t\t\t<\/div>\n\t\t<div class=\"elementor-element elementor-element-19373fa e-con-full e-flex e-con e-child\" data-id=\"19373fa\" data-element_type=\"container\" data-e-type=\"container\">\n\t\t\t\t<div class=\"elementor-element elementor-element-3b10202 elementor-widget elementor-widget-image\" data-id=\"3b10202\" data-element_type=\"widget\" data-e-type=\"widget\" data-widget_type=\"image.default\">\n\t\t\t\t\t\t\t\t\t\t\t\t\t\t\t<img decoding=\"async\" src=\"https:\/\/bosphoriadentalclinic.com\/wp-content\/uploads\/2025\/06\/implant-banner.png\" title=\"\" alt=\"\" loading=\"lazy\" \/>\t\t\t\t\t\t\t\t\t\t\t\t\t\t\t<\/div>\n\t\t\t\t<\/div>\n\t\t<div class=\"elementor-element elementor-element-956fc9a e-con-full e-flex e-con e-child\" data-id=\"956fc9a\" data-element_type=\"container\" data-e-type=\"container\">\n\t\t<div class=\"elementor-element elementor-element-95d09ed e-con-full e-flex e-con e-child\" data-id=\"95d09ed\" data-element_type=\"container\" data-e-type=\"container\">\n\t\t\t\t<div class=\"elementor-element elementor-element-3895641 elementor-widget elementor-widget-heading\" data-id=\"3895641\" data-element_type=\"widget\" data-e-type=\"widget\" data-widget_type=\"heading.default\">\n\t\t\t\t\t<h4 class=\"elementor-heading-title elementor-size-default\">Dans quels cas peut-on poser des implants ?<\/h4>\t\t\t\t<\/div>\n\t\t\t\t<div class=\"elementor-element elementor-element-d02e6cf elementor-widget elementor-widget-text-editor\" data-id=\"d02e6cf\" data-element_type=\"widget\" data-e-type=\"widget\" data-widget_type=\"text-editor.default\">\n\t\t\t\t\t\t\t\t\t<p data-start=\"0\" data-end=\"185\">Il est important de se rappeler que les dents nous aident non seulement \u00e0 m\u00e2cher les aliments, mais influencent \u00e9galement notre parole, notre apparence et m\u00eame notre charisme personnel.<\/p><p data-start=\"187\" data-end=\"255\">Les implants dentaires peuvent \u00eatre utilis\u00e9s dans les cas suivants :<\/p><p data-start=\"257\" data-end=\"354\" data-is-last-node=\"\" data-is-only-node=\"\">\u2014 Perte d\u2019une dent<br data-start=\"275\" data-end=\"278\" \/>\u2014 Absence de plusieurs dents<br data-start=\"306\" data-end=\"309\" data-is-only-node=\"\" \/>\u2014 Adentement complet (perte totale des dents)<\/p>\t\t\t\t\t\t\t\t<\/div>\n\t\t\t\t<div class=\"elementor-element elementor-element-af73e28 elementor-widget elementor-widget-heading\" data-id=\"af73e28\" data-element_type=\"widget\" data-e-type=\"widget\" data-widget_type=\"heading.default\">\n\t\t\t\t\t<h4 class=\"elementor-heading-title elementor-size-default\">Quels sont les avantages des implants dentaires ?<\/h4>\t\t\t\t<\/div>\n\t\t\t\t<div class=\"elementor-element elementor-element-edc22f2 elementor-widget elementor-widget-text-editor\" data-id=\"edc22f2\" data-element_type=\"widget\" data-e-type=\"widget\" data-widget_type=\"text-editor.default\">\n\t\t\t\t\t\t\t\t\t<p data-start=\"0\" data-end=\"51\">Les implants sont solides, confortables et fiables.<\/p><p data-start=\"53\" data-end=\"296\">Les proth\u00e8ses soutenues par des implants constituent l\u2019alternative la plus naturelle aux dents r\u00e9elles.<br data-start=\"156\" data-end=\"159\" \/>Un des principaux avantages des implants est qu\u2019ils ne n\u00e9cessitent pas de toucher ou de tailler les dents saines lors de la restauration.<\/p><p data-start=\"298\" data-end=\"406\">De plus, compar\u00e9s \u00e0 d\u2019autres solutions proth\u00e9tiques, les implants ont une dur\u00e9e de vie beaucoup plus longue.<\/p><p data-start=\"408\" data-end=\"467\">Le traitement implantaire est particuli\u00e8rement utile pour :<\/p><p data-start=\"469\" data-end=\"674\">\u2014 Les patients ayant perdu la possibilit\u00e9 d\u2019utiliser des proth\u00e8ses fixes en raison de la perte de plusieurs dents<br data-start=\"582\" data-end=\"585\" \/>\u2014 Les patients dont les proth\u00e8ses amovibles sont mal fix\u00e9es en raison d\u2019une perte osseuse<\/p><p data-start=\"676\" data-end=\"886\">Avec l\u2019allongement de la dur\u00e9e de vie et l\u2019importance croissante de la qualit\u00e9 de vie, de plus en plus de personnes recherchent des solutions permanentes offrant confort et fonctionnalit\u00e9 jusqu\u2019\u00e0 un \u00e2ge avanc\u00e9.<\/p><p data-start=\"888\" data-end=\"1027\" data-is-last-node=\"\" data-is-only-node=\"\">D\u00e8s le plus jeune \u00e2ge, personne ne souhaite d\u00e9pendre de proth\u00e8ses amovibles \u2014 c\u2019est l\u00e0 que les implants deviennent une excellente solution.<\/p>\t\t\t\t\t\t\t\t<\/div>\n\t\t\t\t<\/div>\n\t\t\t\t<\/div>\n\t\t\t\t\t<\/div>\n\t\t\t\t<\/div>\n\t\t<div class=\"elementor-element elementor-element-79e98caa e-flex e-con-boxed e-con e-parent\" data-id=\"79e98caa\" data-element_type=\"container\" data-e-type=\"container\">\n\t\t\t\t\t<div class=\"e-con-inner\">\n\t\t<div class=\"elementor-element elementor-element-520f657e e-con-full e-flex e-con e-child\" data-id=\"520f657e\" data-element_type=\"container\" data-e-type=\"container\">\n\t\t\t\t<div class=\"elementor-element elementor-element-5f95949f elementor-widget elementor-widget-image\" data-id=\"5f95949f\" data-element_type=\"widget\" data-e-type=\"widget\" data-widget_type=\"image.default\">\n\t\t\t\t\t\t\t\t\t\t\t\t\t\t\t<img decoding=\"async\" src=\"https:\/\/bosphoriadentalclinic.com\/wp-content\/uploads\/2025\/06\/vecteezy_phone-call-icon-old-telephone-icon-calling-phone_26494837-scaled.png\" title=\"\" alt=\"\" loading=\"lazy\" \/>\t\t\t\t\t\t\t\t\t\t\t\t\t\t\t<\/div>\n\t\t\t\t<div class=\"elementor-element elementor-element-6ebb82d0 elementor-widget elementor-widget-text-editor\" data-id=\"6ebb82d0\" data-element_type=\"widget\" data-e-type=\"widget\" data-widget_type=\"text-editor.default\">\n\t\t\t\t\t\t\t\t\t<article class=\"text-token-text-primary w-full\" dir=\"auto\" data-testid=\"conversation-turn-46\" data-scroll-anchor=\"false\"><div class=\"text-base my-auto mx-auto [--thread-content-margin:--spacing(4)] @[37rem]:[--thread-content-margin:--spacing(6)] @[72rem]:[--thread-content-margin:--spacing(16)] px-(--thread-content-margin)\"><div class=\"[--thread-content-max-width:32rem] @[34rem]:[--thread-content-max-width:40rem] @[64rem]:[--thread-content-max-width:48rem] mx-auto flex max-w-(--thread-content-max-width) flex-1 text-base gap-4 md:gap-5 lg:gap-6 group\/turn-messages focus-visible:outline-hidden\" tabindex=\"-1\"><div class=\"group\/conversation-turn relative flex w-full min-w-0 flex-col agent-turn\"><div class=\"relative flex-col gap-1 md:gap-3\"><div class=\"flex max-w-full flex-col grow\"><div class=\"min-h-8 text-message relative flex w-full flex-col items-end gap-2 text-start break-words whitespace-normal [.text-message+&amp;]:mt-5\" dir=\"auto\" data-message-author-role=\"assistant\" data-message-id=\"20b53b20-7fa1-4732-970d-dd06e42432d8\" data-message-model-slug=\"gpt-4-1-mini\"><div class=\"flex w-full flex-col gap-1 empty:hidden first:pt-[3px]\"><div class=\"markdown prose dark:prose-invert w-full break-words dark\"><p data-start=\"21\" data-end=\"46\" data-is-last-node=\"\" data-is-only-node=\"\">Contactez notre \u00e9quipe<\/p><\/div><\/div><\/div><\/div><\/div><\/div><\/div><\/div><\/article>\t\t\t\t\t\t\t\t<\/div>\n\t\t\t\t<\/div>\n\t\t<div class=\"elementor-element elementor-element-5f1a1bc7 e-con-full e-flex e-con e-child\" data-id=\"5f1a1bc7\" data-element_type=\"container\" data-e-type=\"container\">\n\t\t\t\t<div class=\"elementor-element elementor-element-7dfa8f90 elementor-widget elementor-widget-image\" data-id=\"7dfa8f90\" data-element_type=\"widget\" data-e-type=\"widget\" data-widget_type=\"image.default\">\n\t\t\t\t\t\t\t\t\t\t\t\t\t\t\t<img decoding=\"async\" src=\"https:\/\/bosphoriadentalclinic.com\/wp-content\/uploads\/2025\/06\/pngtree-consultant-line-icon-png-image_9063183.png\" title=\"\" alt=\"\" loading=\"lazy\" \/>\t\t\t\t\t\t\t\t\t\t\t\t\t\t\t<\/div>\n\t\t\t\t<div class=\"elementor-element elementor-element-7512b96a elementor-widget elementor-widget-text-editor\" data-id=\"7512b96a\" data-element_type=\"widget\" data-e-type=\"widget\" data-widget_type=\"text-editor.default\">\n\t\t\t\t\t\t\t\t\t<p>Consultation gratuite<\/p>\t\t\t\t\t\t\t\t<\/div>\n\t\t\t\t<\/div>\n\t\t<div class=\"elementor-element elementor-element-6318e34c e-con-full e-flex e-con e-child\" data-id=\"6318e34c\" data-element_type=\"container\" data-e-type=\"container\">\n\t\t\t\t<div class=\"elementor-element elementor-element-437c5132 elementor-widget elementor-widget-image\" data-id=\"437c5132\" data-element_type=\"widget\" data-e-type=\"widget\" data-widget_type=\"image.default\">\n\t\t\t\t\t\t\t\t\t\t\t\t\t\t\t<img decoding=\"async\" src=\"https:\/\/bosphoriadentalclinic.com\/wp-content\/uploads\/2025\/06\/treatment-plan.png\" title=\"\" alt=\"\" loading=\"lazy\" \/>\t\t\t\t\t\t\t\t\t\t\t\t\t\t\t<\/div>\n\t\t\t\t<div class=\"elementor-element elementor-element-4963df74 elementor-widget elementor-widget-text-editor\" data-id=\"4963df74\" data-element_type=\"widget\" data-e-type=\"widget\" data-widget_type=\"text-editor.default\">\n\t\t\t\t\t\t\t\t\t<p>Plan de traitement<\/p>\t\t\t\t\t\t\t\t<\/div>\n\t\t\t\t<\/div>\n\t\t<div class=\"elementor-element elementor-element-edd0f54 e-con-full e-flex e-con e-child\" data-id=\"edd0f54\" data-element_type=\"container\" data-e-type=\"container\">\n\t\t\t\t<div class=\"elementor-element elementor-element-6657a7ea elementor-widget elementor-widget-image\" data-id=\"6657a7ea\" data-element_type=\"widget\" data-e-type=\"widget\" data-widget_type=\"image.default\">\n\t\t\t\t\t\t\t\t\t\t\t\t\t\t\t<img decoding=\"async\" src=\"https:\/\/bosphoriadentalclinic.com\/wp-content\/uploads\/2025\/06\/smile-icon.png\" title=\"\" alt=\"\" loading=\"lazy\" \/>\t\t\t\t\t\t\t\t\t\t\t\t\t\t\t<\/div>\n\t\t\t\t<div class=\"elementor-element elementor-element-637b80f4 elementor-widget elementor-widget-text-editor\" data-id=\"637b80f4\" data-element_type=\"widget\" data-e-type=\"widget\" data-widget_type=\"text-editor.default\">\n\t\t\t\t\t\t\t\t\t<p>La voici ! Un sourire \u00e9clatant.<\/p>\t\t\t\t\t\t\t\t<\/div>\n\t\t\t\t<\/div>\n\t\t\t\t\t<\/div>\n\t\t\t\t<\/div>\n\t\t\t\t<\/div>\n\t\t","protected":false},"excerpt":{"rendered":"<p>Implant Qu\u2019est-ce que les implants dentaires ? Les implants dentaires se composent de trois parties principales : une vis en titane, un pilier et des composants proth\u00e9tiques. La vis en titane est ins\u00e9r\u00e9e dans l\u2019os de la m\u00e2choire et remplace la racine naturelle du dent, ce qui en fait la meilleure alternative aux racines dentaires [&hellip;]<\/p>\n","protected":false},"author":1,"featured_media":0,"parent":0,"menu_order":0,"comment_status":"closed","ping_status":"closed","template":"page-full-width.php","meta":{"footnotes":""},"class_list":["post-7537","page","type-page","status-publish","hentry"],"yoast_head":"<!-- This site is optimized with the Yoast SEO plugin v27.4 - https:\/\/yoast.com\/product\/yoast-seo-wordpress\/ -->\n<title>Implant Dentaire - Clinique Dentaire Bosphoria<\/title>\n<meta name=\"description\" content=\"Restore your smile with dental implants natural look, secure fit, and long-lasting comfort. Eat, speak, and smile with confidence.\" \/>\n<meta name=\"robots\" content=\"index, follow, max-snippet:-1, max-image-preview:large, max-video-preview:-1\" \/>\n<link rel=\"canonical\" href=\"https:\/\/bosphoriadentalclinic.com\/fr\/implant-dentaire\/\" \/>\n<meta property=\"og:locale\" content=\"tr_TR\" \/>\n<meta property=\"og:type\" content=\"article\" \/>\n<meta property=\"og:title\" content=\"Implant Dentaire - Clinique Dentaire Bosphoria\" \/>\n<meta property=\"og:description\" content=\"Restore your smile with dental implants natural look, secure fit, and long-lasting comfort. Eat, speak, and smile with confidence.\" \/>\n<meta property=\"og:url\" content=\"https:\/\/bosphoriadentalclinic.com\/fr\/implant-dentaire\/\" \/>\n<meta property=\"og:site_name\" content=\"Clinique Dentaire Bosphoria\" \/>\n<meta property=\"article:modified_time\" content=\"2025-08-05T09:42:11+00:00\" \/>\n<meta property=\"og:image\" content=\"https:\/\/bosphoriadentalclinic.com\/wp-content\/uploads\/2025\/06\/implant-banner.png\" \/>\n<meta name=\"twitter:card\" content=\"summary_large_image\" \/>\n<meta name=\"twitter:label1\" content=\"Tahmini okuma s\u00fcresi\" \/>\n\t<meta name=\"twitter:data1\" content=\"3 dakika\" \/>\n<script type=\"application\/ld+json\" class=\"yoast-schema-graph\">{\"@context\":\"https:\\\/\\\/schema.org\",\"@graph\":[{\"@type\":\"WebPage\",\"@id\":\"https:\\\/\\\/bosphoriadentalclinic.com\\\/fr\\\/implant-dentaire\\\/\",\"url\":\"https:\\\/\\\/bosphoriadentalclinic.com\\\/fr\\\/implant-dentaire\\\/\",\"name\":\"Implant Dentaire - Clinique Dentaire Bosphoria\",\"isPartOf\":{\"@id\":\"https:\\\/\\\/bosphoriadentalclinic.com\\\/fr\\\/#website\"},\"primaryImageOfPage\":{\"@id\":\"https:\\\/\\\/bosphoriadentalclinic.com\\\/fr\\\/implant-dentaire\\\/#primaryimage\"},\"image\":{\"@id\":\"https:\\\/\\\/bosphoriadentalclinic.com\\\/fr\\\/implant-dentaire\\\/#primaryimage\"},\"thumbnailUrl\":\"https:\\\/\\\/bosphoriadentalclinic.com\\\/wp-content\\\/uploads\\\/2025\\\/06\\\/implant-banner.png\",\"datePublished\":\"2025-06-17T12:41:38+00:00\",\"dateModified\":\"2025-08-05T09:42:11+00:00\",\"description\":\"Restore your smile with dental implants natural look, secure fit, and long-lasting comfort. Eat, speak, and smile with confidence.\",\"breadcrumb\":{\"@id\":\"https:\\\/\\\/bosphoriadentalclinic.com\\\/fr\\\/implant-dentaire\\\/#breadcrumb\"},\"inLanguage\":\"tr\",\"potentialAction\":[{\"@type\":\"ReadAction\",\"target\":[\"https:\\\/\\\/bosphoriadentalclinic.com\\\/fr\\\/implant-dentaire\\\/\"]}]},{\"@type\":\"ImageObject\",\"inLanguage\":\"tr\",\"@id\":\"https:\\\/\\\/bosphoriadentalclinic.com\\\/fr\\\/implant-dentaire\\\/#primaryimage\",\"url\":\"https:\\\/\\\/bosphoriadentalclinic.com\\\/wp-content\\\/uploads\\\/2025\\\/06\\\/implant-banner.png\",\"contentUrl\":\"https:\\\/\\\/bosphoriadentalclinic.com\\\/wp-content\\\/uploads\\\/2025\\\/06\\\/implant-banner.png\"},{\"@type\":\"BreadcrumbList\",\"@id\":\"https:\\\/\\\/bosphoriadentalclinic.com\\\/fr\\\/implant-dentaire\\\/#breadcrumb\",\"itemListElement\":[{\"@type\":\"ListItem\",\"position\":1,\"name\":\"Anasayfa\",\"item\":\"https:\\\/\\\/bosphoriadentalclinic.com\\\/fr\\\/\"},{\"@type\":\"ListItem\",\"position\":2,\"name\":\"Implant Dentaire\"}]},{\"@type\":\"WebSite\",\"@id\":\"https:\\\/\\\/bosphoriadentalclinic.com\\\/fr\\\/#website\",\"url\":\"https:\\\/\\\/bosphoriadentalclinic.com\\\/fr\\\/\",\"name\":\"Clinique Dentaire Bosphoria\",\"description\":\"Souriez avec Bosphoria\",\"publisher\":{\"@id\":\"https:\\\/\\\/bosphoriadentalclinic.com\\\/fr\\\/#organization\"},\"potentialAction\":[{\"@type\":\"SearchAction\",\"target\":{\"@type\":\"EntryPoint\",\"urlTemplate\":\"https:\\\/\\\/bosphoriadentalclinic.com\\\/fr\\\/?s={search_term_string}\"},\"query-input\":{\"@type\":\"PropertyValueSpecification\",\"valueRequired\":true,\"valueName\":\"search_term_string\"}}],\"inLanguage\":\"tr\"},{\"@type\":\"Organization\",\"@id\":\"https:\\\/\\\/bosphoriadentalclinic.com\\\/fr\\\/#organization\",\"name\":\"Clinique Dentaire Bosphoria\",\"url\":\"https:\\\/\\\/bosphoriadentalclinic.com\\\/fr\\\/\",\"logo\":{\"@type\":\"ImageObject\",\"inLanguage\":\"tr\",\"@id\":\"https:\\\/\\\/bosphoriadentalclinic.com\\\/fr\\\/#\\\/schema\\\/logo\\\/image\\\/\",\"url\":\"https:\\\/\\\/bosphoriadentalclinic.com\\\/fr\\\/wp-content\\\/uploads\\\/sites\\\/3\\\/2025\\\/07\\\/logo-bosphoria.png\",\"contentUrl\":\"https:\\\/\\\/bosphoriadentalclinic.com\\\/fr\\\/wp-content\\\/uploads\\\/sites\\\/3\\\/2025\\\/07\\\/logo-bosphoria.png\",\"width\":1563,\"height\":469,\"caption\":\"Clinique Dentaire Bosphoria\"},\"image\":{\"@id\":\"https:\\\/\\\/bosphoriadentalclinic.com\\\/fr\\\/#\\\/schema\\\/logo\\\/image\\\/\"}}]}<\/script>\n<!-- \/ Yoast SEO plugin. -->","yoast_head_json":{"title":"Implant Dentaire - Clinique Dentaire Bosphoria","description":"Restore your smile with dental implants natural look, secure fit, and long-lasting comfort. Eat, speak, and smile with confidence.","robots":{"index":"index","follow":"follow","max-snippet":"max-snippet:-1","max-image-preview":"max-image-preview:large","max-video-preview":"max-video-preview:-1"},"canonical":"https:\/\/bosphoriadentalclinic.com\/fr\/implant-dentaire\/","og_locale":"tr_TR","og_type":"article","og_title":"Implant Dentaire - Clinique Dentaire Bosphoria","og_description":"Restore your smile with dental implants natural look, secure fit, and long-lasting comfort. Eat, speak, and smile with confidence.","og_url":"https:\/\/bosphoriadentalclinic.com\/fr\/implant-dentaire\/","og_site_name":"Clinique Dentaire Bosphoria","article_modified_time":"2025-08-05T09:42:11+00:00","og_image":[{"url":"https:\/\/bosphoriadentalclinic.com\/wp-content\/uploads\/2025\/06\/implant-banner.png","type":"","width":"","height":""}],"twitter_card":"summary_large_image","twitter_misc":{"Tahmini okuma s\u00fcresi":"3 dakika"},"schema":{"@context":"https:\/\/schema.org","@graph":[{"@type":"WebPage","@id":"https:\/\/bosphoriadentalclinic.com\/fr\/implant-dentaire\/","url":"https:\/\/bosphoriadentalclinic.com\/fr\/implant-dentaire\/","name":"Implant Dentaire - Clinique Dentaire Bosphoria","isPartOf":{"@id":"https:\/\/bosphoriadentalclinic.com\/fr\/#website"},"primaryImageOfPage":{"@id":"https:\/\/bosphoriadentalclinic.com\/fr\/implant-dentaire\/#primaryimage"},"image":{"@id":"https:\/\/bosphoriadentalclinic.com\/fr\/implant-dentaire\/#primaryimage"},"thumbnailUrl":"https:\/\/bosphoriadentalclinic.com\/wp-content\/uploads\/2025\/06\/implant-banner.png","datePublished":"2025-06-17T12:41:38+00:00","dateModified":"2025-08-05T09:42:11+00:00","description":"Restore your smile with dental implants natural look, secure fit, and long-lasting comfort. Eat, speak, and smile with confidence.","breadcrumb":{"@id":"https:\/\/bosphoriadentalclinic.com\/fr\/implant-dentaire\/#breadcrumb"},"inLanguage":"tr","potentialAction":[{"@type":"ReadAction","target":["https:\/\/bosphoriadentalclinic.com\/fr\/implant-dentaire\/"]}]},{"@type":"ImageObject","inLanguage":"tr","@id":"https:\/\/bosphoriadentalclinic.com\/fr\/implant-dentaire\/#primaryimage","url":"https:\/\/bosphoriadentalclinic.com\/wp-content\/uploads\/2025\/06\/implant-banner.png","contentUrl":"https:\/\/bosphoriadentalclinic.com\/wp-content\/uploads\/2025\/06\/implant-banner.png"},{"@type":"BreadcrumbList","@id":"https:\/\/bosphoriadentalclinic.com\/fr\/implant-dentaire\/#breadcrumb","itemListElement":[{"@type":"ListItem","position":1,"name":"Anasayfa","item":"https:\/\/bosphoriadentalclinic.com\/fr\/"},{"@type":"ListItem","position":2,"name":"Implant Dentaire"}]},{"@type":"WebSite","@id":"https:\/\/bosphoriadentalclinic.com\/fr\/#website","url":"https:\/\/bosphoriadentalclinic.com\/fr\/","name":"Clinique Dentaire Bosphoria","description":"Souriez avec Bosphoria","publisher":{"@id":"https:\/\/bosphoriadentalclinic.com\/fr\/#organization"},"potentialAction":[{"@type":"SearchAction","target":{"@type":"EntryPoint","urlTemplate":"https:\/\/bosphoriadentalclinic.com\/fr\/?s={search_term_string}"},"query-input":{"@type":"PropertyValueSpecification","valueRequired":true,"valueName":"search_term_string"}}],"inLanguage":"tr"},{"@type":"Organization","@id":"https:\/\/bosphoriadentalclinic.com\/fr\/#organization","name":"Clinique Dentaire Bosphoria","url":"https:\/\/bosphoriadentalclinic.com\/fr\/","logo":{"@type":"ImageObject","inLanguage":"tr","@id":"https:\/\/bosphoriadentalclinic.com\/fr\/#\/schema\/logo\/image\/","url":"https:\/\/bosphoriadentalclinic.com\/fr\/wp-content\/uploads\/sites\/3\/2025\/07\/logo-bosphoria.png","contentUrl":"https:\/\/bosphoriadentalclinic.com\/fr\/wp-content\/uploads\/sites\/3\/2025\/07\/logo-bosphoria.png","width":1563,"height":469,"caption":"Clinique Dentaire Bosphoria"},"image":{"@id":"https:\/\/bosphoriadentalclinic.com\/fr\/#\/schema\/logo\/image\/"}}]}},"_links":{"self":[{"href":"https:\/\/bosphoriadentalclinic.com\/fr\/wp-json\/wp\/v2\/pages\/7537","targetHints":{"allow":["GET"]}}],"collection":[{"href":"https:\/\/bosphoriadentalclinic.com\/fr\/wp-json\/wp\/v2\/pages"}],"about":[{"href":"https:\/\/bosphoriadentalclinic.com\/fr\/wp-json\/wp\/v2\/types\/page"}],"author":[{"embeddable":true,"href":"https:\/\/bosphoriadentalclinic.com\/fr\/wp-json\/wp\/v2\/users\/1"}],"replies":[{"embeddable":true,"href":"https:\/\/bosphoriadentalclinic.com\/fr\/wp-json\/wp\/v2\/comments?post=7537"}],"version-history":[{"count":26,"href":"https:\/\/bosphoriadentalclinic.com\/fr\/wp-json\/wp\/v2\/pages\/7537\/revisions"}],"predecessor-version":[{"id":9571,"href":"https:\/\/bosphoriadentalclinic.com\/fr\/wp-json\/wp\/v2\/pages\/7537\/revisions\/9571"}],"wp:attachment":[{"href":"https:\/\/bosphoriadentalclinic.com\/fr\/wp-json\/wp\/v2\/media?parent=7537"}],"curies":[{"name":"wp","href":"https:\/\/api.w.org\/{rel}","templated":true}]}}