{"id":7582,"date":"2025-06-17T13:56:00","date_gmt":"2025-06-17T13:56:00","guid":{"rendered":"https:\/\/bosphoriadentalclinic.com\/?page_id=7582"},"modified":"2025-08-05T14:13:23","modified_gmt":"2025-08-05T11:13:23","slug":"zirconium-crown","status":"publish","type":"page","link":"https:\/\/bosphoriadentalclinic.com\/fr\/zirconium-crown\/","title":{"rendered":"Couronne en zircone"},"content":{"rendered":"\t\t<div data-elementor-type=\"wp-page\" data-elementor-id=\"7582\" class=\"elementor elementor-7582\" data-elementor-post-type=\"page\">\n\t\t\t\t<div class=\"elementor-element elementor-element-45f0738 e-con-full qodef-elementor-content-grid e-flex e-con e-parent\" data-id=\"45f0738\" data-element_type=\"container\" data-e-type=\"container\" data-settings=\"{&quot;background_background&quot;:&quot;classic&quot;}\">\n\t\t\t\t<div class=\"elementor-element elementor-element-893364e elementor-widget elementor-widget-heading\" data-id=\"893364e\" data-element_type=\"widget\" data-e-type=\"widget\" data-widget_type=\"heading.default\">\n\t\t\t\t\t<h1 class=\"elementor-heading-title elementor-size-default\">Couronne en zircone<\/h1>\t\t\t\t<\/div>\n\t\t\t\t<\/div>\n\t\t<div class=\"elementor-element elementor-element-8c15e1b e-flex e-con-boxed e-con e-parent\" data-id=\"8c15e1b\" data-element_type=\"container\" data-e-type=\"container\">\n\t\t\t\t\t<div class=\"e-con-inner\">\n\t\t\t\t<div class=\"elementor-element elementor-element-3402964 elementor-widget elementor-widget-spacer\" data-id=\"3402964\" data-element_type=\"widget\" data-e-type=\"widget\" data-widget_type=\"spacer.default\">\n\t\t\t\t\t\t\t<div class=\"elementor-spacer\">\n\t\t\t<div class=\"elementor-spacer-inner\"><\/div>\n\t\t<\/div>\n\t\t\t\t\t\t<\/div>\n\t\t\t\t\t<\/div>\n\t\t\t\t<\/div>\n\t\t<div class=\"elementor-element elementor-element-f323906 qodef-elementor-content-grid e-flex e-con-boxed e-con e-parent\" data-id=\"f323906\" data-element_type=\"container\" data-e-type=\"container\" data-settings=\"{&quot;background_background&quot;:&quot;classic&quot;}\">\n\t\t\t\t\t<div class=\"e-con-inner\">\n\t\t<div class=\"elementor-element elementor-element-08e915c e-con-full e-flex e-con e-child\" data-id=\"08e915c\" data-element_type=\"container\" data-e-type=\"container\">\n\t\t\t\t<div class=\"elementor-element elementor-element-ffedc03 elementor-widget elementor-widget-heading\" data-id=\"ffedc03\" data-element_type=\"widget\" data-e-type=\"widget\" data-widget_type=\"heading.default\">\n\t\t\t\t\t<h3 class=\"elementor-heading-title elementor-size-default\">Qu\u2019est-ce qu\u2019une couronne en zircone ?<\/h3>\t\t\t\t<\/div>\n\t\t\t\t<div class=\"elementor-element elementor-element-db96c85 elementor-widget elementor-widget-text-editor\" data-id=\"db96c85\" data-element_type=\"widget\" data-e-type=\"widget\" data-widget_type=\"text-editor.default\">\n\t\t\t\t\t\t\t\t\t<p data-start=\"117\" data-end=\"532\">Comme dans d\u2019autres domaines m\u00e9dicaux, le zirconium a r\u00e9cemment commenc\u00e9 \u00e0 \u00eatre utilis\u00e9 en dentisterie.<br data-start=\"103\" data-end=\"106\" \/>Au lieu de la traditionnelle base m\u00e9tallique sous les couronnes en porcelaine, le zirconium est devenu un mat\u00e9riau de choix gr\u00e2ce \u00e0 sa solidit\u00e9 et sa ressemblance avec les dents naturelles.<br data-start=\"295\" data-end=\"298\" \/>L\u2019un de ses avantages les plus remarquables est sa capacit\u00e9 \u00e0 laisser passer la lumi\u00e8re, ce qui le rend tr\u00e8s esth\u00e9tique et adapt\u00e9 aussi bien aux dents ant\u00e9rieures qu\u2019aux dents post\u00e9rieures.<\/p>\t\t\t\t\t\t\t\t<\/div>\n\t\t\t\t<\/div>\n\t\t<div class=\"elementor-element elementor-element-01cd7a6 e-con-full e-flex e-con e-child\" data-id=\"01cd7a6\" data-element_type=\"container\" data-e-type=\"container\">\n\t\t<div class=\"elementor-element elementor-element-4cebbb2 e-con-full e-flex e-con e-child\" data-id=\"4cebbb2\" data-element_type=\"container\" data-e-type=\"container\">\n\t\t\t\t<div class=\"elementor-element elementor-element-b5d221f elementor-widget elementor-widget-heading\" data-id=\"b5d221f\" data-element_type=\"widget\" data-e-type=\"widget\" data-widget_type=\"heading.default\">\n\t\t\t\t\t<h4 class=\"elementor-heading-title elementor-size-default\">Explication des couronnes dentaires en zircone<\/h4>\t\t\t\t<\/div>\n\t\t\t\t<div class=\"elementor-element elementor-element-22f83fb elementor-widget elementor-widget-text-editor\" data-id=\"22f83fb\" data-element_type=\"widget\" data-e-type=\"widget\" data-widget_type=\"text-editor.default\">\n\t\t\t\t\t\t\t\t\t<p data-start=\"0\" data-end=\"470\">Les couronnes en zircone sont semi-transparentes, tout comme les dents naturelles. Gr\u00e2ce \u00e0 leur capacit\u00e9 \u00e0 laisser passer la lumi\u00e8re, elles ont un aspect tr\u00e8s naturel et ne provoquent pas la coloration gris-violet des gencives souvent associ\u00e9e aux couronnes en porcelaine avec base m\u00e9tallique.<br data-start=\"293\" data-end=\"296\" \/>De plus, le zirconium est biocompatible et ne cause pas d\u2019allergies, ce qui en fait une alternative plus s\u00fbre pour les patients allergiques \u00e0 d\u2019autres mat\u00e9riaux de couronnes.<\/p><p data-start=\"472\" data-end=\"977\">Le zirconium est un m\u00e9tal blanc, r\u00e9sistant \u00e0 la chaleur, qui a gagn\u00e9 en popularit\u00e9 ces derni\u00e8res ann\u00e9es gr\u00e2ce \u00e0 ses avantages esth\u00e9tiques et fonctionnels.<br data-start=\"626\" data-end=\"629\" \/>Les couronnes en zircone se d\u00e9clinent en deux types : avec base m\u00e9tallique et sans m\u00e9tal (structure enti\u00e8rement en zircone).<br data-start=\"753\" data-end=\"756\" data-is-only-node=\"\" \/>Bien que les couronnes avec base m\u00e9tallique soient g\u00e9n\u00e9ralement plus r\u00e9sistantes, les couronnes en zircone offrent un aspect plus naturel gr\u00e2ce \u00e0 leur translucidit\u00e9 et ne cr\u00e9ent pas de ligne sombre au niveau des gencives.<\/p><p data-start=\"979\" data-end=\"1253\" data-is-last-node=\"\" data-is-only-node=\"\">Les patients allergiques aux m\u00e9taux peuvent utiliser les couronnes en zircone sans effets secondaires.<br data-start=\"1081\" data-end=\"1084\" \/>Beaucoup expriment leur satisfaction quant \u00e0 la transparence naturelle des couronnes en zircone et \u00e0 l\u2019apparence nette et blanche de la ligne gingivale apr\u00e8s traitement.<\/p>\t\t\t\t\t\t\t\t<\/div>\n\t\t\t\t<\/div>\n\t\t\t\t<\/div>\n\t\t<div class=\"elementor-element elementor-element-3b1e059 e-con-full e-flex e-con e-child\" data-id=\"3b1e059\" data-element_type=\"container\" data-e-type=\"container\">\n\t\t<div class=\"elementor-element elementor-element-84fbb42 e-con-full e-flex e-con e-child\" data-id=\"84fbb42\" data-element_type=\"container\" data-e-type=\"container\">\n\t\t\t\t<div class=\"elementor-element elementor-element-028a8d7 elementor-widget elementor-widget-heading\" data-id=\"028a8d7\" data-element_type=\"widget\" data-e-type=\"widget\" data-widget_type=\"heading.default\">\n\t\t\t\t\t<h4 class=\"elementor-heading-title elementor-size-default\">Avantages des couronnes en zircone<\/h4>\t\t\t\t<\/div>\n\t\t\t\t<div class=\"elementor-element elementor-element-8232060 elementor-widget elementor-widget-text-editor\" data-id=\"8232060\" data-element_type=\"widget\" data-e-type=\"widget\" data-widget_type=\"text-editor.default\">\n\t\t\t\t\t\t\t\t\t<p data-start=\"0\" data-end=\"181\">L\u2019aspect blanc et semi-transparent du zirconium, associ\u00e9 \u00e0 sa grande r\u00e9sistance \u00e0 la pression et aux forces masticatoires, rend les couronnes en zircone tr\u00e8s solides et esth\u00e9tiques.<\/p><p data-start=\"183\" data-end=\"326\" data-is-last-node=\"\" data-is-only-node=\"\">C\u2019est pourquoi elles sont devenues de plus en plus populaires ces derni\u00e8res ann\u00e9es, offrant d\u2019excellents r\u00e9sultats fonctionnels et esth\u00e9tiques.<\/p>\t\t\t\t\t\t\t\t<\/div>\n\t\t\t\t<\/div>\n\t\t\t\t<\/div>\n\t\t<div class=\"elementor-element elementor-element-b0b8604 e-con-full e-flex e-con e-child\" data-id=\"b0b8604\" data-element_type=\"container\" data-e-type=\"container\">\n\t\t<div class=\"elementor-element elementor-element-5567da5 e-con-full e-flex e-con e-child\" data-id=\"5567da5\" data-element_type=\"container\" data-e-type=\"container\">\n\t\t\t\t<div class=\"elementor-element elementor-element-5c55fd7 elementor-widget elementor-widget-heading\" data-id=\"5c55fd7\" data-element_type=\"widget\" data-e-type=\"widget\" data-widget_type=\"heading.default\">\n\t\t\t\t\t<h4 class=\"elementor-heading-title elementor-size-default\">Faits essentiels sur le zirconium<\/h4>\t\t\t\t<\/div>\n\t\t\t\t<div class=\"elementor-element elementor-element-817c9d1 elementor-widget elementor-widget-text-editor\" data-id=\"817c9d1\" data-element_type=\"widget\" data-e-type=\"widget\" data-widget_type=\"text-editor.default\">\n\t\t\t\t\t\t\t\t\t<p data-start=\"0\" data-end=\"364\">Le zirconium est un m\u00e9tal blanc extrait de sources naturelles, ressemblant au granite. En dentisterie, il est connu sous la marque Cercon et utilis\u00e9 comme armature pour les couronnes et ponts recouverts de porcelaine. Ces syst\u00e8mes peuvent atteindre une r\u00e9sistance allant jusqu\u2019\u00e0 900 MPa, offrant l\u2019une des durabilit\u00e9s les plus \u00e9lev\u00e9es en dentisterie restauratrice.<\/p><p data-start=\"366\" data-end=\"744\" data-is-last-node=\"\" data-is-only-node=\"\">Gr\u00e2ce \u00e0 sa biocompatibilit\u00e9, son isolation thermique et sa r\u00e9sistance \u00e0 la coloration des gencives, le zirconium est consid\u00e9r\u00e9 comme une avanc\u00e9e majeure dans les m\u00e9thodes dentaires modernes. Il ne provoque pas de sensibilit\u00e9 au chaud ou au froid, s\u2019int\u00e8gre bien aux tissus gingivaux et ne d\u00e9clenche pas de r\u00e9actions allergiques \u2014 ce qui le rend id\u00e9al pour un usage \u00e0 long terme.<\/p>\t\t\t\t\t\t\t\t<\/div>\n\t\t\t\t<\/div>\n\t\t\t\t<\/div>\n\t\t\t\t\t<\/div>\n\t\t\t\t<\/div>\n\t\t<div class=\"elementor-element elementor-element-bac747e e-flex e-con-boxed e-con e-parent\" data-id=\"bac747e\" data-element_type=\"container\" data-e-type=\"container\">\n\t\t\t\t\t<div class=\"e-con-inner\">\n\t\t<div class=\"elementor-element elementor-element-d527289 e-con-full e-flex e-con e-child\" data-id=\"d527289\" data-element_type=\"container\" data-e-type=\"container\">\n\t\t<div class=\"elementor-element elementor-element-b58c271 e-con-full e-flex e-con e-child\" data-id=\"b58c271\" data-element_type=\"container\" data-e-type=\"container\">\n\t\t\t\t<div class=\"elementor-element elementor-element-9870bbf elementor-widget elementor-widget-image\" data-id=\"9870bbf\" data-element_type=\"widget\" data-e-type=\"widget\" data-widget_type=\"image.default\">\n\t\t\t\t\t\t\t\t\t\t\t\t\t\t\t<img decoding=\"async\" src=\"https:\/\/bosphoriadentalclinic.com\/wp-content\/uploads\/2025\/06\/vecteezy_phone-call-icon-old-telephone-icon-calling-phone_26494837-scaled.png\" title=\"\" alt=\"\" loading=\"lazy\" \/>\t\t\t\t\t\t\t\t\t\t\t\t\t\t\t<\/div>\n\t\t\t\t<div class=\"elementor-element elementor-element-a2164d1 elementor-widget elementor-widget-text-editor\" data-id=\"a2164d1\" data-element_type=\"widget\" data-e-type=\"widget\" data-widget_type=\"text-editor.default\">\n\t\t\t\t\t\t\t\t\t<article class=\"text-token-text-primary w-full\" dir=\"auto\" data-testid=\"conversation-turn-46\" data-scroll-anchor=\"false\"><div class=\"text-base my-auto mx-auto [--thread-content-margin:--spacing(4)] @[37rem]:[--thread-content-margin:--spacing(6)] @[72rem]:[--thread-content-margin:--spacing(16)] px-(--thread-content-margin)\"><div class=\"[--thread-content-max-width:32rem] @[34rem]:[--thread-content-max-width:40rem] @[64rem]:[--thread-content-max-width:48rem] mx-auto flex max-w-(--thread-content-max-width) flex-1 text-base gap-4 md:gap-5 lg:gap-6 group\/turn-messages focus-visible:outline-hidden\" tabindex=\"-1\"><div class=\"group\/conversation-turn relative flex w-full min-w-0 flex-col agent-turn\"><div class=\"relative flex-col gap-1 md:gap-3\"><div class=\"flex max-w-full flex-col grow\"><div class=\"min-h-8 text-message relative flex w-full flex-col items-end gap-2 text-start break-words whitespace-normal [.text-message+&amp;]:mt-5\" dir=\"auto\" data-message-author-role=\"assistant\" data-message-id=\"20b53b20-7fa1-4732-970d-dd06e42432d8\" data-message-model-slug=\"gpt-4-1-mini\"><div class=\"flex w-full flex-col gap-1 empty:hidden first:pt-[3px]\"><div class=\"markdown prose dark:prose-invert w-full break-words dark\"><p data-start=\"21\" data-end=\"46\" data-is-last-node=\"\" data-is-only-node=\"\">Contactez notre \u00e9quipe<\/p><\/div><\/div><\/div><\/div><\/div><\/div><\/div><\/div><\/article>\t\t\t\t\t\t\t\t<\/div>\n\t\t\t\t<\/div>\n\t\t<div class=\"elementor-element elementor-element-35971c1 e-con-full e-flex e-con e-child\" data-id=\"35971c1\" data-element_type=\"container\" data-e-type=\"container\">\n\t\t\t\t<div class=\"elementor-element elementor-element-ef0e3af elementor-widget elementor-widget-image\" data-id=\"ef0e3af\" data-element_type=\"widget\" data-e-type=\"widget\" data-widget_type=\"image.default\">\n\t\t\t\t\t\t\t\t\t\t\t\t\t\t\t<img decoding=\"async\" src=\"https:\/\/bosphoriadentalclinic.com\/wp-content\/uploads\/2025\/06\/pngtree-consultant-line-icon-png-image_9063183.png\" title=\"\" alt=\"\" loading=\"lazy\" \/>\t\t\t\t\t\t\t\t\t\t\t\t\t\t\t<\/div>\n\t\t\t\t<div class=\"elementor-element elementor-element-61603d7 elementor-widget elementor-widget-text-editor\" data-id=\"61603d7\" data-element_type=\"widget\" data-e-type=\"widget\" data-widget_type=\"text-editor.default\">\n\t\t\t\t\t\t\t\t\t<p>Consultation gratuite<\/p>\t\t\t\t\t\t\t\t<\/div>\n\t\t\t\t<\/div>\n\t\t<div class=\"elementor-element elementor-element-56113bb e-con-full e-flex e-con e-child\" data-id=\"56113bb\" data-element_type=\"container\" data-e-type=\"container\">\n\t\t\t\t<div class=\"elementor-element elementor-element-82202d6 elementor-widget elementor-widget-image\" data-id=\"82202d6\" data-element_type=\"widget\" data-e-type=\"widget\" data-widget_type=\"image.default\">\n\t\t\t\t\t\t\t\t\t\t\t\t\t\t\t<img decoding=\"async\" src=\"https:\/\/bosphoriadentalclinic.com\/wp-content\/uploads\/2025\/06\/treatment-plan.png\" title=\"\" alt=\"\" loading=\"lazy\" \/>\t\t\t\t\t\t\t\t\t\t\t\t\t\t\t<\/div>\n\t\t\t\t<div class=\"elementor-element elementor-element-b214cac elementor-widget elementor-widget-text-editor\" data-id=\"b214cac\" data-element_type=\"widget\" data-e-type=\"widget\" data-widget_type=\"text-editor.default\">\n\t\t\t\t\t\t\t\t\t<p>Plan de traitement<\/p>\t\t\t\t\t\t\t\t<\/div>\n\t\t\t\t<\/div>\n\t\t<div class=\"elementor-element elementor-element-41c5c4e e-con-full e-flex e-con e-child\" data-id=\"41c5c4e\" data-element_type=\"container\" data-e-type=\"container\">\n\t\t\t\t<div class=\"elementor-element elementor-element-14c6b7c elementor-widget elementor-widget-image\" data-id=\"14c6b7c\" data-element_type=\"widget\" data-e-type=\"widget\" data-widget_type=\"image.default\">\n\t\t\t\t\t\t\t\t\t\t\t\t\t\t\t<img decoding=\"async\" src=\"https:\/\/bosphoriadentalclinic.com\/wp-content\/uploads\/2025\/06\/smile-icon.png\" title=\"\" alt=\"\" loading=\"lazy\" \/>\t\t\t\t\t\t\t\t\t\t\t\t\t\t\t<\/div>\n\t\t\t\t<div class=\"elementor-element elementor-element-6206de6 elementor-widget elementor-widget-text-editor\" data-id=\"6206de6\" data-element_type=\"widget\" data-e-type=\"widget\" data-widget_type=\"text-editor.default\">\n\t\t\t\t\t\t\t\t\t<p>La voici ! Un sourire \u00e9clatant.<\/p>\t\t\t\t\t\t\t\t<\/div>\n\t\t\t\t<\/div>\n\t\t\t\t<\/div>\n\t\t\t\t\t<\/div>\n\t\t\t\t<\/div>\n\t\t\t\t<\/div>\n\t\t","protected":false},"excerpt":{"rendered":"<p>Couronne en zircone Qu\u2019est-ce qu\u2019une couronne en zircone ? Comme dans d\u2019autres domaines m\u00e9dicaux, le zirconium a r\u00e9cemment commenc\u00e9 \u00e0 \u00eatre utilis\u00e9 en dentisterie.Au lieu de la traditionnelle base m\u00e9tallique sous les couronnes en porcelaine, le zirconium est devenu un mat\u00e9riau de choix gr\u00e2ce \u00e0 sa solidit\u00e9 et sa ressemblance avec les dents naturelles.L\u2019un de [&hellip;]<\/p>\n","protected":false},"author":1,"featured_media":0,"parent":0,"menu_order":0,"comment_status":"closed","ping_status":"closed","template":"page-full-width.php","meta":{"footnotes":""},"class_list":["post-7582","page","type-page","status-publish","hentry"],"yoast_head":"<!-- This site is optimized with the Yoast SEO plugin v27.4 - https:\/\/yoast.com\/product\/yoast-seo-wordpress\/ -->\n<title>Couronne en zircone - Clinique Dentaire Bosphoria<\/title>\n<meta name=\"description\" content=\"Experience durable and natural-looking smiles with zirconium crowns. High strength and excellent aesthetics for long-lasting dental care.\" \/>\n<meta name=\"robots\" content=\"index, follow, max-snippet:-1, max-image-preview:large, max-video-preview:-1\" \/>\n<link rel=\"canonical\" href=\"https:\/\/bosphoriadentalclinic.com\/fr\/zirconium-crown\/\" \/>\n<meta property=\"og:locale\" content=\"tr_TR\" \/>\n<meta property=\"og:type\" content=\"article\" \/>\n<meta property=\"og:title\" content=\"Couronne en zircone - Clinique Dentaire Bosphoria\" \/>\n<meta property=\"og:description\" content=\"Experience durable and natural-looking smiles with zirconium crowns. High strength and excellent aesthetics for long-lasting dental care.\" \/>\n<meta property=\"og:url\" content=\"https:\/\/bosphoriadentalclinic.com\/fr\/zirconium-crown\/\" \/>\n<meta property=\"og:site_name\" content=\"Clinique Dentaire Bosphoria\" \/>\n<meta property=\"article:modified_time\" content=\"2025-08-05T11:13:23+00:00\" \/>\n<meta property=\"og:image\" content=\"https:\/\/bosphoriadentalclinic.com\/wp-content\/uploads\/2025\/06\/vecteezy_phone-call-icon-old-telephone-icon-calling-phone_26494837-scaled.png\" \/>\n<meta name=\"twitter:card\" content=\"summary_large_image\" \/>\n<meta name=\"twitter:label1\" content=\"Tahmini okuma s\u00fcresi\" \/>\n\t<meta name=\"twitter:data1\" content=\"3 dakika\" \/>\n<script type=\"application\/ld+json\" class=\"yoast-schema-graph\">{\"@context\":\"https:\\\/\\\/schema.org\",\"@graph\":[{\"@type\":\"WebPage\",\"@id\":\"https:\\\/\\\/bosphoriadentalclinic.com\\\/fr\\\/zirconium-crown\\\/\",\"url\":\"https:\\\/\\\/bosphoriadentalclinic.com\\\/fr\\\/zirconium-crown\\\/\",\"name\":\"Couronne en zircone - Clinique Dentaire Bosphoria\",\"isPartOf\":{\"@id\":\"https:\\\/\\\/bosphoriadentalclinic.com\\\/fr\\\/#website\"},\"primaryImageOfPage\":{\"@id\":\"https:\\\/\\\/bosphoriadentalclinic.com\\\/fr\\\/zirconium-crown\\\/#primaryimage\"},\"image\":{\"@id\":\"https:\\\/\\\/bosphoriadentalclinic.com\\\/fr\\\/zirconium-crown\\\/#primaryimage\"},\"thumbnailUrl\":\"https:\\\/\\\/bosphoriadentalclinic.com\\\/wp-content\\\/uploads\\\/2025\\\/06\\\/vecteezy_phone-call-icon-old-telephone-icon-calling-phone_26494837-scaled.png\",\"datePublished\":\"2025-06-17T13:56:00+00:00\",\"dateModified\":\"2025-08-05T11:13:23+00:00\",\"description\":\"Experience durable and natural-looking smiles with zirconium crowns. High strength and excellent aesthetics for long-lasting dental care.\",\"breadcrumb\":{\"@id\":\"https:\\\/\\\/bosphoriadentalclinic.com\\\/fr\\\/zirconium-crown\\\/#breadcrumb\"},\"inLanguage\":\"tr\",\"potentialAction\":[{\"@type\":\"ReadAction\",\"target\":[\"https:\\\/\\\/bosphoriadentalclinic.com\\\/fr\\\/zirconium-crown\\\/\"]}]},{\"@type\":\"ImageObject\",\"inLanguage\":\"tr\",\"@id\":\"https:\\\/\\\/bosphoriadentalclinic.com\\\/fr\\\/zirconium-crown\\\/#primaryimage\",\"url\":\"https:\\\/\\\/bosphoriadentalclinic.com\\\/wp-content\\\/uploads\\\/2025\\\/06\\\/vecteezy_phone-call-icon-old-telephone-icon-calling-phone_26494837-scaled.png\",\"contentUrl\":\"https:\\\/\\\/bosphoriadentalclinic.com\\\/wp-content\\\/uploads\\\/2025\\\/06\\\/vecteezy_phone-call-icon-old-telephone-icon-calling-phone_26494837-scaled.png\"},{\"@type\":\"BreadcrumbList\",\"@id\":\"https:\\\/\\\/bosphoriadentalclinic.com\\\/fr\\\/zirconium-crown\\\/#breadcrumb\",\"itemListElement\":[{\"@type\":\"ListItem\",\"position\":1,\"name\":\"Anasayfa\",\"item\":\"https:\\\/\\\/bosphoriadentalclinic.com\\\/fr\\\/\"},{\"@type\":\"ListItem\",\"position\":2,\"name\":\"Couronne en zircone\"}]},{\"@type\":\"WebSite\",\"@id\":\"https:\\\/\\\/bosphoriadentalclinic.com\\\/fr\\\/#website\",\"url\":\"https:\\\/\\\/bosphoriadentalclinic.com\\\/fr\\\/\",\"name\":\"Clinique Dentaire Bosphoria\",\"description\":\"Souriez avec Bosphoria\",\"publisher\":{\"@id\":\"https:\\\/\\\/bosphoriadentalclinic.com\\\/fr\\\/#organization\"},\"potentialAction\":[{\"@type\":\"SearchAction\",\"target\":{\"@type\":\"EntryPoint\",\"urlTemplate\":\"https:\\\/\\\/bosphoriadentalclinic.com\\\/fr\\\/?s={search_term_string}\"},\"query-input\":{\"@type\":\"PropertyValueSpecification\",\"valueRequired\":true,\"valueName\":\"search_term_string\"}}],\"inLanguage\":\"tr\"},{\"@type\":\"Organization\",\"@id\":\"https:\\\/\\\/bosphoriadentalclinic.com\\\/fr\\\/#organization\",\"name\":\"Clinique Dentaire Bosphoria\",\"url\":\"https:\\\/\\\/bosphoriadentalclinic.com\\\/fr\\\/\",\"logo\":{\"@type\":\"ImageObject\",\"inLanguage\":\"tr\",\"@id\":\"https:\\\/\\\/bosphoriadentalclinic.com\\\/fr\\\/#\\\/schema\\\/logo\\\/image\\\/\",\"url\":\"https:\\\/\\\/bosphoriadentalclinic.com\\\/fr\\\/wp-content\\\/uploads\\\/sites\\\/3\\\/2025\\\/07\\\/logo-bosphoria.png\",\"contentUrl\":\"https:\\\/\\\/bosphoriadentalclinic.com\\\/fr\\\/wp-content\\\/uploads\\\/sites\\\/3\\\/2025\\\/07\\\/logo-bosphoria.png\",\"width\":1563,\"height\":469,\"caption\":\"Clinique Dentaire Bosphoria\"},\"image\":{\"@id\":\"https:\\\/\\\/bosphoriadentalclinic.com\\\/fr\\\/#\\\/schema\\\/logo\\\/image\\\/\"}}]}<\/script>\n<!-- \/ Yoast SEO plugin. -->","yoast_head_json":{"title":"Couronne en zircone - Clinique Dentaire Bosphoria","description":"Experience durable and natural-looking smiles with zirconium crowns. High strength and excellent aesthetics for long-lasting dental care.","robots":{"index":"index","follow":"follow","max-snippet":"max-snippet:-1","max-image-preview":"max-image-preview:large","max-video-preview":"max-video-preview:-1"},"canonical":"https:\/\/bosphoriadentalclinic.com\/fr\/zirconium-crown\/","og_locale":"tr_TR","og_type":"article","og_title":"Couronne en zircone - Clinique Dentaire Bosphoria","og_description":"Experience durable and natural-looking smiles with zirconium crowns. High strength and excellent aesthetics for long-lasting dental care.","og_url":"https:\/\/bosphoriadentalclinic.com\/fr\/zirconium-crown\/","og_site_name":"Clinique Dentaire Bosphoria","article_modified_time":"2025-08-05T11:13:23+00:00","og_image":[{"url":"https:\/\/bosphoriadentalclinic.com\/wp-content\/uploads\/2025\/06\/vecteezy_phone-call-icon-old-telephone-icon-calling-phone_26494837-scaled.png","type":"","width":"","height":""}],"twitter_card":"summary_large_image","twitter_misc":{"Tahmini okuma s\u00fcresi":"3 dakika"},"schema":{"@context":"https:\/\/schema.org","@graph":[{"@type":"WebPage","@id":"https:\/\/bosphoriadentalclinic.com\/fr\/zirconium-crown\/","url":"https:\/\/bosphoriadentalclinic.com\/fr\/zirconium-crown\/","name":"Couronne en zircone - Clinique Dentaire Bosphoria","isPartOf":{"@id":"https:\/\/bosphoriadentalclinic.com\/fr\/#website"},"primaryImageOfPage":{"@id":"https:\/\/bosphoriadentalclinic.com\/fr\/zirconium-crown\/#primaryimage"},"image":{"@id":"https:\/\/bosphoriadentalclinic.com\/fr\/zirconium-crown\/#primaryimage"},"thumbnailUrl":"https:\/\/bosphoriadentalclinic.com\/wp-content\/uploads\/2025\/06\/vecteezy_phone-call-icon-old-telephone-icon-calling-phone_26494837-scaled.png","datePublished":"2025-06-17T13:56:00+00:00","dateModified":"2025-08-05T11:13:23+00:00","description":"Experience durable and natural-looking smiles with zirconium crowns. High strength and excellent aesthetics for long-lasting dental care.","breadcrumb":{"@id":"https:\/\/bosphoriadentalclinic.com\/fr\/zirconium-crown\/#breadcrumb"},"inLanguage":"tr","potentialAction":[{"@type":"ReadAction","target":["https:\/\/bosphoriadentalclinic.com\/fr\/zirconium-crown\/"]}]},{"@type":"ImageObject","inLanguage":"tr","@id":"https:\/\/bosphoriadentalclinic.com\/fr\/zirconium-crown\/#primaryimage","url":"https:\/\/bosphoriadentalclinic.com\/wp-content\/uploads\/2025\/06\/vecteezy_phone-call-icon-old-telephone-icon-calling-phone_26494837-scaled.png","contentUrl":"https:\/\/bosphoriadentalclinic.com\/wp-content\/uploads\/2025\/06\/vecteezy_phone-call-icon-old-telephone-icon-calling-phone_26494837-scaled.png"},{"@type":"BreadcrumbList","@id":"https:\/\/bosphoriadentalclinic.com\/fr\/zirconium-crown\/#breadcrumb","itemListElement":[{"@type":"ListItem","position":1,"name":"Anasayfa","item":"https:\/\/bosphoriadentalclinic.com\/fr\/"},{"@type":"ListItem","position":2,"name":"Couronne en zircone"}]},{"@type":"WebSite","@id":"https:\/\/bosphoriadentalclinic.com\/fr\/#website","url":"https:\/\/bosphoriadentalclinic.com\/fr\/","name":"Clinique Dentaire Bosphoria","description":"Souriez avec Bosphoria","publisher":{"@id":"https:\/\/bosphoriadentalclinic.com\/fr\/#organization"},"potentialAction":[{"@type":"SearchAction","target":{"@type":"EntryPoint","urlTemplate":"https:\/\/bosphoriadentalclinic.com\/fr\/?s={search_term_string}"},"query-input":{"@type":"PropertyValueSpecification","valueRequired":true,"valueName":"search_term_string"}}],"inLanguage":"tr"},{"@type":"Organization","@id":"https:\/\/bosphoriadentalclinic.com\/fr\/#organization","name":"Clinique Dentaire Bosphoria","url":"https:\/\/bosphoriadentalclinic.com\/fr\/","logo":{"@type":"ImageObject","inLanguage":"tr","@id":"https:\/\/bosphoriadentalclinic.com\/fr\/#\/schema\/logo\/image\/","url":"https:\/\/bosphoriadentalclinic.com\/fr\/wp-content\/uploads\/sites\/3\/2025\/07\/logo-bosphoria.png","contentUrl":"https:\/\/bosphoriadentalclinic.com\/fr\/wp-content\/uploads\/sites\/3\/2025\/07\/logo-bosphoria.png","width":1563,"height":469,"caption":"Clinique Dentaire Bosphoria"},"image":{"@id":"https:\/\/bosphoriadentalclinic.com\/fr\/#\/schema\/logo\/image\/"}}]}},"_links":{"self":[{"href":"https:\/\/bosphoriadentalclinic.com\/fr\/wp-json\/wp\/v2\/pages\/7582","targetHints":{"allow":["GET"]}}],"collection":[{"href":"https:\/\/bosphoriadentalclinic.com\/fr\/wp-json\/wp\/v2\/pages"}],"about":[{"href":"https:\/\/bosphoriadentalclinic.com\/fr\/wp-json\/wp\/v2\/types\/page"}],"author":[{"embeddable":true,"href":"https:\/\/bosphoriadentalclinic.com\/fr\/wp-json\/wp\/v2\/users\/1"}],"replies":[{"embeddable":true,"href":"https:\/\/bosphoriadentalclinic.com\/fr\/wp-json\/wp\/v2\/comments?post=7582"}],"version-history":[{"count":21,"href":"https:\/\/bosphoriadentalclinic.com\/fr\/wp-json\/wp\/v2\/pages\/7582\/revisions"}],"predecessor-version":[{"id":9590,"href":"https:\/\/bosphoriadentalclinic.com\/fr\/wp-json\/wp\/v2\/pages\/7582\/revisions\/9590"}],"wp:attachment":[{"href":"https:\/\/bosphoriadentalclinic.com\/fr\/wp-json\/wp\/v2\/media?parent=7582"}],"curies":[{"name":"wp","href":"https:\/\/api.w.org\/{rel}","templated":true}]}}