{"id":7605,"date":"2025-06-17T14:07:07","date_gmt":"2025-06-17T14:07:07","guid":{"rendered":"https:\/\/bosphoriadentalclinic.com\/?page_id=7605"},"modified":"2025-08-05T14:11:54","modified_gmt":"2025-08-05T11:11:54","slug":"e-max-crown","status":"publish","type":"page","link":"https:\/\/bosphoriadentalclinic.com\/fr\/e-max-crown\/","title":{"rendered":"Couronne E-Max"},"content":{"rendered":"\t\t<div data-elementor-type=\"wp-page\" data-elementor-id=\"7605\" class=\"elementor elementor-7605\" data-elementor-post-type=\"page\">\n\t\t\t\t<div class=\"elementor-element elementor-element-3369c7c4 qodef-elementor-content-grid e-flex e-con-boxed e-con e-parent\" data-id=\"3369c7c4\" data-element_type=\"container\" data-e-type=\"container\" data-settings=\"{&quot;background_background&quot;:&quot;classic&quot;}\">\n\t\t\t\t\t<div class=\"e-con-inner\">\n\t\t\t\t<div class=\"elementor-element elementor-element-2081d0d7 elementor-widget elementor-widget-heading\" data-id=\"2081d0d7\" data-element_type=\"widget\" data-e-type=\"widget\" data-widget_type=\"heading.default\">\n\t\t\t\t\t<h1 class=\"elementor-heading-title elementor-size-default\">Couronne E-Max<\/h1>\t\t\t\t<\/div>\n\t\t\t\t\t<\/div>\n\t\t\t\t<\/div>\n\t\t<div class=\"elementor-element elementor-element-96cd6ca e-flex e-con-boxed e-con e-parent\" data-id=\"96cd6ca\" data-element_type=\"container\" data-e-type=\"container\">\n\t\t\t\t\t<div class=\"e-con-inner\">\n\t\t\t\t<div class=\"elementor-element elementor-element-fb59ef7 elementor-widget elementor-widget-spacer\" data-id=\"fb59ef7\" data-element_type=\"widget\" data-e-type=\"widget\" data-widget_type=\"spacer.default\">\n\t\t\t\t\t\t\t<div class=\"elementor-spacer\">\n\t\t\t<div class=\"elementor-spacer-inner\"><\/div>\n\t\t<\/div>\n\t\t\t\t\t\t<\/div>\n\t\t\t\t\t<\/div>\n\t\t\t\t<\/div>\n\t\t<div class=\"elementor-element elementor-element-a4fd9a5 qodef-elementor-content-grid e-flex e-con-boxed e-con e-parent\" data-id=\"a4fd9a5\" data-element_type=\"container\" data-e-type=\"container\" data-settings=\"{&quot;background_background&quot;:&quot;classic&quot;}\">\n\t\t\t\t\t<div class=\"e-con-inner\">\n\t\t<div class=\"elementor-element elementor-element-4a7a578 e-con-full e-flex e-con e-child\" data-id=\"4a7a578\" data-element_type=\"container\" data-e-type=\"container\">\n\t\t\t\t<div class=\"elementor-element elementor-element-6146015 elementor-widget elementor-widget-heading\" data-id=\"6146015\" data-element_type=\"widget\" data-e-type=\"widget\" data-widget_type=\"heading.default\">\n\t\t\t\t\t<h3 class=\"elementor-heading-title elementor-size-default\">Qu\u2019est-ce qu\u2019une couronne E-Max ?<\/h3>\t\t\t\t<\/div>\n\t\t\t\t<div class=\"elementor-element elementor-element-edd5b38 elementor-widget elementor-widget-text-editor\" data-id=\"edd5b38\" data-element_type=\"widget\" data-e-type=\"widget\" data-widget_type=\"text-editor.default\">\n\t\t\t\t\t\t\t\t\t<p data-start=\"26\" data-end=\"351\">La couronne E-Max est un type de couronne enti\u00e8rement c\u00e9ramique, fabriqu\u00e9e \u00e0 partir d\u2019un mat\u00e9riau en verre-c\u00e9ramique au disilicate de lithium, reconnu pour son excellente esth\u00e9tique et sa r\u00e9sistance.<br data-start=\"199\" data-end=\"202\" \/>Elle poss\u00e8de une grande translucidit\u00e9, imitant l\u2019apparence des dents naturelles, ce qui en fait un choix populaire pour la restauration des dents ant\u00e9rieures.<\/p>\t\t\t\t\t\t\t\t<\/div>\n\t\t\t\t<\/div>\n\t\t<div class=\"elementor-element elementor-element-5c0fb3e e-con-full e-flex e-con e-child\" data-id=\"5c0fb3e\" data-element_type=\"container\" data-e-type=\"container\">\n\t\t<div class=\"elementor-element elementor-element-68a919b e-con-full e-flex e-con e-child\" data-id=\"68a919b\" data-element_type=\"container\" data-e-type=\"container\">\n\t\t\t\t<div class=\"elementor-element elementor-element-715aa68 elementor-widget elementor-widget-heading\" data-id=\"715aa68\" data-element_type=\"widget\" data-e-type=\"widget\" data-widget_type=\"heading.default\">\n\t\t\t\t\t<h4 class=\"elementor-heading-title elementor-size-default\">Quand utilise-t-on une couronne E-Max ?<\/h4>\t\t\t\t<\/div>\n\t\t\t\t<div class=\"elementor-element elementor-element-a9dd336 elementor-widget elementor-widget-text-editor\" data-id=\"a9dd336\" data-element_type=\"widget\" data-e-type=\"widget\" data-widget_type=\"text-editor.default\">\n\t\t\t\t\t\t\t\t\t<p data-start=\"0\" data-end=\"60\">Les couronnes E-Max sont utilis\u00e9es dans les cas suivants :<\/p><ul><li data-start=\"63\" data-end=\"147\">Pour les dents qui ne peuvent pas \u00eatre blanchies par des m\u00e9thodes conventionnelles<\/li><li data-start=\"150\" data-end=\"201\">En cas d\u2019\u00e9clats, de fissures ou d\u2019usure des dents<\/li><li data-start=\"204\" data-end=\"287\">Pour la restauration des dents ant\u00e9rieures avec des exigences esth\u00e9tiques \u00e9lev\u00e9es<\/li><li data-start=\"290\" data-end=\"331\">Pour fermer les espaces entre les dents<\/li><li data-start=\"334\" data-end=\"386\">Pour remplacer les anciens plombages inesth\u00e9tiques<\/li><li data-start=\"389\" data-end=\"476\">Pour corriger de l\u00e9gers troubles de position ou des irr\u00e9gularit\u00e9s des dents ant\u00e9rieures<\/li><\/ul>\t\t\t\t\t\t\t\t<\/div>\n\t\t\t\t<\/div>\n\t\t\t\t<\/div>\n\t\t<div class=\"elementor-element elementor-element-703ee76 e-con-full e-flex e-con e-child\" data-id=\"703ee76\" data-element_type=\"container\" data-e-type=\"container\">\n\t\t\t\t<div class=\"elementor-element elementor-element-c8d99cc elementor-widget elementor-widget-heading\" data-id=\"c8d99cc\" data-element_type=\"widget\" data-e-type=\"widget\" data-widget_type=\"heading.default\">\n\t\t\t\t\t<h4 class=\"elementor-heading-title elementor-size-default\">Avantages des couronnes E-Max<\/h4>\t\t\t\t<\/div>\n\t\t\t\t<div class=\"elementor-element elementor-element-cf535ee elementor-widget elementor-widget-text-editor\" data-id=\"cf535ee\" data-element_type=\"widget\" data-e-type=\"widget\" data-widget_type=\"text-editor.default\">\n\t\t\t\t\t\t\t\t\t<article class=\"text-token-text-primary w-full\" dir=\"auto\" data-testid=\"conversation-turn-116\" data-scroll-anchor=\"true\"><div class=\"text-base my-auto mx-auto pb-10 [--thread-content-margin:--spacing(4)] @[37rem]:[--thread-content-margin:--spacing(6)] @[72rem]:[--thread-content-margin:--spacing(16)] px-(--thread-content-margin)\"><div class=\"[--thread-content-max-width:32rem] @[34rem]:[--thread-content-max-width:40rem] @[64rem]:[--thread-content-max-width:48rem] mx-auto max-w-(--thread-content-max-width) flex-1 group\/turn-messages focus-visible:outline-hidden relative flex w-full min-w-0 flex-col agent-turn\" tabindex=\"-1\"><div class=\"flex max-w-full flex-col grow\"><div class=\"min-h-8 text-message relative flex w-full flex-col items-end gap-2 text-start break-words whitespace-normal [.text-message+&amp;]:mt-5\" dir=\"auto\" data-message-author-role=\"assistant\" data-message-id=\"3ad1b935-8b62-46e8-806d-c93b87ffcc7e\" data-message-model-slug=\"gpt-4-1-mini\"><div class=\"flex w-full flex-col gap-1 empty:hidden first:pt-[3px]\"><div class=\"markdown prose dark:prose-invert w-full break-words dark\"><ul><li>Excellente translucidit\u00e9 pour un aspect nature<\/li><li>Absence de base m\u00e9tallique \u2014 pas de coloration des gencives<\/li><li>Grande r\u00e9sistance et durabilit\u00e9<\/li><li>Biocompatibilit\u00e9 \u2014 ne provoque pas de r\u00e9actions allergiques<\/li><li>N\u00e9cessite une \u00e9limination minimale de la structure saine de la dent<\/li><li>L\u2019une des solutions les plus esth\u00e9tiques en dentisterie restauratrice<\/li><\/ul><\/div><\/div><\/div><\/div><\/div><\/div><\/article>\t\t\t\t\t\t\t\t<\/div>\n\t\t\t\t<\/div>\n\t\t<div class=\"elementor-element elementor-element-a9d1881 e-con-full e-flex e-con e-child\" data-id=\"a9d1881\" data-element_type=\"container\" data-e-type=\"container\">\n\t\t\t\t<div class=\"elementor-element elementor-element-11b5be2 elementor-widget elementor-widget-heading\" data-id=\"11b5be2\" data-element_type=\"widget\" data-e-type=\"widget\" data-widget_type=\"heading.default\">\n\t\t\t\t\t<h4 class=\"elementor-heading-title elementor-size-default\">\u00c0 qui les couronnes E-Max ne conviennent-elles pas ?<\/h4>\t\t\t\t<\/div>\n\t\t\t\t<div class=\"elementor-element elementor-element-97e1a45 elementor-widget elementor-widget-text-editor\" data-id=\"97e1a45\" data-element_type=\"widget\" data-e-type=\"widget\" data-widget_type=\"text-editor.default\">\n\t\t\t\t\t\t\t\t\t<p data-start=\"0\" data-end=\"64\">Les couronnes E-Max ne conviennent pas aux patients pr\u00e9sentant :<\/p><ul><li data-start=\"68\" data-end=\"111\">Un bruxisme s\u00e9v\u00e8re (grincement des dents)<\/li><li data-start=\"114\" data-end=\"219\">Des molaires soumises \u00e0 de fortes charges masticatoires (dans ce cas, on privil\u00e9gie souvent la zircone)<\/li><li data-start=\"222\" data-end=\"291\">Une structure dentaire fortement endommag\u00e9e et un support insuffisant<\/li><\/ul>\t\t\t\t\t\t\t\t<\/div>\n\t\t\t\t<\/div>\n\t\t\t\t\t<\/div>\n\t\t\t\t<\/div>\n\t\t<div class=\"elementor-element elementor-element-0f80cf1 e-flex e-con-boxed e-con e-parent\" data-id=\"0f80cf1\" data-element_type=\"container\" data-e-type=\"container\">\n\t\t\t\t\t<div class=\"e-con-inner\">\n\t\t<div class=\"elementor-element elementor-element-ec9f173 e-con-full e-flex e-con e-child\" data-id=\"ec9f173\" data-element_type=\"container\" data-e-type=\"container\">\n\t\t<div class=\"elementor-element elementor-element-ea6b728 e-con-full e-flex e-con e-child\" data-id=\"ea6b728\" data-element_type=\"container\" data-e-type=\"container\">\n\t\t\t\t<div class=\"elementor-element elementor-element-775a74e elementor-widget elementor-widget-image\" data-id=\"775a74e\" data-element_type=\"widget\" data-e-type=\"widget\" data-widget_type=\"image.default\">\n\t\t\t\t\t\t\t\t\t\t\t\t\t\t\t<img decoding=\"async\" src=\"https:\/\/bosphoriadentalclinic.com\/wp-content\/uploads\/2025\/06\/vecteezy_phone-call-icon-old-telephone-icon-calling-phone_26494837-scaled.png\" title=\"\" alt=\"\" loading=\"lazy\" \/>\t\t\t\t\t\t\t\t\t\t\t\t\t\t\t<\/div>\n\t\t\t\t<div class=\"elementor-element elementor-element-4a5481a elementor-widget elementor-widget-text-editor\" data-id=\"4a5481a\" data-element_type=\"widget\" data-e-type=\"widget\" data-widget_type=\"text-editor.default\">\n\t\t\t\t\t\t\t\t\t<article class=\"text-token-text-primary w-full\" dir=\"auto\" data-testid=\"conversation-turn-46\" data-scroll-anchor=\"false\"><div class=\"text-base my-auto mx-auto [--thread-content-margin:--spacing(4)] @[37rem]:[--thread-content-margin:--spacing(6)] @[72rem]:[--thread-content-margin:--spacing(16)] px-(--thread-content-margin)\"><div class=\"[--thread-content-max-width:32rem] @[34rem]:[--thread-content-max-width:40rem] @[64rem]:[--thread-content-max-width:48rem] mx-auto flex max-w-(--thread-content-max-width) flex-1 text-base gap-4 md:gap-5 lg:gap-6 group\/turn-messages focus-visible:outline-hidden\" tabindex=\"-1\"><div class=\"group\/conversation-turn relative flex w-full min-w-0 flex-col agent-turn\"><div class=\"relative flex-col gap-1 md:gap-3\"><div class=\"flex max-w-full flex-col grow\"><div class=\"min-h-8 text-message relative flex w-full flex-col items-end gap-2 text-start break-words whitespace-normal [.text-message+&amp;]:mt-5\" dir=\"auto\" data-message-author-role=\"assistant\" data-message-id=\"20b53b20-7fa1-4732-970d-dd06e42432d8\" data-message-model-slug=\"gpt-4-1-mini\"><div class=\"flex w-full flex-col gap-1 empty:hidden first:pt-[3px]\"><div class=\"markdown prose dark:prose-invert w-full break-words dark\"><p data-start=\"21\" data-end=\"46\" data-is-last-node=\"\" data-is-only-node=\"\">Contactez notre \u00e9quipe<\/p><\/div><\/div><\/div><\/div><\/div><\/div><\/div><\/div><\/article>\t\t\t\t\t\t\t\t<\/div>\n\t\t\t\t<\/div>\n\t\t<div class=\"elementor-element elementor-element-6d8a16a e-con-full e-flex e-con e-child\" data-id=\"6d8a16a\" data-element_type=\"container\" data-e-type=\"container\">\n\t\t\t\t<div class=\"elementor-element elementor-element-53730ce elementor-widget elementor-widget-image\" data-id=\"53730ce\" data-element_type=\"widget\" data-e-type=\"widget\" data-widget_type=\"image.default\">\n\t\t\t\t\t\t\t\t\t\t\t\t\t\t\t<img decoding=\"async\" src=\"https:\/\/bosphoriadentalclinic.com\/wp-content\/uploads\/2025\/06\/pngtree-consultant-line-icon-png-image_9063183.png\" title=\"\" alt=\"\" loading=\"lazy\" \/>\t\t\t\t\t\t\t\t\t\t\t\t\t\t\t<\/div>\n\t\t\t\t<div class=\"elementor-element elementor-element-d41e59d elementor-widget elementor-widget-text-editor\" data-id=\"d41e59d\" data-element_type=\"widget\" data-e-type=\"widget\" data-widget_type=\"text-editor.default\">\n\t\t\t\t\t\t\t\t\t<p>Consultation gratuite<\/p>\t\t\t\t\t\t\t\t<\/div>\n\t\t\t\t<\/div>\n\t\t<div class=\"elementor-element elementor-element-d52ca6a e-con-full e-flex e-con e-child\" data-id=\"d52ca6a\" data-element_type=\"container\" data-e-type=\"container\">\n\t\t\t\t<div class=\"elementor-element elementor-element-5dc9b0b elementor-widget elementor-widget-image\" data-id=\"5dc9b0b\" data-element_type=\"widget\" data-e-type=\"widget\" data-widget_type=\"image.default\">\n\t\t\t\t\t\t\t\t\t\t\t\t\t\t\t<img decoding=\"async\" src=\"https:\/\/bosphoriadentalclinic.com\/wp-content\/uploads\/2025\/06\/treatment-plan.png\" title=\"\" alt=\"\" loading=\"lazy\" \/>\t\t\t\t\t\t\t\t\t\t\t\t\t\t\t<\/div>\n\t\t\t\t<div class=\"elementor-element elementor-element-1572453 elementor-widget elementor-widget-text-editor\" data-id=\"1572453\" data-element_type=\"widget\" data-e-type=\"widget\" data-widget_type=\"text-editor.default\">\n\t\t\t\t\t\t\t\t\t<p>Plan de traitement<\/p>\t\t\t\t\t\t\t\t<\/div>\n\t\t\t\t<\/div>\n\t\t<div class=\"elementor-element elementor-element-a82177c e-con-full e-flex e-con e-child\" data-id=\"a82177c\" data-element_type=\"container\" data-e-type=\"container\">\n\t\t\t\t<div class=\"elementor-element elementor-element-655e6db elementor-widget elementor-widget-image\" data-id=\"655e6db\" data-element_type=\"widget\" data-e-type=\"widget\" data-widget_type=\"image.default\">\n\t\t\t\t\t\t\t\t\t\t\t\t\t\t\t<img decoding=\"async\" src=\"https:\/\/bosphoriadentalclinic.com\/wp-content\/uploads\/2025\/06\/smile-icon.png\" title=\"\" alt=\"\" loading=\"lazy\" \/>\t\t\t\t\t\t\t\t\t\t\t\t\t\t\t<\/div>\n\t\t\t\t<div class=\"elementor-element elementor-element-6c39234 elementor-widget elementor-widget-text-editor\" data-id=\"6c39234\" data-element_type=\"widget\" data-e-type=\"widget\" data-widget_type=\"text-editor.default\">\n\t\t\t\t\t\t\t\t\t<p>La voici ! Un sourire \u00e9clatant.<\/p>\t\t\t\t\t\t\t\t<\/div>\n\t\t\t\t<\/div>\n\t\t\t\t<\/div>\n\t\t\t\t\t<\/div>\n\t\t\t\t<\/div>\n\t\t\t\t<\/div>\n\t\t","protected":false},"excerpt":{"rendered":"<p>Couronne E-Max Qu\u2019est-ce qu\u2019une couronne E-Max ? La couronne E-Max est un type de couronne enti\u00e8rement c\u00e9ramique, fabriqu\u00e9e \u00e0 partir d\u2019un mat\u00e9riau en verre-c\u00e9ramique au disilicate de lithium, reconnu pour son excellente esth\u00e9tique et sa r\u00e9sistance.Elle poss\u00e8de une grande translucidit\u00e9, imitant l\u2019apparence des dents naturelles, ce qui en fait un choix populaire pour la restauration [&hellip;]<\/p>\n","protected":false},"author":1,"featured_media":0,"parent":0,"menu_order":0,"comment_status":"closed","ping_status":"closed","template":"page-full-width.php","meta":{"footnotes":""},"class_list":["post-7605","page","type-page","status-publish","hentry"],"yoast_head":"<!-- This site is optimized with the Yoast SEO plugin v27.4 - https:\/\/yoast.com\/product\/yoast-seo-wordpress\/ -->\n<title>Couronne E-Max - Clinique Dentaire Bosphoria<\/title>\n<meta name=\"description\" content=\"Achieve a natural, long-lasting smile with E-max crowns. Perfect blend of aesthetics and strength. Learn more about the treatment!\" \/>\n<meta name=\"robots\" content=\"index, follow, max-snippet:-1, max-image-preview:large, max-video-preview:-1\" \/>\n<link rel=\"canonical\" href=\"https:\/\/bosphoriadentalclinic.com\/fr\/e-max-crown\/\" \/>\n<meta property=\"og:locale\" content=\"tr_TR\" \/>\n<meta property=\"og:type\" content=\"article\" \/>\n<meta property=\"og:title\" content=\"Couronne E-Max - Clinique Dentaire Bosphoria\" \/>\n<meta property=\"og:description\" content=\"Achieve a natural, long-lasting smile with E-max crowns. Perfect blend of aesthetics and strength. Learn more about the treatment!\" \/>\n<meta property=\"og:url\" content=\"https:\/\/bosphoriadentalclinic.com\/fr\/e-max-crown\/\" \/>\n<meta property=\"og:site_name\" content=\"Clinique Dentaire Bosphoria\" \/>\n<meta property=\"article:modified_time\" content=\"2025-08-05T11:11:54+00:00\" \/>\n<meta property=\"og:image\" content=\"https:\/\/bosphoriadentalclinic.com\/wp-content\/uploads\/2025\/06\/vecteezy_phone-call-icon-old-telephone-icon-calling-phone_26494837-scaled.png\" \/>\n<meta name=\"twitter:card\" content=\"summary_large_image\" \/>\n<meta name=\"twitter:label1\" content=\"Tahmini okuma s\u00fcresi\" \/>\n\t<meta name=\"twitter:data1\" content=\"2 dakika\" \/>\n<script type=\"application\/ld+json\" class=\"yoast-schema-graph\">{\"@context\":\"https:\\\/\\\/schema.org\",\"@graph\":[{\"@type\":\"WebPage\",\"@id\":\"https:\\\/\\\/bosphoriadentalclinic.com\\\/fr\\\/e-max-crown\\\/\",\"url\":\"https:\\\/\\\/bosphoriadentalclinic.com\\\/fr\\\/e-max-crown\\\/\",\"name\":\"Couronne E-Max - Clinique Dentaire Bosphoria\",\"isPartOf\":{\"@id\":\"https:\\\/\\\/bosphoriadentalclinic.com\\\/fr\\\/#website\"},\"primaryImageOfPage\":{\"@id\":\"https:\\\/\\\/bosphoriadentalclinic.com\\\/fr\\\/e-max-crown\\\/#primaryimage\"},\"image\":{\"@id\":\"https:\\\/\\\/bosphoriadentalclinic.com\\\/fr\\\/e-max-crown\\\/#primaryimage\"},\"thumbnailUrl\":\"https:\\\/\\\/bosphoriadentalclinic.com\\\/wp-content\\\/uploads\\\/2025\\\/06\\\/vecteezy_phone-call-icon-old-telephone-icon-calling-phone_26494837-scaled.png\",\"datePublished\":\"2025-06-17T14:07:07+00:00\",\"dateModified\":\"2025-08-05T11:11:54+00:00\",\"description\":\"Achieve a natural, long-lasting smile with E-max crowns. Perfect blend of aesthetics and strength. Learn more about the treatment!\",\"breadcrumb\":{\"@id\":\"https:\\\/\\\/bosphoriadentalclinic.com\\\/fr\\\/e-max-crown\\\/#breadcrumb\"},\"inLanguage\":\"tr\",\"potentialAction\":[{\"@type\":\"ReadAction\",\"target\":[\"https:\\\/\\\/bosphoriadentalclinic.com\\\/fr\\\/e-max-crown\\\/\"]}]},{\"@type\":\"ImageObject\",\"inLanguage\":\"tr\",\"@id\":\"https:\\\/\\\/bosphoriadentalclinic.com\\\/fr\\\/e-max-crown\\\/#primaryimage\",\"url\":\"https:\\\/\\\/bosphoriadentalclinic.com\\\/wp-content\\\/uploads\\\/2025\\\/06\\\/vecteezy_phone-call-icon-old-telephone-icon-calling-phone_26494837-scaled.png\",\"contentUrl\":\"https:\\\/\\\/bosphoriadentalclinic.com\\\/wp-content\\\/uploads\\\/2025\\\/06\\\/vecteezy_phone-call-icon-old-telephone-icon-calling-phone_26494837-scaled.png\"},{\"@type\":\"BreadcrumbList\",\"@id\":\"https:\\\/\\\/bosphoriadentalclinic.com\\\/fr\\\/e-max-crown\\\/#breadcrumb\",\"itemListElement\":[{\"@type\":\"ListItem\",\"position\":1,\"name\":\"Anasayfa\",\"item\":\"https:\\\/\\\/bosphoriadentalclinic.com\\\/fr\\\/\"},{\"@type\":\"ListItem\",\"position\":2,\"name\":\"Couronne E-Max\"}]},{\"@type\":\"WebSite\",\"@id\":\"https:\\\/\\\/bosphoriadentalclinic.com\\\/fr\\\/#website\",\"url\":\"https:\\\/\\\/bosphoriadentalclinic.com\\\/fr\\\/\",\"name\":\"Clinique Dentaire Bosphoria\",\"description\":\"Souriez avec Bosphoria\",\"publisher\":{\"@id\":\"https:\\\/\\\/bosphoriadentalclinic.com\\\/fr\\\/#organization\"},\"potentialAction\":[{\"@type\":\"SearchAction\",\"target\":{\"@type\":\"EntryPoint\",\"urlTemplate\":\"https:\\\/\\\/bosphoriadentalclinic.com\\\/fr\\\/?s={search_term_string}\"},\"query-input\":{\"@type\":\"PropertyValueSpecification\",\"valueRequired\":true,\"valueName\":\"search_term_string\"}}],\"inLanguage\":\"tr\"},{\"@type\":\"Organization\",\"@id\":\"https:\\\/\\\/bosphoriadentalclinic.com\\\/fr\\\/#organization\",\"name\":\"Clinique Dentaire Bosphoria\",\"url\":\"https:\\\/\\\/bosphoriadentalclinic.com\\\/fr\\\/\",\"logo\":{\"@type\":\"ImageObject\",\"inLanguage\":\"tr\",\"@id\":\"https:\\\/\\\/bosphoriadentalclinic.com\\\/fr\\\/#\\\/schema\\\/logo\\\/image\\\/\",\"url\":\"https:\\\/\\\/bosphoriadentalclinic.com\\\/fr\\\/wp-content\\\/uploads\\\/sites\\\/3\\\/2025\\\/07\\\/logo-bosphoria.png\",\"contentUrl\":\"https:\\\/\\\/bosphoriadentalclinic.com\\\/fr\\\/wp-content\\\/uploads\\\/sites\\\/3\\\/2025\\\/07\\\/logo-bosphoria.png\",\"width\":1563,\"height\":469,\"caption\":\"Clinique Dentaire Bosphoria\"},\"image\":{\"@id\":\"https:\\\/\\\/bosphoriadentalclinic.com\\\/fr\\\/#\\\/schema\\\/logo\\\/image\\\/\"}}]}<\/script>\n<!-- \/ Yoast SEO plugin. -->","yoast_head_json":{"title":"Couronne E-Max - Clinique Dentaire Bosphoria","description":"Achieve a natural, long-lasting smile with E-max crowns. Perfect blend of aesthetics and strength. Learn more about the treatment!","robots":{"index":"index","follow":"follow","max-snippet":"max-snippet:-1","max-image-preview":"max-image-preview:large","max-video-preview":"max-video-preview:-1"},"canonical":"https:\/\/bosphoriadentalclinic.com\/fr\/e-max-crown\/","og_locale":"tr_TR","og_type":"article","og_title":"Couronne E-Max - Clinique Dentaire Bosphoria","og_description":"Achieve a natural, long-lasting smile with E-max crowns. Perfect blend of aesthetics and strength. Learn more about the treatment!","og_url":"https:\/\/bosphoriadentalclinic.com\/fr\/e-max-crown\/","og_site_name":"Clinique Dentaire Bosphoria","article_modified_time":"2025-08-05T11:11:54+00:00","og_image":[{"url":"https:\/\/bosphoriadentalclinic.com\/wp-content\/uploads\/2025\/06\/vecteezy_phone-call-icon-old-telephone-icon-calling-phone_26494837-scaled.png","type":"","width":"","height":""}],"twitter_card":"summary_large_image","twitter_misc":{"Tahmini okuma s\u00fcresi":"2 dakika"},"schema":{"@context":"https:\/\/schema.org","@graph":[{"@type":"WebPage","@id":"https:\/\/bosphoriadentalclinic.com\/fr\/e-max-crown\/","url":"https:\/\/bosphoriadentalclinic.com\/fr\/e-max-crown\/","name":"Couronne E-Max - Clinique Dentaire Bosphoria","isPartOf":{"@id":"https:\/\/bosphoriadentalclinic.com\/fr\/#website"},"primaryImageOfPage":{"@id":"https:\/\/bosphoriadentalclinic.com\/fr\/e-max-crown\/#primaryimage"},"image":{"@id":"https:\/\/bosphoriadentalclinic.com\/fr\/e-max-crown\/#primaryimage"},"thumbnailUrl":"https:\/\/bosphoriadentalclinic.com\/wp-content\/uploads\/2025\/06\/vecteezy_phone-call-icon-old-telephone-icon-calling-phone_26494837-scaled.png","datePublished":"2025-06-17T14:07:07+00:00","dateModified":"2025-08-05T11:11:54+00:00","description":"Achieve a natural, long-lasting smile with E-max crowns. Perfect blend of aesthetics and strength. Learn more about the treatment!","breadcrumb":{"@id":"https:\/\/bosphoriadentalclinic.com\/fr\/e-max-crown\/#breadcrumb"},"inLanguage":"tr","potentialAction":[{"@type":"ReadAction","target":["https:\/\/bosphoriadentalclinic.com\/fr\/e-max-crown\/"]}]},{"@type":"ImageObject","inLanguage":"tr","@id":"https:\/\/bosphoriadentalclinic.com\/fr\/e-max-crown\/#primaryimage","url":"https:\/\/bosphoriadentalclinic.com\/wp-content\/uploads\/2025\/06\/vecteezy_phone-call-icon-old-telephone-icon-calling-phone_26494837-scaled.png","contentUrl":"https:\/\/bosphoriadentalclinic.com\/wp-content\/uploads\/2025\/06\/vecteezy_phone-call-icon-old-telephone-icon-calling-phone_26494837-scaled.png"},{"@type":"BreadcrumbList","@id":"https:\/\/bosphoriadentalclinic.com\/fr\/e-max-crown\/#breadcrumb","itemListElement":[{"@type":"ListItem","position":1,"name":"Anasayfa","item":"https:\/\/bosphoriadentalclinic.com\/fr\/"},{"@type":"ListItem","position":2,"name":"Couronne E-Max"}]},{"@type":"WebSite","@id":"https:\/\/bosphoriadentalclinic.com\/fr\/#website","url":"https:\/\/bosphoriadentalclinic.com\/fr\/","name":"Clinique Dentaire Bosphoria","description":"Souriez avec Bosphoria","publisher":{"@id":"https:\/\/bosphoriadentalclinic.com\/fr\/#organization"},"potentialAction":[{"@type":"SearchAction","target":{"@type":"EntryPoint","urlTemplate":"https:\/\/bosphoriadentalclinic.com\/fr\/?s={search_term_string}"},"query-input":{"@type":"PropertyValueSpecification","valueRequired":true,"valueName":"search_term_string"}}],"inLanguage":"tr"},{"@type":"Organization","@id":"https:\/\/bosphoriadentalclinic.com\/fr\/#organization","name":"Clinique Dentaire Bosphoria","url":"https:\/\/bosphoriadentalclinic.com\/fr\/","logo":{"@type":"ImageObject","inLanguage":"tr","@id":"https:\/\/bosphoriadentalclinic.com\/fr\/#\/schema\/logo\/image\/","url":"https:\/\/bosphoriadentalclinic.com\/fr\/wp-content\/uploads\/sites\/3\/2025\/07\/logo-bosphoria.png","contentUrl":"https:\/\/bosphoriadentalclinic.com\/fr\/wp-content\/uploads\/sites\/3\/2025\/07\/logo-bosphoria.png","width":1563,"height":469,"caption":"Clinique Dentaire Bosphoria"},"image":{"@id":"https:\/\/bosphoriadentalclinic.com\/fr\/#\/schema\/logo\/image\/"}}]}},"_links":{"self":[{"href":"https:\/\/bosphoriadentalclinic.com\/fr\/wp-json\/wp\/v2\/pages\/7605","targetHints":{"allow":["GET"]}}],"collection":[{"href":"https:\/\/bosphoriadentalclinic.com\/fr\/wp-json\/wp\/v2\/pages"}],"about":[{"href":"https:\/\/bosphoriadentalclinic.com\/fr\/wp-json\/wp\/v2\/types\/page"}],"author":[{"embeddable":true,"href":"https:\/\/bosphoriadentalclinic.com\/fr\/wp-json\/wp\/v2\/users\/1"}],"replies":[{"embeddable":true,"href":"https:\/\/bosphoriadentalclinic.com\/fr\/wp-json\/wp\/v2\/comments?post=7605"}],"version-history":[{"count":24,"href":"https:\/\/bosphoriadentalclinic.com\/fr\/wp-json\/wp\/v2\/pages\/7605\/revisions"}],"predecessor-version":[{"id":9587,"href":"https:\/\/bosphoriadentalclinic.com\/fr\/wp-json\/wp\/v2\/pages\/7605\/revisions\/9587"}],"wp:attachment":[{"href":"https:\/\/bosphoriadentalclinic.com\/fr\/wp-json\/wp\/v2\/media?parent=7605"}],"curies":[{"name":"wp","href":"https:\/\/api.w.org\/{rel}","templated":true}]}}