{"id":7638,"date":"2025-06-17T14:47:36","date_gmt":"2025-06-17T14:47:36","guid":{"rendered":"https:\/\/bosphoriadentalclinic.com\/?page_id=7638"},"modified":"2025-08-05T14:14:27","modified_gmt":"2025-08-05T11:14:27","slug":"porcelain-crown","status":"publish","type":"page","link":"https:\/\/bosphoriadentalclinic.com\/fr\/porcelain-crown\/","title":{"rendered":"Couronne en porcelaine"},"content":{"rendered":"\t\t<div data-elementor-type=\"wp-page\" data-elementor-id=\"7638\" class=\"elementor elementor-7638\" data-elementor-post-type=\"page\">\n\t\t\t\t<div class=\"elementor-element elementor-element-4699c84c e-con-full qodef-elementor-content-grid e-flex e-con e-parent\" data-id=\"4699c84c\" data-element_type=\"container\" data-e-type=\"container\" data-settings=\"{&quot;background_background&quot;:&quot;classic&quot;}\">\n\t\t\t\t<div class=\"elementor-element elementor-element-6e0368db elementor-widget elementor-widget-heading\" data-id=\"6e0368db\" data-element_type=\"widget\" data-e-type=\"widget\" data-widget_type=\"heading.default\">\n\t\t\t\t\t<h1 class=\"elementor-heading-title elementor-size-default\">Couronne en porcelaine<\/h1>\t\t\t\t<\/div>\n\t\t\t\t<\/div>\n\t\t<div class=\"elementor-element elementor-element-6df7c72 e-flex e-con-boxed e-con e-parent\" data-id=\"6df7c72\" data-element_type=\"container\" data-e-type=\"container\">\n\t\t\t\t\t<div class=\"e-con-inner\">\n\t\t\t\t<div class=\"elementor-element elementor-element-73852d0 elementor-widget elementor-widget-spacer\" data-id=\"73852d0\" data-element_type=\"widget\" data-e-type=\"widget\" data-widget_type=\"spacer.default\">\n\t\t\t\t\t\t\t<div class=\"elementor-spacer\">\n\t\t\t<div class=\"elementor-spacer-inner\"><\/div>\n\t\t<\/div>\n\t\t\t\t\t\t<\/div>\n\t\t\t\t\t<\/div>\n\t\t\t\t<\/div>\n\t\t<div class=\"elementor-element elementor-element-99417e6 qodef-elementor-content-grid e-flex e-con-boxed e-con e-parent\" data-id=\"99417e6\" data-element_type=\"container\" data-e-type=\"container\" data-settings=\"{&quot;background_background&quot;:&quot;classic&quot;}\">\n\t\t\t\t\t<div class=\"e-con-inner\">\n\t\t<div class=\"elementor-element elementor-element-e5dbf64 e-con-full e-flex e-con e-child\" data-id=\"e5dbf64\" data-element_type=\"container\" data-e-type=\"container\">\n\t\t\t\t<div class=\"elementor-element elementor-element-ef244f5 elementor-widget elementor-widget-heading\" data-id=\"ef244f5\" data-element_type=\"widget\" data-e-type=\"widget\" data-widget_type=\"heading.default\">\n\t\t\t\t\t<h3 class=\"elementor-heading-title elementor-size-default\">Qu\u2019est-ce qu\u2019une couronne en porcelaine ?<\/h3>\t\t\t\t<\/div>\n\t\t\t\t<div class=\"elementor-element elementor-element-80e4231 elementor-widget elementor-widget-text-editor\" data-id=\"80e4231\" data-element_type=\"widget\" data-e-type=\"widget\" data-widget_type=\"text-editor.default\">\n\t\t\t\t\t\t\t\t\t<article class=\"text-token-text-primary w-full\" dir=\"auto\" data-testid=\"conversation-turn-10\" data-scroll-anchor=\"true\"><div class=\"text-base my-auto mx-auto pb-10 [--thread-content-margin:--spacing(4)] @[37rem]:[--thread-content-margin:--spacing(6)] @[72rem]:[--thread-content-margin:--spacing(16)] px-(--thread-content-margin)\"><div class=\"[--thread-content-max-width:32rem] @[34rem]:[--thread-content-max-width:40rem] @[64rem]:[--thread-content-max-width:48rem] mx-auto max-w-(--thread-content-max-width) flex-1 group\/turn-messages focus-visible:outline-hidden relative flex w-full min-w-0 flex-col agent-turn\" tabindex=\"-1\"><div class=\"flex max-w-full flex-col grow\"><div class=\"min-h-8 text-message relative flex w-full flex-col items-end gap-2 text-start break-words whitespace-normal [.text-message+&amp;]:mt-5\" dir=\"auto\" data-message-author-role=\"assistant\" data-message-id=\"42b68260-a6b4-4a75-b17f-a6408381db7b\" data-message-model-slug=\"gpt-4o\"><div class=\"flex w-full flex-col gap-1 empty:hidden first:pt-[3px]\"><div class=\"markdown prose dark:prose-invert w-full break-words dark\"><p data-start=\"0\" data-end=\"325\" data-is-last-node=\"\" data-is-only-node=\"\">Une couronne en porcelaine est une coiffe en forme de dent plac\u00e9e sur une dent pour restaurer sa forme, sa taille, sa solidit\u00e9 et son apparence.<br data-start=\"144\" data-end=\"147\" \/>Fabriqu\u00e9e \u00e0 partir de c\u00e9ramiques de haute qualit\u00e9, elle imite la translucidit\u00e9 et la couleur naturelles des dents v\u00e9ritables, ce qui en fait un choix id\u00e9al aussi bien pour les dents ant\u00e9rieures que pour les dents post\u00e9rieures.<\/p><\/div><\/div><\/div><\/div><\/div><\/div><\/article>\t\t\t\t\t\t\t\t<\/div>\n\t\t\t\t<\/div>\n\t\t<div class=\"elementor-element elementor-element-8408a8f e-con-full e-flex e-con e-child\" data-id=\"8408a8f\" data-element_type=\"container\" data-e-type=\"container\">\n\t\t<div class=\"elementor-element elementor-element-71d3e84 e-con-full e-flex e-con e-child\" data-id=\"71d3e84\" data-element_type=\"container\" data-e-type=\"container\">\n\t\t\t\t<div class=\"elementor-element elementor-element-49751f7 elementor-widget elementor-widget-heading\" data-id=\"49751f7\" data-element_type=\"widget\" data-e-type=\"widget\" data-widget_type=\"heading.default\">\n\t\t\t\t\t<h4 class=\"elementor-heading-title elementor-size-default\">Quand une couronne en porcelaine est-elle n\u00e9cessaire ?<\/h4>\t\t\t\t<\/div>\n\t\t\t\t<div class=\"elementor-element elementor-element-a12d093 elementor-widget elementor-widget-text-editor\" data-id=\"a12d093\" data-element_type=\"widget\" data-e-type=\"widget\" data-widget_type=\"text-editor.default\">\n\t\t\t\t\t\t\t\t\t<ul><li>Pour prot\u00e9ger une dent fragile ou fissur\u00e9e<\/li><li>Pour restaurer une dent cass\u00e9e ou fortement us\u00e9e<\/li><li>Apr\u00e8s un traitement de canal<\/li><li>Pour couvrir un implant dentaire<\/li><li>Pour des am\u00e9liorations esth\u00e9tiques (par exemple, dents mal form\u00e9es ou tach\u00e9es)<\/li><\/ul>\t\t\t\t\t\t\t\t<\/div>\n\t\t\t\t<\/div>\n\t\t\t\t<\/div>\n\t\t<div class=\"elementor-element elementor-element-9fc3942 e-con-full e-flex e-con e-child\" data-id=\"9fc3942\" data-element_type=\"container\" data-e-type=\"container\">\n\t\t<div class=\"elementor-element elementor-element-7e845f7 e-con-full e-flex e-con e-child\" data-id=\"7e845f7\" data-element_type=\"container\" data-e-type=\"container\">\n\t\t\t\t<div class=\"elementor-element elementor-element-5f8bad7 elementor-widget elementor-widget-heading\" data-id=\"5f8bad7\" data-element_type=\"widget\" data-e-type=\"widget\" data-widget_type=\"heading.default\">\n\t\t\t\t\t<h4 class=\"elementor-heading-title elementor-size-default\">Avantages des couronnes en porcelaine<\/h4>\t\t\t\t<\/div>\n\t\t\t\t<div class=\"elementor-element elementor-element-ffd5c1b elementor-widget elementor-widget-text-editor\" data-id=\"ffd5c1b\" data-element_type=\"widget\" data-e-type=\"widget\" data-widget_type=\"text-editor.default\">\n\t\t\t\t\t\t\t\t\t<ul><li>Tr\u00e8s esth\u00e9tique et aspect naturel<\/li><li>Durable et longue dur\u00e9e de vie<\/li><li>Biocompatible \u2013 s\u00fbr pour les gencives et les tissus environnants<\/li><li>R\u00e9sistant aux taches<\/li><li>Fabriqu\u00e9 sur mesure pour un ajustement parfait<\/li><\/ul>\t\t\t\t\t\t\t\t<\/div>\n\t\t\t\t<\/div>\n\t\t\t\t<\/div>\n\t\t<div class=\"elementor-element elementor-element-ac8a11a e-con-full e-flex e-con e-child\" data-id=\"ac8a11a\" data-element_type=\"container\" data-e-type=\"container\">\n\t\t<div class=\"elementor-element elementor-element-923444c e-con-full e-flex e-con e-child\" data-id=\"923444c\" data-element_type=\"container\" data-e-type=\"container\">\n\t\t\t\t<div class=\"elementor-element elementor-element-b333fd1 elementor-widget elementor-widget-heading\" data-id=\"b333fd1\" data-element_type=\"widget\" data-e-type=\"widget\" data-widget_type=\"heading.default\">\n\t\t\t\t\t<h4 class=\"elementor-heading-title elementor-size-default\">Pourquoi nous choisir ?<\/h4>\t\t\t\t<\/div>\n\t\t\t\t<div class=\"elementor-element elementor-element-fe5e27b elementor-widget elementor-widget-text-editor\" data-id=\"fe5e27b\" data-element_type=\"widget\" data-e-type=\"widget\" data-widget_type=\"text-editor.default\">\n\t\t\t\t\t\t\t\t\t<p data-start=\"26\" data-end=\"249\">Notre clinique utilise les technologies et mat\u00e9riaux les plus r\u00e9cents pour garantir des r\u00e9sultats durables.<br data-start=\"107\" data-end=\"110\" \/>Nous allions une dentisterie de pr\u00e9cision \u00e0 des soins personnalis\u00e9s pour vous offrir le sourire que vous m\u00e9ritez.<\/p>\t\t\t\t\t\t\t\t<\/div>\n\t\t\t\t<\/div>\n\t\t\t\t<\/div>\n\t\t\t\t\t<\/div>\n\t\t\t\t<\/div>\n\t\t<div class=\"elementor-element elementor-element-78349b2 e-flex e-con-boxed e-con e-parent\" data-id=\"78349b2\" data-element_type=\"container\" data-e-type=\"container\">\n\t\t\t\t\t<div class=\"e-con-inner\">\n\t\t<div class=\"elementor-element elementor-element-d48bbf7 e-con-full e-flex e-con e-child\" data-id=\"d48bbf7\" data-element_type=\"container\" data-e-type=\"container\">\n\t\t<div class=\"elementor-element elementor-element-cf221fa e-con-full e-flex e-con e-child\" data-id=\"cf221fa\" data-element_type=\"container\" data-e-type=\"container\">\n\t\t\t\t<div class=\"elementor-element elementor-element-95cfbd1 elementor-widget elementor-widget-image\" data-id=\"95cfbd1\" data-element_type=\"widget\" data-e-type=\"widget\" data-widget_type=\"image.default\">\n\t\t\t\t\t\t\t\t\t\t\t\t\t\t\t<img decoding=\"async\" src=\"https:\/\/bosphoriadentalclinic.com\/wp-content\/uploads\/2025\/06\/vecteezy_phone-call-icon-old-telephone-icon-calling-phone_26494837-scaled.png\" title=\"\" alt=\"\" loading=\"lazy\" \/>\t\t\t\t\t\t\t\t\t\t\t\t\t\t\t<\/div>\n\t\t\t\t<div class=\"elementor-element elementor-element-ab960fe elementor-widget elementor-widget-text-editor\" data-id=\"ab960fe\" data-element_type=\"widget\" data-e-type=\"widget\" data-widget_type=\"text-editor.default\">\n\t\t\t\t\t\t\t\t\t<article class=\"text-token-text-primary w-full\" dir=\"auto\" data-testid=\"conversation-turn-46\" data-scroll-anchor=\"false\"><div class=\"text-base my-auto mx-auto [--thread-content-margin:--spacing(4)] @[37rem]:[--thread-content-margin:--spacing(6)] @[72rem]:[--thread-content-margin:--spacing(16)] px-(--thread-content-margin)\"><div class=\"[--thread-content-max-width:32rem] @[34rem]:[--thread-content-max-width:40rem] @[64rem]:[--thread-content-max-width:48rem] mx-auto flex max-w-(--thread-content-max-width) flex-1 text-base gap-4 md:gap-5 lg:gap-6 group\/turn-messages focus-visible:outline-hidden\" tabindex=\"-1\"><div class=\"group\/conversation-turn relative flex w-full min-w-0 flex-col agent-turn\"><div class=\"relative flex-col gap-1 md:gap-3\"><div class=\"flex max-w-full flex-col grow\"><div class=\"min-h-8 text-message relative flex w-full flex-col items-end gap-2 text-start break-words whitespace-normal [.text-message+&amp;]:mt-5\" dir=\"auto\" data-message-author-role=\"assistant\" data-message-id=\"20b53b20-7fa1-4732-970d-dd06e42432d8\" data-message-model-slug=\"gpt-4-1-mini\"><div class=\"flex w-full flex-col gap-1 empty:hidden first:pt-[3px]\"><div class=\"markdown prose dark:prose-invert w-full break-words dark\"><p data-start=\"21\" data-end=\"46\" data-is-last-node=\"\" data-is-only-node=\"\">Contactez notre \u00e9quipe<\/p><\/div><\/div><\/div><\/div><\/div><\/div><\/div><\/div><\/article>\t\t\t\t\t\t\t\t<\/div>\n\t\t\t\t<\/div>\n\t\t<div class=\"elementor-element elementor-element-2d76422 e-con-full e-flex e-con e-child\" data-id=\"2d76422\" data-element_type=\"container\" data-e-type=\"container\">\n\t\t\t\t<div class=\"elementor-element elementor-element-efa5c6d elementor-widget elementor-widget-image\" data-id=\"efa5c6d\" data-element_type=\"widget\" data-e-type=\"widget\" data-widget_type=\"image.default\">\n\t\t\t\t\t\t\t\t\t\t\t\t\t\t\t<img decoding=\"async\" src=\"https:\/\/bosphoriadentalclinic.com\/wp-content\/uploads\/2025\/06\/pngtree-consultant-line-icon-png-image_9063183.png\" title=\"\" alt=\"\" loading=\"lazy\" \/>\t\t\t\t\t\t\t\t\t\t\t\t\t\t\t<\/div>\n\t\t\t\t<div class=\"elementor-element elementor-element-7cf6137 elementor-widget elementor-widget-text-editor\" data-id=\"7cf6137\" data-element_type=\"widget\" data-e-type=\"widget\" data-widget_type=\"text-editor.default\">\n\t\t\t\t\t\t\t\t\t<p>Consultation gratuite<\/p>\t\t\t\t\t\t\t\t<\/div>\n\t\t\t\t<\/div>\n\t\t<div class=\"elementor-element elementor-element-f50ea6c e-con-full e-flex e-con e-child\" data-id=\"f50ea6c\" data-element_type=\"container\" data-e-type=\"container\">\n\t\t\t\t<div class=\"elementor-element elementor-element-6381f5d elementor-widget elementor-widget-image\" data-id=\"6381f5d\" data-element_type=\"widget\" data-e-type=\"widget\" data-widget_type=\"image.default\">\n\t\t\t\t\t\t\t\t\t\t\t\t\t\t\t<img decoding=\"async\" src=\"https:\/\/bosphoriadentalclinic.com\/wp-content\/uploads\/2025\/06\/treatment-plan.png\" title=\"\" alt=\"\" loading=\"lazy\" \/>\t\t\t\t\t\t\t\t\t\t\t\t\t\t\t<\/div>\n\t\t\t\t<div class=\"elementor-element elementor-element-340ec94 elementor-widget elementor-widget-text-editor\" data-id=\"340ec94\" data-element_type=\"widget\" data-e-type=\"widget\" data-widget_type=\"text-editor.default\">\n\t\t\t\t\t\t\t\t\t<p>Plan de traitement<\/p>\t\t\t\t\t\t\t\t<\/div>\n\t\t\t\t<\/div>\n\t\t<div class=\"elementor-element elementor-element-d2dacd0 e-con-full e-flex e-con e-child\" data-id=\"d2dacd0\" data-element_type=\"container\" data-e-type=\"container\">\n\t\t\t\t<div class=\"elementor-element elementor-element-33b321a elementor-widget elementor-widget-image\" data-id=\"33b321a\" data-element_type=\"widget\" data-e-type=\"widget\" data-widget_type=\"image.default\">\n\t\t\t\t\t\t\t\t\t\t\t\t\t\t\t<img decoding=\"async\" src=\"https:\/\/bosphoriadentalclinic.com\/wp-content\/uploads\/2025\/06\/smile-icon.png\" title=\"\" alt=\"\" loading=\"lazy\" \/>\t\t\t\t\t\t\t\t\t\t\t\t\t\t\t<\/div>\n\t\t\t\t<div class=\"elementor-element elementor-element-8a01f2d elementor-widget elementor-widget-text-editor\" data-id=\"8a01f2d\" data-element_type=\"widget\" data-e-type=\"widget\" data-widget_type=\"text-editor.default\">\n\t\t\t\t\t\t\t\t\t<p>La voici ! Un sourire \u00e9clatant.<\/p>\t\t\t\t\t\t\t\t<\/div>\n\t\t\t\t<\/div>\n\t\t\t\t<\/div>\n\t\t\t\t\t<\/div>\n\t\t\t\t<\/div>\n\t\t\t\t<\/div>\n\t\t","protected":false},"excerpt":{"rendered":"<p>Couronne en porcelaine Qu\u2019est-ce qu\u2019une couronne en porcelaine ? Une couronne en porcelaine est une coiffe en forme de dent plac\u00e9e sur une dent pour restaurer sa forme, sa taille, sa solidit\u00e9 et son apparence.Fabriqu\u00e9e \u00e0 partir de c\u00e9ramiques de haute qualit\u00e9, elle imite la translucidit\u00e9 et la couleur naturelles des dents v\u00e9ritables, ce qui [&hellip;]<\/p>\n","protected":false},"author":1,"featured_media":0,"parent":0,"menu_order":0,"comment_status":"closed","ping_status":"closed","template":"page-full-width.php","meta":{"footnotes":""},"class_list":["post-7638","page","type-page","status-publish","hentry"],"yoast_head":"<!-- This site is optimized with the Yoast SEO plugin v27.4 - https:\/\/yoast.com\/product\/yoast-seo-wordpress\/ -->\n<title>Couronne en porcelaine - Clinique Dentaire Bosphoria<\/title>\n<meta name=\"description\" content=\"Restore your smile with durable, natural-looking porcelain crowns. Enjoy long-lasting strength and aesthetic dental solutions today.\" \/>\n<meta name=\"robots\" content=\"index, follow, max-snippet:-1, max-image-preview:large, max-video-preview:-1\" \/>\n<link rel=\"canonical\" href=\"https:\/\/bosphoriadentalclinic.com\/fr\/porcelain-crown\/\" \/>\n<meta property=\"og:locale\" content=\"tr_TR\" \/>\n<meta property=\"og:type\" content=\"article\" \/>\n<meta property=\"og:title\" content=\"Couronne en porcelaine - Clinique Dentaire Bosphoria\" \/>\n<meta property=\"og:description\" content=\"Restore your smile with durable, natural-looking porcelain crowns. Enjoy long-lasting strength and aesthetic dental solutions today.\" \/>\n<meta property=\"og:url\" content=\"https:\/\/bosphoriadentalclinic.com\/fr\/porcelain-crown\/\" \/>\n<meta property=\"og:site_name\" content=\"Clinique Dentaire Bosphoria\" \/>\n<meta property=\"article:modified_time\" content=\"2025-08-05T11:14:27+00:00\" \/>\n<meta property=\"og:image\" content=\"https:\/\/bosphoriadentalclinic.com\/wp-content\/uploads\/2025\/06\/vecteezy_phone-call-icon-old-telephone-icon-calling-phone_26494837-scaled.png\" \/>\n<meta name=\"twitter:card\" content=\"summary_large_image\" \/>\n<meta name=\"twitter:label1\" content=\"Tahmini okuma s\u00fcresi\" \/>\n\t<meta name=\"twitter:data1\" content=\"2 dakika\" \/>\n<script type=\"application\/ld+json\" class=\"yoast-schema-graph\">{\"@context\":\"https:\\\/\\\/schema.org\",\"@graph\":[{\"@type\":\"WebPage\",\"@id\":\"https:\\\/\\\/bosphoriadentalclinic.com\\\/fr\\\/porcelain-crown\\\/\",\"url\":\"https:\\\/\\\/bosphoriadentalclinic.com\\\/fr\\\/porcelain-crown\\\/\",\"name\":\"Couronne en porcelaine - Clinique Dentaire Bosphoria\",\"isPartOf\":{\"@id\":\"https:\\\/\\\/bosphoriadentalclinic.com\\\/fr\\\/#website\"},\"primaryImageOfPage\":{\"@id\":\"https:\\\/\\\/bosphoriadentalclinic.com\\\/fr\\\/porcelain-crown\\\/#primaryimage\"},\"image\":{\"@id\":\"https:\\\/\\\/bosphoriadentalclinic.com\\\/fr\\\/porcelain-crown\\\/#primaryimage\"},\"thumbnailUrl\":\"https:\\\/\\\/bosphoriadentalclinic.com\\\/wp-content\\\/uploads\\\/2025\\\/06\\\/vecteezy_phone-call-icon-old-telephone-icon-calling-phone_26494837-scaled.png\",\"datePublished\":\"2025-06-17T14:47:36+00:00\",\"dateModified\":\"2025-08-05T11:14:27+00:00\",\"description\":\"Restore your smile with durable, natural-looking porcelain crowns. Enjoy long-lasting strength and aesthetic dental solutions today.\",\"breadcrumb\":{\"@id\":\"https:\\\/\\\/bosphoriadentalclinic.com\\\/fr\\\/porcelain-crown\\\/#breadcrumb\"},\"inLanguage\":\"tr\",\"potentialAction\":[{\"@type\":\"ReadAction\",\"target\":[\"https:\\\/\\\/bosphoriadentalclinic.com\\\/fr\\\/porcelain-crown\\\/\"]}]},{\"@type\":\"ImageObject\",\"inLanguage\":\"tr\",\"@id\":\"https:\\\/\\\/bosphoriadentalclinic.com\\\/fr\\\/porcelain-crown\\\/#primaryimage\",\"url\":\"https:\\\/\\\/bosphoriadentalclinic.com\\\/wp-content\\\/uploads\\\/2025\\\/06\\\/vecteezy_phone-call-icon-old-telephone-icon-calling-phone_26494837-scaled.png\",\"contentUrl\":\"https:\\\/\\\/bosphoriadentalclinic.com\\\/wp-content\\\/uploads\\\/2025\\\/06\\\/vecteezy_phone-call-icon-old-telephone-icon-calling-phone_26494837-scaled.png\"},{\"@type\":\"BreadcrumbList\",\"@id\":\"https:\\\/\\\/bosphoriadentalclinic.com\\\/fr\\\/porcelain-crown\\\/#breadcrumb\",\"itemListElement\":[{\"@type\":\"ListItem\",\"position\":1,\"name\":\"Anasayfa\",\"item\":\"https:\\\/\\\/bosphoriadentalclinic.com\\\/fr\\\/\"},{\"@type\":\"ListItem\",\"position\":2,\"name\":\"Couronne en porcelaine\"}]},{\"@type\":\"WebSite\",\"@id\":\"https:\\\/\\\/bosphoriadentalclinic.com\\\/fr\\\/#website\",\"url\":\"https:\\\/\\\/bosphoriadentalclinic.com\\\/fr\\\/\",\"name\":\"Clinique Dentaire Bosphoria\",\"description\":\"Souriez avec Bosphoria\",\"publisher\":{\"@id\":\"https:\\\/\\\/bosphoriadentalclinic.com\\\/fr\\\/#organization\"},\"potentialAction\":[{\"@type\":\"SearchAction\",\"target\":{\"@type\":\"EntryPoint\",\"urlTemplate\":\"https:\\\/\\\/bosphoriadentalclinic.com\\\/fr\\\/?s={search_term_string}\"},\"query-input\":{\"@type\":\"PropertyValueSpecification\",\"valueRequired\":true,\"valueName\":\"search_term_string\"}}],\"inLanguage\":\"tr\"},{\"@type\":\"Organization\",\"@id\":\"https:\\\/\\\/bosphoriadentalclinic.com\\\/fr\\\/#organization\",\"name\":\"Clinique Dentaire Bosphoria\",\"url\":\"https:\\\/\\\/bosphoriadentalclinic.com\\\/fr\\\/\",\"logo\":{\"@type\":\"ImageObject\",\"inLanguage\":\"tr\",\"@id\":\"https:\\\/\\\/bosphoriadentalclinic.com\\\/fr\\\/#\\\/schema\\\/logo\\\/image\\\/\",\"url\":\"https:\\\/\\\/bosphoriadentalclinic.com\\\/fr\\\/wp-content\\\/uploads\\\/sites\\\/3\\\/2025\\\/07\\\/logo-bosphoria.png\",\"contentUrl\":\"https:\\\/\\\/bosphoriadentalclinic.com\\\/fr\\\/wp-content\\\/uploads\\\/sites\\\/3\\\/2025\\\/07\\\/logo-bosphoria.png\",\"width\":1563,\"height\":469,\"caption\":\"Clinique Dentaire Bosphoria\"},\"image\":{\"@id\":\"https:\\\/\\\/bosphoriadentalclinic.com\\\/fr\\\/#\\\/schema\\\/logo\\\/image\\\/\"}}]}<\/script>\n<!-- \/ Yoast SEO plugin. -->","yoast_head_json":{"title":"Couronne en porcelaine - Clinique Dentaire Bosphoria","description":"Restore your smile with durable, natural-looking porcelain crowns. Enjoy long-lasting strength and aesthetic dental solutions today.","robots":{"index":"index","follow":"follow","max-snippet":"max-snippet:-1","max-image-preview":"max-image-preview:large","max-video-preview":"max-video-preview:-1"},"canonical":"https:\/\/bosphoriadentalclinic.com\/fr\/porcelain-crown\/","og_locale":"tr_TR","og_type":"article","og_title":"Couronne en porcelaine - Clinique Dentaire Bosphoria","og_description":"Restore your smile with durable, natural-looking porcelain crowns. Enjoy long-lasting strength and aesthetic dental solutions today.","og_url":"https:\/\/bosphoriadentalclinic.com\/fr\/porcelain-crown\/","og_site_name":"Clinique Dentaire Bosphoria","article_modified_time":"2025-08-05T11:14:27+00:00","og_image":[{"url":"https:\/\/bosphoriadentalclinic.com\/wp-content\/uploads\/2025\/06\/vecteezy_phone-call-icon-old-telephone-icon-calling-phone_26494837-scaled.png","type":"","width":"","height":""}],"twitter_card":"summary_large_image","twitter_misc":{"Tahmini okuma s\u00fcresi":"2 dakika"},"schema":{"@context":"https:\/\/schema.org","@graph":[{"@type":"WebPage","@id":"https:\/\/bosphoriadentalclinic.com\/fr\/porcelain-crown\/","url":"https:\/\/bosphoriadentalclinic.com\/fr\/porcelain-crown\/","name":"Couronne en porcelaine - Clinique Dentaire Bosphoria","isPartOf":{"@id":"https:\/\/bosphoriadentalclinic.com\/fr\/#website"},"primaryImageOfPage":{"@id":"https:\/\/bosphoriadentalclinic.com\/fr\/porcelain-crown\/#primaryimage"},"image":{"@id":"https:\/\/bosphoriadentalclinic.com\/fr\/porcelain-crown\/#primaryimage"},"thumbnailUrl":"https:\/\/bosphoriadentalclinic.com\/wp-content\/uploads\/2025\/06\/vecteezy_phone-call-icon-old-telephone-icon-calling-phone_26494837-scaled.png","datePublished":"2025-06-17T14:47:36+00:00","dateModified":"2025-08-05T11:14:27+00:00","description":"Restore your smile with durable, natural-looking porcelain crowns. Enjoy long-lasting strength and aesthetic dental solutions today.","breadcrumb":{"@id":"https:\/\/bosphoriadentalclinic.com\/fr\/porcelain-crown\/#breadcrumb"},"inLanguage":"tr","potentialAction":[{"@type":"ReadAction","target":["https:\/\/bosphoriadentalclinic.com\/fr\/porcelain-crown\/"]}]},{"@type":"ImageObject","inLanguage":"tr","@id":"https:\/\/bosphoriadentalclinic.com\/fr\/porcelain-crown\/#primaryimage","url":"https:\/\/bosphoriadentalclinic.com\/wp-content\/uploads\/2025\/06\/vecteezy_phone-call-icon-old-telephone-icon-calling-phone_26494837-scaled.png","contentUrl":"https:\/\/bosphoriadentalclinic.com\/wp-content\/uploads\/2025\/06\/vecteezy_phone-call-icon-old-telephone-icon-calling-phone_26494837-scaled.png"},{"@type":"BreadcrumbList","@id":"https:\/\/bosphoriadentalclinic.com\/fr\/porcelain-crown\/#breadcrumb","itemListElement":[{"@type":"ListItem","position":1,"name":"Anasayfa","item":"https:\/\/bosphoriadentalclinic.com\/fr\/"},{"@type":"ListItem","position":2,"name":"Couronne en porcelaine"}]},{"@type":"WebSite","@id":"https:\/\/bosphoriadentalclinic.com\/fr\/#website","url":"https:\/\/bosphoriadentalclinic.com\/fr\/","name":"Clinique Dentaire Bosphoria","description":"Souriez avec Bosphoria","publisher":{"@id":"https:\/\/bosphoriadentalclinic.com\/fr\/#organization"},"potentialAction":[{"@type":"SearchAction","target":{"@type":"EntryPoint","urlTemplate":"https:\/\/bosphoriadentalclinic.com\/fr\/?s={search_term_string}"},"query-input":{"@type":"PropertyValueSpecification","valueRequired":true,"valueName":"search_term_string"}}],"inLanguage":"tr"},{"@type":"Organization","@id":"https:\/\/bosphoriadentalclinic.com\/fr\/#organization","name":"Clinique Dentaire Bosphoria","url":"https:\/\/bosphoriadentalclinic.com\/fr\/","logo":{"@type":"ImageObject","inLanguage":"tr","@id":"https:\/\/bosphoriadentalclinic.com\/fr\/#\/schema\/logo\/image\/","url":"https:\/\/bosphoriadentalclinic.com\/fr\/wp-content\/uploads\/sites\/3\/2025\/07\/logo-bosphoria.png","contentUrl":"https:\/\/bosphoriadentalclinic.com\/fr\/wp-content\/uploads\/sites\/3\/2025\/07\/logo-bosphoria.png","width":1563,"height":469,"caption":"Clinique Dentaire Bosphoria"},"image":{"@id":"https:\/\/bosphoriadentalclinic.com\/fr\/#\/schema\/logo\/image\/"}}]}},"_links":{"self":[{"href":"https:\/\/bosphoriadentalclinic.com\/fr\/wp-json\/wp\/v2\/pages\/7638","targetHints":{"allow":["GET"]}}],"collection":[{"href":"https:\/\/bosphoriadentalclinic.com\/fr\/wp-json\/wp\/v2\/pages"}],"about":[{"href":"https:\/\/bosphoriadentalclinic.com\/fr\/wp-json\/wp\/v2\/types\/page"}],"author":[{"embeddable":true,"href":"https:\/\/bosphoriadentalclinic.com\/fr\/wp-json\/wp\/v2\/users\/1"}],"replies":[{"embeddable":true,"href":"https:\/\/bosphoriadentalclinic.com\/fr\/wp-json\/wp\/v2\/comments?post=7638"}],"version-history":[{"count":24,"href":"https:\/\/bosphoriadentalclinic.com\/fr\/wp-json\/wp\/v2\/pages\/7638\/revisions"}],"predecessor-version":[{"id":9593,"href":"https:\/\/bosphoriadentalclinic.com\/fr\/wp-json\/wp\/v2\/pages\/7638\/revisions\/9593"}],"wp:attachment":[{"href":"https:\/\/bosphoriadentalclinic.com\/fr\/wp-json\/wp\/v2\/media?parent=7638"}],"curies":[{"name":"wp","href":"https:\/\/api.w.org\/{rel}","templated":true}]}}