{"id":7687,"date":"2025-06-18T08:19:18","date_gmt":"2025-06-18T08:19:18","guid":{"rendered":"https:\/\/bosphoriadentalclinic.com\/?page_id=7687"},"modified":"2025-08-05T12:44:52","modified_gmt":"2025-08-05T09:44:52","slug":"all-on-four","status":"publish","type":"page","link":"https:\/\/bosphoriadentalclinic.com\/fr\/all-on-four\/","title":{"rendered":"All On Four"},"content":{"rendered":"\t\t<div data-elementor-type=\"wp-page\" data-elementor-id=\"7687\" class=\"elementor elementor-7687\" data-elementor-post-type=\"page\">\n\t\t\t\t<div class=\"elementor-element elementor-element-1aba6a48 e-con-full qodef-elementor-content-grid e-flex e-con e-parent\" data-id=\"1aba6a48\" data-element_type=\"container\" data-e-type=\"container\" data-settings=\"{&quot;background_background&quot;:&quot;classic&quot;}\">\n\t\t\t\t<div class=\"elementor-element elementor-element-41fee0d8 elementor-widget elementor-widget-heading\" data-id=\"41fee0d8\" data-element_type=\"widget\" data-e-type=\"widget\" data-widget_type=\"heading.default\">\n\t\t\t\t\t<h1 class=\"elementor-heading-title elementor-size-default\">Tout sur les quatre implants<\/h1>\t\t\t\t<\/div>\n\t\t\t\t<\/div>\n\t\t<div class=\"elementor-element elementor-element-de7a25f e-flex e-con-boxed e-con e-parent\" data-id=\"de7a25f\" data-element_type=\"container\" data-e-type=\"container\">\n\t\t\t\t\t<div class=\"e-con-inner\">\n\t\t\t\t<div class=\"elementor-element elementor-element-3f590c1 elementor-widget elementor-widget-spacer\" data-id=\"3f590c1\" data-element_type=\"widget\" data-e-type=\"widget\" data-widget_type=\"spacer.default\">\n\t\t\t\t\t\t\t<div class=\"elementor-spacer\">\n\t\t\t<div class=\"elementor-spacer-inner\"><\/div>\n\t\t<\/div>\n\t\t\t\t\t\t<\/div>\n\t\t\t\t\t<\/div>\n\t\t\t\t<\/div>\n\t\t<div class=\"elementor-element elementor-element-e2db0c9 qodef-elementor-content-grid e-flex e-con-boxed e-con e-parent\" data-id=\"e2db0c9\" data-element_type=\"container\" data-e-type=\"container\" data-settings=\"{&quot;background_background&quot;:&quot;classic&quot;}\">\n\t\t\t\t\t<div class=\"e-con-inner\">\n\t\t<div class=\"elementor-element elementor-element-2b2adcb e-con-full e-flex e-con e-child\" data-id=\"2b2adcb\" data-element_type=\"container\" data-e-type=\"container\">\n\t\t\t\t<div class=\"elementor-element elementor-element-fd8bf84 elementor-widget elementor-widget-heading\" data-id=\"fd8bf84\" data-element_type=\"widget\" data-e-type=\"widget\" data-widget_type=\"heading.default\">\n\t\t\t\t\t<h3 class=\"elementor-heading-title elementor-size-default\">Qu\u2019est-ce que l\u2019implant All-on-4 ?<\/h3>\t\t\t\t<\/div>\n\t\t\t\t<div class=\"elementor-element elementor-element-ee0ac07 elementor-widget elementor-widget-text-editor\" data-id=\"ee0ac07\" data-element_type=\"widget\" data-e-type=\"widget\" data-widget_type=\"text-editor.default\">\n\t\t\t\t\t\t\t\t\t<p data-start=\"26\" data-end=\"228\">L\u2019implant All-on-4 est une proc\u00e9dure permettant la pose d\u2019une proth\u00e8se dentaire fixe le jour m\u00eame, fix\u00e9e sur quatre implants plac\u00e9s \u00e0 des angles sp\u00e9cifiques chez des patients totalement \u00e9dent\u00e9s.<\/p>\t\t\t\t\t\t\t\t<\/div>\n\t\t\t\t<\/div>\n\t\t<div class=\"elementor-element elementor-element-052cd58 e-con-full e-flex e-con e-child\" data-id=\"052cd58\" data-element_type=\"container\" data-e-type=\"container\">\n\t\t<div class=\"elementor-element elementor-element-03be759 e-con-full e-flex e-con e-child\" data-id=\"03be759\" data-element_type=\"container\" data-e-type=\"container\">\n\t\t\t\t<div class=\"elementor-element elementor-element-4794748 elementor-widget elementor-widget-heading\" data-id=\"4794748\" data-element_type=\"widget\" data-e-type=\"widget\" data-widget_type=\"heading.default\">\n\t\t\t\t\t<h4 class=\"elementor-heading-title elementor-size-default\">Implant All-on-4 avec proth\u00e8se<\/h4>\t\t\t\t<\/div>\n\t\t\t\t<div class=\"elementor-element elementor-element-56c6b22 elementor-widget elementor-widget-text-editor\" data-id=\"56c6b22\" data-element_type=\"widget\" data-e-type=\"widget\" data-widget_type=\"text-editor.default\">\n\t\t\t\t\t\t\t\t\t<p data-start=\"0\" data-end=\"802\">Cette technique est utilis\u00e9e chez les patients ayant perdu toutes leurs dents ou n\u00e9cessitant leur extraction, et ne disposant pas d\u2019un volume osseux suffisant dans les parties post\u00e9rieures de la m\u00e2choire. Pour ces patients, il est tr\u00e8s important d\u2019obtenir des dents fixes le jour m\u00eame.<br data-start=\"285\" data-end=\"288\" \/>De plus, le patient ne doit pas pr\u00e9senter de contre-indications m\u00e9dicales \u00e0 la chirurgie implantaire et doit avoir un volume osseux ad\u00e9quat.<br data-start=\"428\" data-end=\"431\" \/>Si la structure osseuse est insuffisante, notre clinique r\u00e9alise des proc\u00e9dures de sinus lift ou d\u2019augmentation osseuse (greffe osseuse).<\/p>\t\t\t\t\t\t\t\t<\/div>\n\t\t\t\t<div class=\"elementor-element elementor-element-2ae8987 elementor-widget elementor-widget-heading\" data-id=\"2ae8987\" data-element_type=\"widget\" data-e-type=\"widget\" data-widget_type=\"heading.default\">\n\t\t\t\t\t<h4 class=\"elementor-heading-title elementor-size-default\">Quelles sont les \u00e9tapes du traitement selon la m\u00e9thode All-on-4 ?<\/h4>\t\t\t\t<\/div>\n\t\t\t\t<div class=\"elementor-element elementor-element-91e593d elementor-widget elementor-widget-text-editor\" data-id=\"91e593d\" data-element_type=\"widget\" data-e-type=\"widget\" data-widget_type=\"text-editor.default\">\n\t\t\t\t\t\t\t\t\t<p data-start=\"0\" data-end=\"265\">Les patients pr\u00e9voyant un traitement selon la m\u00e9thode All-on-4 passent d\u2019abord un examen clinique et radiologique approfondi dans notre clinique. Des mesures sont prises \u00e0 l\u2019aide d\u2019une tomographie par ordinateur (CT) pour \u00e9tablir un plan de traitement personnalis\u00e9.<\/p><p data-start=\"267\" data-end=\"597\" data-is-last-node=\"\" data-is-only-node=\"\">La proc\u00e9dure All-on-4 comprend deux \u00e9tapes : chirurgicale et proth\u00e9tique.<br data-start=\"340\" data-end=\"343\" \/>Le jour du traitement, quatre implants dentaires sont pos\u00e9s selon le plan, et une proth\u00e8se dentaire temporaire est fix\u00e9e sur les implants le m\u00eame jour.<br data-start=\"494\" data-end=\"497\" \/>Apr\u00e8s trois mois, des proth\u00e8ses dentaires permanentes sont fabriqu\u00e9es et install\u00e9es pour le patient.<\/p>\t\t\t\t\t\t\t\t<\/div>\n\t\t\t\t<\/div>\n\t\t\t\t<\/div>\n\t\t<div class=\"elementor-element elementor-element-775760c e-con-full e-flex e-con e-child\" data-id=\"775760c\" data-element_type=\"container\" data-e-type=\"container\">\n\t\t<div class=\"elementor-element elementor-element-f3f63ac e-con-full e-flex e-con e-child\" data-id=\"f3f63ac\" data-element_type=\"container\" data-e-type=\"container\">\n\t\t\t\t<div class=\"elementor-element elementor-element-954ea82 elementor-widget elementor-widget-heading\" data-id=\"954ea82\" data-element_type=\"widget\" data-e-type=\"widget\" data-widget_type=\"heading.default\">\n\t\t\t\t\t<h4 class=\"elementor-heading-title elementor-size-default\">Aurais-je mal apr\u00e8s la proc\u00e9dure All-on-4 ?<\/h4>\t\t\t\t<\/div>\n\t\t\t\t<div class=\"elementor-element elementor-element-65bafa0 elementor-widget elementor-widget-text-editor\" data-id=\"65bafa0\" data-element_type=\"widget\" data-e-type=\"widget\" data-widget_type=\"text-editor.default\">\n\t\t\t\t\t\t\t\t\t<p data-start=\"1406\" data-end=\"1653\">Comme apr\u00e8s toute chirurgie implantaire, des douleurs et un gonflement peuvent survenir apr\u00e8s la proc\u00e9dure. Cependant, ces d\u00e9sagr\u00e9ments sont facilement contr\u00f4l\u00e9s gr\u00e2ce aux m\u00e9dicaments prescrits par nos m\u00e9decins exp\u00e9riment\u00e9s.<\/p>\t\t\t\t\t\t\t\t<\/div>\n\t\t\t\t<div class=\"elementor-element elementor-element-4f3a4f7 elementor-widget elementor-widget-heading\" data-id=\"4f3a4f7\" data-element_type=\"widget\" data-e-type=\"widget\" data-widget_type=\"heading.default\">\n\t\t\t\t\t<h4 class=\"elementor-heading-title elementor-size-default\">Comment sera organis\u00e9e mon alimentation apr\u00e8s la proc\u00e9dure All-on-4 ?<\/h4>\t\t\t\t<\/div>\n\t\t\t\t<div class=\"elementor-element elementor-element-d8b2dde elementor-widget elementor-widget-text-editor\" data-id=\"d8b2dde\" data-element_type=\"widget\" data-e-type=\"widget\" data-widget_type=\"text-editor.default\">\n\t\t\t\t\t\t\t\t\t<article class=\"text-token-text-primary w-full\" dir=\"auto\" data-testid=\"conversation-turn-2\" data-scroll-anchor=\"true\"><div class=\"text-base my-auto mx-auto py-5 [--thread-content-margin:--spacing(4)] @[37rem]:[--thread-content-margin:--spacing(6)] @[72rem]:[--thread-content-margin:--spacing(16)] px-(--thread-content-margin)\"><div class=\"[--thread-content-max-width:32rem] @[34rem]:[--thread-content-max-width:40rem] @[64rem]:[--thread-content-max-width:48rem] mx-auto flex max-w-(--thread-content-max-width) flex-1 text-base gap-4 md:gap-5 lg:gap-6 group\/turn-messages focus-visible:outline-hidden\" tabindex=\"-1\"><div class=\"group\/conversation-turn relative flex w-full min-w-0 flex-col agent-turn\"><div class=\"relative flex-col gap-1 md:gap-3\"><div class=\"flex max-w-full flex-col grow\"><div class=\"min-h-8 text-message relative flex w-full flex-col items-end gap-2 text-start break-words whitespace-normal [.text-message+&amp;]:mt-5\" dir=\"auto\" data-message-author-role=\"assistant\" data-message-id=\"8b302f51-35e4-4812-bb06-1f82682286fb\" data-message-model-slug=\"gpt-4o\"><div class=\"flex w-full flex-col gap-1 empty:hidden first:pt-[3px]\"><div class=\"markdown prose dark:prose-invert w-full break-words dark\"><p data-start=\"1655\" data-end=\"2067\" data-is-last-node=\"\" data-is-only-node=\"\">Vous pouvez commencer \u00e0 utiliser imm\u00e9diatement la proth\u00e8se dentaire temporaire fix\u00e9e sur les implants apr\u00e8s l\u2019intervention. Cependant, pendant les 2,5 \u00e0 3 mois n\u00e9cessaires \u00e0 l\u2019int\u00e9gration des implants dans l\u2019os, il est important de suivre le r\u00e9gime alimentaire recommand\u00e9 par votre m\u00e9decin.<br data-start=\"290\" data-end=\"293\" \/>Apr\u00e8s cette p\u00e9riode de cicatrisation, vous pourrez manger normalement avec la proth\u00e8se permanente.<\/p><\/div><\/div><\/div><\/div><\/div><\/div><\/div><\/div><\/article>\t\t\t\t\t\t\t\t<\/div>\n\t\t\t\t<\/div>\n\t\t\t\t<\/div>\n\t\t\t\t\t<\/div>\n\t\t\t\t<\/div>\n\t\t<div class=\"elementor-element elementor-element-c600f83 e-flex e-con-boxed e-con e-parent\" data-id=\"c600f83\" data-element_type=\"container\" data-e-type=\"container\">\n\t\t\t\t\t<div class=\"e-con-inner\">\n\t\t<div class=\"elementor-element elementor-element-5106b68 e-con-full e-flex e-con e-child\" data-id=\"5106b68\" data-element_type=\"container\" data-e-type=\"container\">\n\t\t<div class=\"elementor-element elementor-element-df46728 e-con-full e-flex e-con e-child\" data-id=\"df46728\" data-element_type=\"container\" data-e-type=\"container\">\n\t\t\t\t<div class=\"elementor-element elementor-element-1c9d6f2 elementor-widget elementor-widget-image\" data-id=\"1c9d6f2\" data-element_type=\"widget\" data-e-type=\"widget\" data-widget_type=\"image.default\">\n\t\t\t\t\t\t\t\t\t\t\t\t\t\t\t<img decoding=\"async\" src=\"https:\/\/bosphoriadentalclinic.com\/wp-content\/uploads\/2025\/06\/vecteezy_phone-call-icon-old-telephone-icon-calling-phone_26494837-scaled.png\" title=\"\" alt=\"\" loading=\"lazy\" \/>\t\t\t\t\t\t\t\t\t\t\t\t\t\t\t<\/div>\n\t\t\t\t<div class=\"elementor-element elementor-element-4b3ded1 elementor-widget elementor-widget-text-editor\" data-id=\"4b3ded1\" data-element_type=\"widget\" data-e-type=\"widget\" data-widget_type=\"text-editor.default\">\n\t\t\t\t\t\t\t\t\t<article class=\"text-token-text-primary w-full\" dir=\"auto\" data-testid=\"conversation-turn-46\" data-scroll-anchor=\"false\"><div class=\"text-base my-auto mx-auto [--thread-content-margin:--spacing(4)] @[37rem]:[--thread-content-margin:--spacing(6)] @[72rem]:[--thread-content-margin:--spacing(16)] px-(--thread-content-margin)\"><div class=\"[--thread-content-max-width:32rem] @[34rem]:[--thread-content-max-width:40rem] @[64rem]:[--thread-content-max-width:48rem] mx-auto flex max-w-(--thread-content-max-width) flex-1 text-base gap-4 md:gap-5 lg:gap-6 group\/turn-messages focus-visible:outline-hidden\" tabindex=\"-1\"><div class=\"group\/conversation-turn relative flex w-full min-w-0 flex-col agent-turn\"><div class=\"relative flex-col gap-1 md:gap-3\"><div class=\"flex max-w-full flex-col grow\"><div class=\"min-h-8 text-message relative flex w-full flex-col items-end gap-2 text-start break-words whitespace-normal [.text-message+&amp;]:mt-5\" dir=\"auto\" data-message-author-role=\"assistant\" data-message-id=\"20b53b20-7fa1-4732-970d-dd06e42432d8\" data-message-model-slug=\"gpt-4-1-mini\"><div class=\"flex w-full flex-col gap-1 empty:hidden first:pt-[3px]\"><div class=\"markdown prose dark:prose-invert w-full break-words dark\"><p data-start=\"21\" data-end=\"46\" data-is-last-node=\"\" data-is-only-node=\"\">Contactez notre \u00e9quipe<\/p><\/div><\/div><\/div><\/div><\/div><\/div><\/div><\/div><\/article>\t\t\t\t\t\t\t\t<\/div>\n\t\t\t\t<\/div>\n\t\t<div class=\"elementor-element elementor-element-11b4948 e-con-full e-flex e-con e-child\" data-id=\"11b4948\" data-element_type=\"container\" data-e-type=\"container\">\n\t\t\t\t<div class=\"elementor-element elementor-element-cda91d2 elementor-widget elementor-widget-image\" data-id=\"cda91d2\" data-element_type=\"widget\" data-e-type=\"widget\" data-widget_type=\"image.default\">\n\t\t\t\t\t\t\t\t\t\t\t\t\t\t\t<img decoding=\"async\" src=\"https:\/\/bosphoriadentalclinic.com\/wp-content\/uploads\/2025\/06\/pngtree-consultant-line-icon-png-image_9063183.png\" title=\"\" alt=\"\" loading=\"lazy\" \/>\t\t\t\t\t\t\t\t\t\t\t\t\t\t\t<\/div>\n\t\t\t\t<div class=\"elementor-element elementor-element-7bfe974 elementor-widget elementor-widget-text-editor\" data-id=\"7bfe974\" data-element_type=\"widget\" data-e-type=\"widget\" data-widget_type=\"text-editor.default\">\n\t\t\t\t\t\t\t\t\t<p>Consultation gratuite<\/p>\t\t\t\t\t\t\t\t<\/div>\n\t\t\t\t<\/div>\n\t\t<div class=\"elementor-element elementor-element-6b662fb e-con-full e-flex e-con e-child\" data-id=\"6b662fb\" data-element_type=\"container\" data-e-type=\"container\">\n\t\t\t\t<div class=\"elementor-element elementor-element-c15693a elementor-widget elementor-widget-image\" data-id=\"c15693a\" data-element_type=\"widget\" data-e-type=\"widget\" data-widget_type=\"image.default\">\n\t\t\t\t\t\t\t\t\t\t\t\t\t\t\t<img decoding=\"async\" src=\"https:\/\/bosphoriadentalclinic.com\/wp-content\/uploads\/2025\/06\/treatment-plan.png\" title=\"\" alt=\"\" loading=\"lazy\" \/>\t\t\t\t\t\t\t\t\t\t\t\t\t\t\t<\/div>\n\t\t\t\t<div class=\"elementor-element elementor-element-c413aad elementor-widget elementor-widget-text-editor\" data-id=\"c413aad\" data-element_type=\"widget\" data-e-type=\"widget\" data-widget_type=\"text-editor.default\">\n\t\t\t\t\t\t\t\t\t<p>Plan de traitement<\/p>\t\t\t\t\t\t\t\t<\/div>\n\t\t\t\t<\/div>\n\t\t<div class=\"elementor-element elementor-element-a04b554 e-con-full e-flex e-con e-child\" data-id=\"a04b554\" data-element_type=\"container\" data-e-type=\"container\">\n\t\t\t\t<div class=\"elementor-element elementor-element-19c56ef elementor-widget elementor-widget-image\" data-id=\"19c56ef\" data-element_type=\"widget\" data-e-type=\"widget\" data-widget_type=\"image.default\">\n\t\t\t\t\t\t\t\t\t\t\t\t\t\t\t<img decoding=\"async\" src=\"https:\/\/bosphoriadentalclinic.com\/wp-content\/uploads\/2025\/06\/smile-icon.png\" title=\"\" alt=\"\" loading=\"lazy\" \/>\t\t\t\t\t\t\t\t\t\t\t\t\t\t\t<\/div>\n\t\t\t\t<div class=\"elementor-element elementor-element-05055b7 elementor-widget elementor-widget-text-editor\" data-id=\"05055b7\" data-element_type=\"widget\" data-e-type=\"widget\" data-widget_type=\"text-editor.default\">\n\t\t\t\t\t\t\t\t\t<p>La voici ! Un sourire \u00e9clatant.<\/p>\t\t\t\t\t\t\t\t<\/div>\n\t\t\t\t<\/div>\n\t\t\t\t<\/div>\n\t\t\t\t\t<\/div>\n\t\t\t\t<\/div>\n\t\t\t\t<\/div>\n\t\t","protected":false},"excerpt":{"rendered":"<p>Tout sur les quatre implants Qu\u2019est-ce que l\u2019implant All-on-4 ? L\u2019implant All-on-4 est une proc\u00e9dure permettant la pose d\u2019une proth\u00e8se dentaire fixe le jour m\u00eame, fix\u00e9e sur quatre implants plac\u00e9s \u00e0 des angles sp\u00e9cifiques chez des patients totalement \u00e9dent\u00e9s. Implant All-on-4 avec proth\u00e8se Cette technique est utilis\u00e9e chez les patients ayant perdu toutes leurs dents [&hellip;]<\/p>\n","protected":false},"author":1,"featured_media":0,"parent":0,"menu_order":0,"comment_status":"closed","ping_status":"closed","template":"page-full-width.php","meta":{"footnotes":""},"class_list":["post-7687","page","type-page","status-publish","hentry"],"yoast_head":"<!-- This site is optimized with the Yoast SEO plugin v27.4 - https:\/\/yoast.com\/product\/yoast-seo-wordpress\/ -->\n<title>All On Four - Clinique Dentaire Bosphoria<\/title>\n<meta name=\"description\" content=\"Restore your full smile in a single day with All-on-4 implants. Fixed, natural-looking teeth with minimal surgery and fast recovery.\" \/>\n<meta name=\"robots\" content=\"index, follow, max-snippet:-1, max-image-preview:large, max-video-preview:-1\" \/>\n<link rel=\"canonical\" href=\"https:\/\/bosphoriadentalclinic.com\/fr\/all-on-four\/\" \/>\n<meta property=\"og:locale\" content=\"tr_TR\" \/>\n<meta property=\"og:type\" content=\"article\" \/>\n<meta property=\"og:title\" content=\"All On Four - Clinique Dentaire Bosphoria\" \/>\n<meta property=\"og:description\" content=\"Restore your full smile in a single day with All-on-4 implants. Fixed, natural-looking teeth with minimal surgery and fast recovery.\" \/>\n<meta property=\"og:url\" content=\"https:\/\/bosphoriadentalclinic.com\/fr\/all-on-four\/\" \/>\n<meta property=\"og:site_name\" content=\"Clinique Dentaire Bosphoria\" \/>\n<meta property=\"article:modified_time\" content=\"2025-08-05T09:44:52+00:00\" \/>\n<meta property=\"og:image\" content=\"https:\/\/bosphoriadentalclinic.com\/wp-content\/uploads\/2025\/06\/vecteezy_phone-call-icon-old-telephone-icon-calling-phone_26494837-scaled.png\" \/>\n<meta name=\"twitter:card\" content=\"summary_large_image\" \/>\n<meta name=\"twitter:label1\" content=\"Tahmini okuma s\u00fcresi\" \/>\n\t<meta name=\"twitter:data1\" content=\"3 dakika\" \/>\n<script type=\"application\/ld+json\" class=\"yoast-schema-graph\">{\"@context\":\"https:\\\/\\\/schema.org\",\"@graph\":[{\"@type\":\"WebPage\",\"@id\":\"https:\\\/\\\/bosphoriadentalclinic.com\\\/fr\\\/all-on-four\\\/\",\"url\":\"https:\\\/\\\/bosphoriadentalclinic.com\\\/fr\\\/all-on-four\\\/\",\"name\":\"All On Four - Clinique Dentaire Bosphoria\",\"isPartOf\":{\"@id\":\"https:\\\/\\\/bosphoriadentalclinic.com\\\/fr\\\/#website\"},\"primaryImageOfPage\":{\"@id\":\"https:\\\/\\\/bosphoriadentalclinic.com\\\/fr\\\/all-on-four\\\/#primaryimage\"},\"image\":{\"@id\":\"https:\\\/\\\/bosphoriadentalclinic.com\\\/fr\\\/all-on-four\\\/#primaryimage\"},\"thumbnailUrl\":\"https:\\\/\\\/bosphoriadentalclinic.com\\\/wp-content\\\/uploads\\\/2025\\\/06\\\/vecteezy_phone-call-icon-old-telephone-icon-calling-phone_26494837-scaled.png\",\"datePublished\":\"2025-06-18T08:19:18+00:00\",\"dateModified\":\"2025-08-05T09:44:52+00:00\",\"description\":\"Restore your full smile in a single day with All-on-4 implants. Fixed, natural-looking teeth with minimal surgery and fast recovery.\",\"breadcrumb\":{\"@id\":\"https:\\\/\\\/bosphoriadentalclinic.com\\\/fr\\\/all-on-four\\\/#breadcrumb\"},\"inLanguage\":\"tr\",\"potentialAction\":[{\"@type\":\"ReadAction\",\"target\":[\"https:\\\/\\\/bosphoriadentalclinic.com\\\/fr\\\/all-on-four\\\/\"]}]},{\"@type\":\"ImageObject\",\"inLanguage\":\"tr\",\"@id\":\"https:\\\/\\\/bosphoriadentalclinic.com\\\/fr\\\/all-on-four\\\/#primaryimage\",\"url\":\"https:\\\/\\\/bosphoriadentalclinic.com\\\/wp-content\\\/uploads\\\/2025\\\/06\\\/vecteezy_phone-call-icon-old-telephone-icon-calling-phone_26494837-scaled.png\",\"contentUrl\":\"https:\\\/\\\/bosphoriadentalclinic.com\\\/wp-content\\\/uploads\\\/2025\\\/06\\\/vecteezy_phone-call-icon-old-telephone-icon-calling-phone_26494837-scaled.png\"},{\"@type\":\"BreadcrumbList\",\"@id\":\"https:\\\/\\\/bosphoriadentalclinic.com\\\/fr\\\/all-on-four\\\/#breadcrumb\",\"itemListElement\":[{\"@type\":\"ListItem\",\"position\":1,\"name\":\"Anasayfa\",\"item\":\"https:\\\/\\\/bosphoriadentalclinic.com\\\/fr\\\/\"},{\"@type\":\"ListItem\",\"position\":2,\"name\":\"All On Four\"}]},{\"@type\":\"WebSite\",\"@id\":\"https:\\\/\\\/bosphoriadentalclinic.com\\\/fr\\\/#website\",\"url\":\"https:\\\/\\\/bosphoriadentalclinic.com\\\/fr\\\/\",\"name\":\"Clinique Dentaire Bosphoria\",\"description\":\"Souriez avec Bosphoria\",\"publisher\":{\"@id\":\"https:\\\/\\\/bosphoriadentalclinic.com\\\/fr\\\/#organization\"},\"potentialAction\":[{\"@type\":\"SearchAction\",\"target\":{\"@type\":\"EntryPoint\",\"urlTemplate\":\"https:\\\/\\\/bosphoriadentalclinic.com\\\/fr\\\/?s={search_term_string}\"},\"query-input\":{\"@type\":\"PropertyValueSpecification\",\"valueRequired\":true,\"valueName\":\"search_term_string\"}}],\"inLanguage\":\"tr\"},{\"@type\":\"Organization\",\"@id\":\"https:\\\/\\\/bosphoriadentalclinic.com\\\/fr\\\/#organization\",\"name\":\"Clinique Dentaire Bosphoria\",\"url\":\"https:\\\/\\\/bosphoriadentalclinic.com\\\/fr\\\/\",\"logo\":{\"@type\":\"ImageObject\",\"inLanguage\":\"tr\",\"@id\":\"https:\\\/\\\/bosphoriadentalclinic.com\\\/fr\\\/#\\\/schema\\\/logo\\\/image\\\/\",\"url\":\"https:\\\/\\\/bosphoriadentalclinic.com\\\/fr\\\/wp-content\\\/uploads\\\/sites\\\/3\\\/2025\\\/07\\\/logo-bosphoria.png\",\"contentUrl\":\"https:\\\/\\\/bosphoriadentalclinic.com\\\/fr\\\/wp-content\\\/uploads\\\/sites\\\/3\\\/2025\\\/07\\\/logo-bosphoria.png\",\"width\":1563,\"height\":469,\"caption\":\"Clinique Dentaire Bosphoria\"},\"image\":{\"@id\":\"https:\\\/\\\/bosphoriadentalclinic.com\\\/fr\\\/#\\\/schema\\\/logo\\\/image\\\/\"}}]}<\/script>\n<!-- \/ Yoast SEO plugin. -->","yoast_head_json":{"title":"All On Four - Clinique Dentaire Bosphoria","description":"Restore your full smile in a single day with All-on-4 implants. Fixed, natural-looking teeth with minimal surgery and fast recovery.","robots":{"index":"index","follow":"follow","max-snippet":"max-snippet:-1","max-image-preview":"max-image-preview:large","max-video-preview":"max-video-preview:-1"},"canonical":"https:\/\/bosphoriadentalclinic.com\/fr\/all-on-four\/","og_locale":"tr_TR","og_type":"article","og_title":"All On Four - Clinique Dentaire Bosphoria","og_description":"Restore your full smile in a single day with All-on-4 implants. Fixed, natural-looking teeth with minimal surgery and fast recovery.","og_url":"https:\/\/bosphoriadentalclinic.com\/fr\/all-on-four\/","og_site_name":"Clinique Dentaire Bosphoria","article_modified_time":"2025-08-05T09:44:52+00:00","og_image":[{"url":"https:\/\/bosphoriadentalclinic.com\/wp-content\/uploads\/2025\/06\/vecteezy_phone-call-icon-old-telephone-icon-calling-phone_26494837-scaled.png","type":"","width":"","height":""}],"twitter_card":"summary_large_image","twitter_misc":{"Tahmini okuma s\u00fcresi":"3 dakika"},"schema":{"@context":"https:\/\/schema.org","@graph":[{"@type":"WebPage","@id":"https:\/\/bosphoriadentalclinic.com\/fr\/all-on-four\/","url":"https:\/\/bosphoriadentalclinic.com\/fr\/all-on-four\/","name":"All On Four - Clinique Dentaire Bosphoria","isPartOf":{"@id":"https:\/\/bosphoriadentalclinic.com\/fr\/#website"},"primaryImageOfPage":{"@id":"https:\/\/bosphoriadentalclinic.com\/fr\/all-on-four\/#primaryimage"},"image":{"@id":"https:\/\/bosphoriadentalclinic.com\/fr\/all-on-four\/#primaryimage"},"thumbnailUrl":"https:\/\/bosphoriadentalclinic.com\/wp-content\/uploads\/2025\/06\/vecteezy_phone-call-icon-old-telephone-icon-calling-phone_26494837-scaled.png","datePublished":"2025-06-18T08:19:18+00:00","dateModified":"2025-08-05T09:44:52+00:00","description":"Restore your full smile in a single day with All-on-4 implants. Fixed, natural-looking teeth with minimal surgery and fast recovery.","breadcrumb":{"@id":"https:\/\/bosphoriadentalclinic.com\/fr\/all-on-four\/#breadcrumb"},"inLanguage":"tr","potentialAction":[{"@type":"ReadAction","target":["https:\/\/bosphoriadentalclinic.com\/fr\/all-on-four\/"]}]},{"@type":"ImageObject","inLanguage":"tr","@id":"https:\/\/bosphoriadentalclinic.com\/fr\/all-on-four\/#primaryimage","url":"https:\/\/bosphoriadentalclinic.com\/wp-content\/uploads\/2025\/06\/vecteezy_phone-call-icon-old-telephone-icon-calling-phone_26494837-scaled.png","contentUrl":"https:\/\/bosphoriadentalclinic.com\/wp-content\/uploads\/2025\/06\/vecteezy_phone-call-icon-old-telephone-icon-calling-phone_26494837-scaled.png"},{"@type":"BreadcrumbList","@id":"https:\/\/bosphoriadentalclinic.com\/fr\/all-on-four\/#breadcrumb","itemListElement":[{"@type":"ListItem","position":1,"name":"Anasayfa","item":"https:\/\/bosphoriadentalclinic.com\/fr\/"},{"@type":"ListItem","position":2,"name":"All On Four"}]},{"@type":"WebSite","@id":"https:\/\/bosphoriadentalclinic.com\/fr\/#website","url":"https:\/\/bosphoriadentalclinic.com\/fr\/","name":"Clinique Dentaire Bosphoria","description":"Souriez avec Bosphoria","publisher":{"@id":"https:\/\/bosphoriadentalclinic.com\/fr\/#organization"},"potentialAction":[{"@type":"SearchAction","target":{"@type":"EntryPoint","urlTemplate":"https:\/\/bosphoriadentalclinic.com\/fr\/?s={search_term_string}"},"query-input":{"@type":"PropertyValueSpecification","valueRequired":true,"valueName":"search_term_string"}}],"inLanguage":"tr"},{"@type":"Organization","@id":"https:\/\/bosphoriadentalclinic.com\/fr\/#organization","name":"Clinique Dentaire Bosphoria","url":"https:\/\/bosphoriadentalclinic.com\/fr\/","logo":{"@type":"ImageObject","inLanguage":"tr","@id":"https:\/\/bosphoriadentalclinic.com\/fr\/#\/schema\/logo\/image\/","url":"https:\/\/bosphoriadentalclinic.com\/fr\/wp-content\/uploads\/sites\/3\/2025\/07\/logo-bosphoria.png","contentUrl":"https:\/\/bosphoriadentalclinic.com\/fr\/wp-content\/uploads\/sites\/3\/2025\/07\/logo-bosphoria.png","width":1563,"height":469,"caption":"Clinique Dentaire Bosphoria"},"image":{"@id":"https:\/\/bosphoriadentalclinic.com\/fr\/#\/schema\/logo\/image\/"}}]}},"_links":{"self":[{"href":"https:\/\/bosphoriadentalclinic.com\/fr\/wp-json\/wp\/v2\/pages\/7687","targetHints":{"allow":["GET"]}}],"collection":[{"href":"https:\/\/bosphoriadentalclinic.com\/fr\/wp-json\/wp\/v2\/pages"}],"about":[{"href":"https:\/\/bosphoriadentalclinic.com\/fr\/wp-json\/wp\/v2\/types\/page"}],"author":[{"embeddable":true,"href":"https:\/\/bosphoriadentalclinic.com\/fr\/wp-json\/wp\/v2\/users\/1"}],"replies":[{"embeddable":true,"href":"https:\/\/bosphoriadentalclinic.com\/fr\/wp-json\/wp\/v2\/comments?post=7687"}],"version-history":[{"count":27,"href":"https:\/\/bosphoriadentalclinic.com\/fr\/wp-json\/wp\/v2\/pages\/7687\/revisions"}],"predecessor-version":[{"id":9577,"href":"https:\/\/bosphoriadentalclinic.com\/fr\/wp-json\/wp\/v2\/pages\/7687\/revisions\/9577"}],"wp:attachment":[{"href":"https:\/\/bosphoriadentalclinic.com\/fr\/wp-json\/wp\/v2\/media?parent=7687"}],"curies":[{"name":"wp","href":"https:\/\/api.w.org\/{rel}","templated":true}]}}