{"id":1730,"date":"2024-03-26T08:52:47","date_gmt":"2024-03-26T08:52:47","guid":{"rendered":"https:\/\/dentamedi.qodeinteractive.com\/?page_id=1730"},"modified":"2025-08-04T14:47:19","modified_gmt":"2025-08-04T11:47:19","slug":"tratamentele-noastre","status":"publish","type":"page","link":"https:\/\/bosphoriadentalclinic.com\/ro\/tratamentele-noastre\/","title":{"rendered":"Tratamentele noastre"},"content":{"rendered":"\t\t<div data-elementor-type=\"wp-page\" data-elementor-id=\"1730\" class=\"elementor elementor-1730\" data-elementor-post-type=\"page\">\n\t\t\t\t<div class=\"elementor-element elementor-element-11163c2 e-con-full e-flex e-con e-parent\" data-id=\"11163c2\" data-element_type=\"container\" data-e-type=\"container\" data-settings=\"{&quot;background_background&quot;:&quot;classic&quot;}\">\n\t\t\t\t<div class=\"elementor-element elementor-element-9f16ec2 elementor-widget elementor-widget-heading\" data-id=\"9f16ec2\" data-element_type=\"widget\" data-e-type=\"widget\" data-widget_type=\"heading.default\">\n\t\t\t\t\t<h2 class=\"elementor-heading-title elementor-size-default\">Tratamentele noastre<\/h2>\t\t\t\t<\/div>\n\t\t\t\t<\/div>\n\t\t<div class=\"elementor-element elementor-element-1c45e24 e-flex e-con-boxed e-con e-parent\" data-id=\"1c45e24\" data-element_type=\"container\" data-e-type=\"container\">\n\t\t\t\t\t<div class=\"e-con-inner\">\n\t\t\t\t<div class=\"elementor-element elementor-element-5419e79 elementor-widget elementor-widget-spacer\" data-id=\"5419e79\" data-element_type=\"widget\" data-e-type=\"widget\" data-widget_type=\"spacer.default\">\n\t\t\t\t\t\t\t<div class=\"elementor-spacer\">\n\t\t\t<div class=\"elementor-spacer-inner\"><\/div>\n\t\t<\/div>\n\t\t\t\t\t\t<\/div>\n\t\t\t\t<div class=\"elementor-element elementor-element-a9c60d0 elementor-widget elementor-widget-qi_addons_for_elementor_section_title\" data-id=\"a9c60d0\" data-element_type=\"widget\" data-e-type=\"widget\" data-widget_type=\"qi_addons_for_elementor_section_title.default\">\n\t\t\t\t<div class=\"elementor-widget-container\">\n\t\t\t\t\t<div class=\"qodef-shortcode qodef-m qodef-qi-section-title qodef-decoration--italic qodef-link--underline-draw qodef-subtitle-icon--left\">\n\t\t\t\t<h5 class=\"qodef-m-subtitle\">\n\t\tProfesional\t\t\t<\/h5>\n\t\t\t<h2 class=\"qodef-m-title\">\n\t\tServiciile noastre\t<\/h2>\n\t\t\t<\/div>\n\t\t\t\t<\/div>\n\t\t\t\t<\/div>\n\t\t\t\t<div class=\"elementor-element elementor-element-9b84820 elementor-widget elementor-widget-html\" data-id=\"9b84820\" data-element_type=\"widget\" data-e-type=\"widget\" data-widget_type=\"html.default\">\n\t\t\t\t\t<div class=\"elementor-element elementor-element-2f2d084 elementor-widget elementor-widget-dentamedi_core_interactive_info_images\" data-id=\"2f2d084\" data-element_type=\"widget\" data-widget_type=\"dentamedi_core_interactive_info_images.default\">\r\n\t\t\t\t<div class=\"elementor-widget-container\">\r\n\t\t\t\t\t\r\n<div class=\"qodef-shortcode qodef-m  qodef-interactive-info-images\" data-active-item=\"1\">\r\n\t<div class=\"qodef-m-items\">\r\n\t\t<div class=\"qodef-m-item elementor-repeater-item-eee67a0 qodef-active\">\r\n\t\t<div class=\"qodef-e-image\">\r\n\t\t<img fetchpriority=\"high\" fetchpriority=\"high\" decoding=\"async\" width=\"400\" height=\"400\" src=\"https:\/\/bosphoriadentalclinic.com\/wp-content\/uploads\/2025\/05\/hollywood-smile-hero-e1750156320836.webp\" class=\"attachment-full size-full\" alt=\"hollywood smile\" srcset=\"https:\/\/bosphoriadentalclinic.com\/wp-content\/uploads\/2025\/05\/hollywood-smile-hero-e1750156320836.webp 400w, https:\/\/bosphoriadentalclinic.com\/wp-content\/uploads\/2025\/05\/hollywood-smile-hero-e1750156320836-300x300.webp 300w, https:\/\/bosphoriadentalclinic.com\/wp-content\/uploads\/2025\/05\/hollywood-smile-hero-e1750156320836-150x150.webp 150w\" sizes=\"(max-width: 400px) 100vw, 400px\">\t<\/div>\r\n\t<div class=\"qodef-m-content\">\r\n\t\t<div class=\"qodef-m-content-inner\">\r\n\t\t\t    <h5 class=\"qodef-m-title\">\r\n\tZ\u00e2mbet hollywoodian\r\n\t<\/h5>\r\n\t\t\t\t\t<p class=\"qodef-e-text\">\r\n\tUn z\u00e2mbet perfect este cea mai str\u0103lucitoare form\u0103 de \u00eencredere \u00een sine. Str\u0103luci\u021bi cu z\u00e2mbetul dumneavoastr\u0103 hollywoodian.\t<\/p>\r\n\t\t\t\t<a class=\"qodef-shortcode qodef-m  qodef-button qodef-layout--filled qodef-size--small qodef-html--link\" href=\"\/ro\/zambet-hollywoodian\" target=\"_self\">\t<span class=\"qodef-m-text\">Vezi mai mult<\/span><\/a>\t\t<\/div>\r\n\t<\/div>\r\n<\/div>\r\n\r\n<div class=\"qodef-m-item elementor-repeater-item-3150eea\">\r\n\t\t<div class=\"qodef-e-image\">\r\n\t\t<img decoding=\"async\" width=\"505\" height=\"505\" src=\"https:\/\/bosphoriadentalclinic.com\/wp-content\/uploads\/2025\/05\/implant-e1747922131882.webp\" class=\"attachment-full size-full\" alt=\"implant\" srcset=\"https:\/\/bosphoriadentalclinic.com\/wp-content\/uploads\/2025\/05\/implant-e1747922131882.webp 505w, https:\/\/bosphoriadentalclinic.com\/wp-content\/uploads\/2025\/05\/implant-e1747922131882-300x300.webp 300w, https:\/\/bosphoriadentalclinic.com\/wp-content\/uploads\/2025\/05\/implant-e1747922131882-150x150.webp 150w\" sizes=\"(max-width: 505px) 100vw, 505px\">\t<\/div>\r\n\t<div class=\"qodef-m-content\">\r\n\t\t<div class=\"qodef-m-content-inner\">\r\n\t\t\t    <h5 class=\"qodef-m-title\">\r\n\tImplant<\/h5>\r\n\t\t\t\t\t<p class=\"qodef-e-text\">\r\n\tUn z\u00e2mbet complet este baza cea mai de \u00eencredere pentru o calitate mai bun\u0103 a vie\u021bii. Z\u00e2mbi\u021bi cu \u00eencredere datorit\u0103 implanturilor dentare!\t<\/p>\r\n\t\t\t\t<a class=\"qodef-shortcode qodef-m  qodef-button qodef-layout--filled qodef-size--small qodef-html--link\" href=\"\/ro\/implant-dentar\/\" target=\"_self\">\t<span class=\"qodef-m-text\">Vezi mai mult<\/span><\/a>\t\t<\/div>\r\n\t<\/div>\r\n<\/div>\r\n\r\n<div class=\"qodef-m-item elementor-repeater-item-2108fe3\">\r\n\t\t<div class=\"qodef-e-image\">\r\n\t\t<img decoding=\"async\" width=\"512\" height=\"512\" src=\"https:\/\/bosphoriadentalclinic.com\/wp-content\/uploads\/2025\/05\/laminate-veneer-e1747922018525.jpeg\" class=\"attachment-full size-full\" alt=\"laminate veneer\" srcset=\"https:\/\/bosphoriadentalclinic.com\/wp-content\/uploads\/2025\/05\/laminate-veneer-e1747922018525.jpeg 512w, https:\/\/bosphoriadentalclinic.com\/wp-content\/uploads\/2025\/05\/laminate-veneer-e1747922018525-300x300.jpeg 300w, https:\/\/bosphoriadentalclinic.com\/wp-content\/uploads\/2025\/05\/laminate-veneer-e1747922018525-150x150.jpeg 150w\" sizes=\"(max-width: 512px) 100vw, 512px\">\t<\/div>\r\n\t<div class=\"qodef-m-content\">\r\n\t\t<div class=\"qodef-m-content-inner\">\r\n\t\t\t    <h5 class=\"qodef-m-title\">\r\n\tFa\u021bet\u0103 ceramic\u0103\r\n\t<\/h5>\r\n\t\t\t\t\t<p class=\"qodef-e-text\">\r\n\tPu\u021bin\u0103 estetic\u0103 f\u0103r\u0103 a-\u021bi pierde farmecul natural. Redescoper\u0103-\u021bi z\u00e2mbetul cu fa\u021bete ceramice!<\/p>\r\n\t\t\t\t<a class=\"qodef-shortcode qodef-m  qodef-button qodef-layout--filled qodef-size--small qodef-html--link\" href=\"\/ro\/fatete-ceramice\/\" target=\"_self\">\t<span class=\"qodef-m-text\">Vezi mai mult<\/span><\/a>\t\t<\/div>\r\n\t<\/div>\r\n<\/div>\r\n\r\n\t<\/div><!-- .qodef-m-items -->\r\n\r\n<\/div>\r\n\t\t\t\t<\/div>\r\n\t\t\t\t<\/div>\t\t\t\t<\/div>\n\t\t\t\t\t<\/div>\n\t\t\t\t<\/div>\n\t\t<div class=\"elementor-element elementor-element-41ab743 e-flex e-con-boxed e-con e-parent\" data-id=\"41ab743\" data-element_type=\"container\" data-e-type=\"container\">\n\t\t\t\t\t<div class=\"e-con-inner\">\n\t\t\t\t<div class=\"elementor-element elementor-element-7d98e8c elementor-widget elementor-widget-html\" data-id=\"7d98e8c\" data-element_type=\"widget\" data-e-type=\"widget\" data-widget_type=\"html.default\">\n\t\t\t\t\t<div class=\"elementor-element elementor-element-f744254 elementor-widget elementor-widget-dentamedi_core_interactive_info_images\" data-id=\"f744254\" data-element_type=\"widget\" data-widget_type=\"dentamedi_core_interactive_info_images.default\">\r\n\t\t\t\t<div class=\"elementor-widget-container\">\r\n\t\t\t\t\t\r\n<div class=\"qodef-shortcode qodef-m  qodef-interactive-info-images\" data-active-item=\"1\">\r\n\t<div class=\"qodef-m-items\">\r\n\t\t<div class=\"qodef-m-item elementor-repeater-item-eee67a0\">\r\n\t\t<div class=\"qodef-e-image\">\r\n\t\t<img loading=\"lazy\" loading=\"lazy\" decoding=\"async\" width=\"600\" height=\"600\" src=\"https:\/\/bosphoriadentalclinic.com\/wp-content\/uploads\/2025\/05\/porce-crown-e1747918176679.jpg\" class=\"attachment-full size-full\" alt=\"porcelain crown\" srcset=\"https:\/\/bosphoriadentalclinic.com\/wp-content\/uploads\/2025\/05\/porce-crown-e1747918176679.jpg 600w, https:\/\/bosphoriadentalclinic.com\/wp-content\/uploads\/2025\/05\/porce-crown-e1747918176679-300x300.jpg 300w, https:\/\/bosphoriadentalclinic.com\/wp-content\/uploads\/2025\/05\/porce-crown-e1747918176679-150x150.jpg 150w\" sizes=\"auto, (max-width: 600px) 100vw, 600px\">\t<\/div>\r\n\t<div class=\"qodef-m-content\">\r\n\t\t<div class=\"qodef-m-content-inner\">\r\n\t\t\t    <h5 class=\"qodef-m-title\">\r\n\tCoroan\u0103 din zirconiu\r\n\t<\/h5>\r\n\t\t\t\t\t<p class=\"qodef-e-text\">\r\n\t\tArmonia perfect\u0103 \u00eentre rezisten\u021b\u0103 \u0219i frumuse\u021be. Str\u0103luci\u021bi cu un z\u00e2mbet radiant \u0219i natural datorit\u0103 coroanelor din zirconiu.<\/p>\r\n\t\t\t\t<a class=\"qodef-shortcode qodef-m  qodef-button qodef-layout--filled qodef-size--small qodef-html--link\" href=\"\/ro\/coroana-din-zirconiu\/\" target=\"_self\">\t<span class=\"qodef-m-text\">Vezi mai mult<\/span><\/a>\t\t<\/div>\r\n\t<\/div>\r\n<\/div>\r\n\r\n<div class=\"qodef-m-item elementor-repeater-item-3150eea\">\r\n\t\t<div class=\"qodef-e-image\">\r\n\t\t<img loading=\"lazy\" loading=\"lazy\" decoding=\"async\" width=\"1092\" height=\"1092\" src=\"https:\/\/bosphoriadentalclinic.com\/wp-content\/uploads\/2025\/05\/E-Max-veneers-e1747918010918.webp\" class=\"attachment-full size-full\" alt=\"e max veneers\" srcset=\"https:\/\/bosphoriadentalclinic.com\/wp-content\/uploads\/2025\/05\/E-Max-veneers-e1747918010918.webp 1092w, https:\/\/bosphoriadentalclinic.com\/wp-content\/uploads\/2025\/05\/E-Max-veneers-e1747918010918-300x300.webp 300w, https:\/\/bosphoriadentalclinic.com\/wp-content\/uploads\/2025\/05\/E-Max-veneers-e1747918010918-1024x1024.webp 1024w, https:\/\/bosphoriadentalclinic.com\/wp-content\/uploads\/2025\/05\/E-Max-veneers-e1747918010918-150x150.webp 150w, https:\/\/bosphoriadentalclinic.com\/wp-content\/uploads\/2025\/05\/E-Max-veneers-e1747918010918-768x768.webp 768w, https:\/\/bosphoriadentalclinic.com\/wp-content\/uploads\/2025\/05\/E-Max-veneers-e1747918010918-650x650.webp 650w\" sizes=\"auto, (max-width: 1092px) 100vw, 1092px\">\t<\/div>\r\n\t<div class=\"qodef-m-content\">\r\n\t\t<div class=\"qodef-m-content-inner\">\r\n\t\t\t    <h5 class=\"qodef-m-title\">\r\nCoroan\u0103 E-Max\r\n\t<\/h5>\r\n\t\t\t\t\t<p class=\"qodef-e-text\">\r\nCunoscut\u0103 pentru transparen\u021ba \u0219i estetica sa, coroana E-Max este cea mai elegant\u0103 form\u0103 a z\u00e2mbetului natural. L\u0103sa\u021bi-v\u0103 frumuse\u021bea s\u0103 str\u0103luceasc\u0103 \u00een fiecare detaliu!\t<\/p>\r\n\t\t\t\t<a class=\"qodef-shortcode qodef-m  qodef-button qodef-layout--filled qodef-size--small qodef-html--link\" href=\"\/ro\/coroana-e-max\/\" target=\"_self\">\t<span class=\"qodef-m-text\">Vezi mai mult<\/span><\/a>\t\t<\/div>\r\n\t<\/div>\r\n<\/div>\r\n\r\n<div class=\"qodef-m-item elementor-repeater-item-2108fe3 qodef-active\">\r\n\t\t<div class=\"qodef-e-image\">\r\n\t\t<img loading=\"lazy\" loading=\"lazy\" decoding=\"async\" width=\"400\" height=\"400\" src=\"https:\/\/bosphoriadentalclinic.com\/wp-content\/uploads\/2025\/05\/zirconium-crowns.jpg\" class=\"attachment-full size-full\" alt=\"zirconium crown\" srcset=\"https:\/\/bosphoriadentalclinic.com\/wp-content\/uploads\/2025\/05\/zirconium-crowns.jpg 400w, https:\/\/bosphoriadentalclinic.com\/wp-content\/uploads\/2025\/05\/zirconium-crowns-300x300.jpg 300w, https:\/\/bosphoriadentalclinic.com\/wp-content\/uploads\/2025\/05\/zirconium-crowns-150x150.jpg 150w\" sizes=\"auto, (max-width: 400px) 100vw, 400px\">\t<\/div>\r\n\t<div class=\"qodef-m-content\">\r\n\t\t<div class=\"qodef-m-content-inner\">\r\n\t\t\t    <h5 class=\"qodef-m-title\">\r\n\tCoroan\u0103 din por\u021belan\r\n<\/h5>\r\n\t\t\t\t\t<p class=\"qodef-e-text\">\r\nO estetic\u0103 atemporal\u0103 combinat\u0103 cu rezisten\u021ba. Ob\u021bine\u021bi un z\u00e2mbet str\u0103lucitor \u0219i s\u0103n\u0103tos datorit\u0103 fa\u021betelor din por\u021belan!\t<\/p>\r\n\t\t\t\t<a class=\"qodef-shortcode qodef-m  qodef-button qodef-layout--filled qodef-size--small qodef-html--link\" href=\"\/ro\/coroana-din-portelan\" target=\"_self\">\t<span class=\"qodef-m-text\">Vezi mai mult<\/span><\/a>\t\t<\/div>\r\n\t<\/div>\r\n<\/div>\r\n\r\n\t<\/div><!-- .qodef-m-items -->\r\n\r\n<\/div>\r\n\t\t\t\t<\/div>\r\n\t\t\t\t<\/div>\t\t\t\t<\/div>\n\t\t\t\t\t<\/div>\n\t\t\t\t<\/div>\n\t\t\t\t<\/div>\n\t\t","protected":false},"excerpt":{"rendered":"<p>Tratamentele noastre Profesional Serviciile noastre Z\u00e2mbet hollywoodian Un z\u00e2mbet perfect este cea mai str\u0103lucitoare form\u0103 de \u00eencredere \u00een sine. Str\u0103luci\u021bi cu z\u00e2mbetul dumneavoastr\u0103 hollywoodian. Vezi mai mult Implant Un z\u00e2mbet complet este baza cea mai de \u00eencredere pentru o calitate mai bun\u0103 a vie\u021bii. Z\u00e2mbi\u021bi cu \u00eencredere datorit\u0103 implanturilor dentare! Vezi mai mult Fa\u021bet\u0103 ceramic\u0103 [&hellip;]<\/p>\n","protected":false},"author":1,"featured_media":6567,"parent":0,"menu_order":0,"comment_status":"closed","ping_status":"closed","template":"page-full-width.php","meta":{"footnotes":""},"class_list":["post-1730","page","type-page","status-publish","has-post-thumbnail","hentry"],"yoast_head":"<!-- This site is optimized with the Yoast SEO plugin v27.4 - https:\/\/yoast.com\/product\/yoast-seo-wordpress\/ -->\n<title>Tratamentele noastre - Clinica Dentar\u0103 Bosphoria<\/title>\n<meta name=\"description\" content=\"Discover our wide range of advanced dental treatments designed to restore and enhance your smile with expert care and latest technology.\" \/>\n<meta name=\"robots\" content=\"index, follow, max-snippet:-1, max-image-preview:large, max-video-preview:-1\" \/>\n<link rel=\"canonical\" href=\"https:\/\/bosphoriadentalclinic.com\/ro\/tratamentele-noastre\/\" \/>\n<meta property=\"og:locale\" content=\"tr_TR\" \/>\n<meta property=\"og:type\" content=\"article\" \/>\n<meta property=\"og:title\" content=\"Tratamentele noastre - Clinica Dentar\u0103 Bosphoria\" \/>\n<meta property=\"og:description\" content=\"Discover our wide range of advanced dental treatments designed to restore and enhance your smile with expert care and latest technology.\" \/>\n<meta property=\"og:url\" content=\"https:\/\/bosphoriadentalclinic.com\/ro\/tratamentele-noastre\/\" \/>\n<meta property=\"og:site_name\" content=\"Clinica Dentar\u0103 Bosphoria\" \/>\n<meta property=\"article:modified_time\" content=\"2025-08-04T11:47:19+00:00\" \/>\n<meta name=\"twitter:card\" content=\"summary_large_image\" \/>\n<meta name=\"twitter:label1\" content=\"Tahmini okuma s\u00fcresi\" \/>\n\t<meta name=\"twitter:data1\" content=\"3 dakika\" \/>\n<script type=\"application\/ld+json\" class=\"yoast-schema-graph\">{\"@context\":\"https:\\\/\\\/schema.org\",\"@graph\":[{\"@type\":\"WebPage\",\"@id\":\"https:\\\/\\\/bosphoriadentalclinic.com\\\/ro\\\/tratamentele-noastre\\\/\",\"url\":\"https:\\\/\\\/bosphoriadentalclinic.com\\\/ro\\\/tratamentele-noastre\\\/\",\"name\":\"Tratamentele noastre - Clinica Dentar\u0103 Bosphoria\",\"isPartOf\":{\"@id\":\"https:\\\/\\\/bosphoriadentalclinic.com\\\/ro\\\/#website\"},\"primaryImageOfPage\":{\"@id\":\"https:\\\/\\\/bosphoriadentalclinic.com\\\/ro\\\/tratamentele-noastre\\\/#primaryimage\"},\"image\":{\"@id\":\"https:\\\/\\\/bosphoriadentalclinic.com\\\/ro\\\/tratamentele-noastre\\\/#primaryimage\"},\"thumbnailUrl\":\"\",\"datePublished\":\"2024-03-26T08:52:47+00:00\",\"dateModified\":\"2025-08-04T11:47:19+00:00\",\"description\":\"Discover our wide range of advanced dental treatments designed to restore and enhance your smile with expert care and latest technology.\",\"breadcrumb\":{\"@id\":\"https:\\\/\\\/bosphoriadentalclinic.com\\\/ro\\\/tratamentele-noastre\\\/#breadcrumb\"},\"inLanguage\":\"tr\",\"potentialAction\":[{\"@type\":\"ReadAction\",\"target\":[\"https:\\\/\\\/bosphoriadentalclinic.com\\\/ro\\\/tratamentele-noastre\\\/\"]}]},{\"@type\":\"ImageObject\",\"inLanguage\":\"tr\",\"@id\":\"https:\\\/\\\/bosphoriadentalclinic.com\\\/ro\\\/tratamentele-noastre\\\/#primaryimage\",\"url\":\"\",\"contentUrl\":\"\"},{\"@type\":\"BreadcrumbList\",\"@id\":\"https:\\\/\\\/bosphoriadentalclinic.com\\\/ro\\\/tratamentele-noastre\\\/#breadcrumb\",\"itemListElement\":[{\"@type\":\"ListItem\",\"position\":1,\"name\":\"Anasayfa\",\"item\":\"https:\\\/\\\/bosphoriadentalclinic.com\\\/ro\\\/\"},{\"@type\":\"ListItem\",\"position\":2,\"name\":\"Tratamentele noastre\"}]},{\"@type\":\"WebSite\",\"@id\":\"https:\\\/\\\/bosphoriadentalclinic.com\\\/ro\\\/#website\",\"url\":\"https:\\\/\\\/bosphoriadentalclinic.com\\\/ro\\\/\",\"name\":\"Clinica Dentar\u0103 Bosphoria\",\"description\":\"Z\u00e2mbe\u0219te cu Bosphoria\",\"potentialAction\":[{\"@type\":\"SearchAction\",\"target\":{\"@type\":\"EntryPoint\",\"urlTemplate\":\"https:\\\/\\\/bosphoriadentalclinic.com\\\/ro\\\/?s={search_term_string}\"},\"query-input\":{\"@type\":\"PropertyValueSpecification\",\"valueRequired\":true,\"valueName\":\"search_term_string\"}}],\"inLanguage\":\"tr\"}]}<\/script>\n<!-- \/ Yoast SEO plugin. -->","yoast_head_json":{"title":"Tratamentele noastre - Clinica Dentar\u0103 Bosphoria","description":"Discover our wide range of advanced dental treatments designed to restore and enhance your smile with expert care and latest technology.","robots":{"index":"index","follow":"follow","max-snippet":"max-snippet:-1","max-image-preview":"max-image-preview:large","max-video-preview":"max-video-preview:-1"},"canonical":"https:\/\/bosphoriadentalclinic.com\/ro\/tratamentele-noastre\/","og_locale":"tr_TR","og_type":"article","og_title":"Tratamentele noastre - Clinica Dentar\u0103 Bosphoria","og_description":"Discover our wide range of advanced dental treatments designed to restore and enhance your smile with expert care and latest technology.","og_url":"https:\/\/bosphoriadentalclinic.com\/ro\/tratamentele-noastre\/","og_site_name":"Clinica Dentar\u0103 Bosphoria","article_modified_time":"2025-08-04T11:47:19+00:00","twitter_card":"summary_large_image","twitter_misc":{"Tahmini okuma s\u00fcresi":"3 dakika"},"schema":{"@context":"https:\/\/schema.org","@graph":[{"@type":"WebPage","@id":"https:\/\/bosphoriadentalclinic.com\/ro\/tratamentele-noastre\/","url":"https:\/\/bosphoriadentalclinic.com\/ro\/tratamentele-noastre\/","name":"Tratamentele noastre - Clinica Dentar\u0103 Bosphoria","isPartOf":{"@id":"https:\/\/bosphoriadentalclinic.com\/ro\/#website"},"primaryImageOfPage":{"@id":"https:\/\/bosphoriadentalclinic.com\/ro\/tratamentele-noastre\/#primaryimage"},"image":{"@id":"https:\/\/bosphoriadentalclinic.com\/ro\/tratamentele-noastre\/#primaryimage"},"thumbnailUrl":"","datePublished":"2024-03-26T08:52:47+00:00","dateModified":"2025-08-04T11:47:19+00:00","description":"Discover our wide range of advanced dental treatments designed to restore and enhance your smile with expert care and latest technology.","breadcrumb":{"@id":"https:\/\/bosphoriadentalclinic.com\/ro\/tratamentele-noastre\/#breadcrumb"},"inLanguage":"tr","potentialAction":[{"@type":"ReadAction","target":["https:\/\/bosphoriadentalclinic.com\/ro\/tratamentele-noastre\/"]}]},{"@type":"ImageObject","inLanguage":"tr","@id":"https:\/\/bosphoriadentalclinic.com\/ro\/tratamentele-noastre\/#primaryimage","url":"","contentUrl":""},{"@type":"BreadcrumbList","@id":"https:\/\/bosphoriadentalclinic.com\/ro\/tratamentele-noastre\/#breadcrumb","itemListElement":[{"@type":"ListItem","position":1,"name":"Anasayfa","item":"https:\/\/bosphoriadentalclinic.com\/ro\/"},{"@type":"ListItem","position":2,"name":"Tratamentele noastre"}]},{"@type":"WebSite","@id":"https:\/\/bosphoriadentalclinic.com\/ro\/#website","url":"https:\/\/bosphoriadentalclinic.com\/ro\/","name":"Clinica Dentar\u0103 Bosphoria","description":"Z\u00e2mbe\u0219te cu Bosphoria","potentialAction":[{"@type":"SearchAction","target":{"@type":"EntryPoint","urlTemplate":"https:\/\/bosphoriadentalclinic.com\/ro\/?s={search_term_string}"},"query-input":{"@type":"PropertyValueSpecification","valueRequired":true,"valueName":"search_term_string"}}],"inLanguage":"tr"}]}},"_links":{"self":[{"href":"https:\/\/bosphoriadentalclinic.com\/ro\/wp-json\/wp\/v2\/pages\/1730","targetHints":{"allow":["GET"]}}],"collection":[{"href":"https:\/\/bosphoriadentalclinic.com\/ro\/wp-json\/wp\/v2\/pages"}],"about":[{"href":"https:\/\/bosphoriadentalclinic.com\/ro\/wp-json\/wp\/v2\/types\/page"}],"author":[{"embeddable":true,"href":"https:\/\/bosphoriadentalclinic.com\/ro\/wp-json\/wp\/v2\/users\/1"}],"replies":[{"embeddable":true,"href":"https:\/\/bosphoriadentalclinic.com\/ro\/wp-json\/wp\/v2\/comments?post=1730"}],"version-history":[{"count":12,"href":"https:\/\/bosphoriadentalclinic.com\/ro\/wp-json\/wp\/v2\/pages\/1730\/revisions"}],"predecessor-version":[{"id":9032,"href":"https:\/\/bosphoriadentalclinic.com\/ro\/wp-json\/wp\/v2\/pages\/1730\/revisions\/9032"}],"wp:featuredmedia":[{"embeddable":true,"href":"https:\/\/bosphoriadentalclinic.com\/ro\/wp-json\/"}],"wp:attachment":[{"href":"https:\/\/bosphoriadentalclinic.com\/ro\/wp-json\/wp\/v2\/media?parent=1730"}],"curies":[{"name":"wp","href":"https:\/\/api.w.org\/{rel}","templated":true}]}}