{"id":2779,"date":"2024-04-01T07:53:21","date_gmt":"2024-04-01T07:53:21","guid":{"rendered":"https:\/\/dentamedi.qodeinteractive.com\/?page_id=2779"},"modified":"2025-08-04T14:35:26","modified_gmt":"2025-08-04T11:35:26","slug":"echipa-noastra","status":"publish","type":"page","link":"https:\/\/bosphoriadentalclinic.com\/ro\/echipa-noastra\/","title":{"rendered":"Echipa noastr\u0103"},"content":{"rendered":"\t\t<div data-elementor-type=\"wp-page\" data-elementor-id=\"2779\" class=\"elementor elementor-2779\" data-elementor-post-type=\"page\">\n\t\t\t\t<div class=\"elementor-element elementor-element-71b8006 e-con-full e-flex e-con e-parent\" data-id=\"71b8006\" data-element_type=\"container\" data-e-type=\"container\" data-settings=\"{&quot;background_background&quot;:&quot;classic&quot;}\">\n\t\t\t\t<div class=\"elementor-element elementor-element-a350e6d elementor-widget elementor-widget-heading\" data-id=\"a350e6d\" data-element_type=\"widget\" data-e-type=\"widget\" data-widget_type=\"heading.default\">\n\t\t\t\t\t<h1 class=\"elementor-heading-title elementor-size-default\">Echipa noastr\u0103<\/h1>\t\t\t\t<\/div>\n\t\t\t\t<\/div>\n\t\t<div class=\"elementor-element elementor-element-e0aebe9 e-flex e-con-boxed e-con e-parent\" data-id=\"e0aebe9\" data-element_type=\"container\" data-e-type=\"container\">\n\t\t\t\t\t<div class=\"e-con-inner\">\n\t\t\t\t<div class=\"elementor-element elementor-element-16dcd50 elementor-widget elementor-widget-spacer\" data-id=\"16dcd50\" data-element_type=\"widget\" data-e-type=\"widget\" data-widget_type=\"spacer.default\">\n\t\t\t\t\t\t\t<div class=\"elementor-spacer\">\n\t\t\t<div class=\"elementor-spacer-inner\"><\/div>\n\t\t<\/div>\n\t\t\t\t\t\t<\/div>\n\t\t\t\t\t<\/div>\n\t\t\t\t<\/div>\n\t\t<div class=\"elementor-element elementor-element-c74c957 e-flex e-con-boxed e-con e-parent\" data-id=\"c74c957\" data-element_type=\"container\" data-e-type=\"container\">\n\t\t\t\t\t<div class=\"e-con-inner\">\n\t\t\t\t<div class=\"elementor-element elementor-element-890de5d elementor-widget elementor-widget-html\" data-id=\"890de5d\" data-element_type=\"widget\" data-e-type=\"widget\" data-widget_type=\"html.default\">\n\t\t\t\t\t<div class=\"qodef-shortcode qodef-m  qodef-team-list qodef-item-layout--info-below qodef-grid qodef-layout--columns    qodef-col-num--3 qodef-item-layout--info-below  qodef-pagination--off qodef-responsive--predefined qodef-swiper--show-pagination qodef-swiper--show-pagination-on-mobile-only\" data-options=\"{&quot;plugin&quot;:&quot;dentamedi_core&quot;,&quot;module&quot;:&quot;post-types\\\/team\\\/shortcodes&quot;,&quot;shortcode&quot;:&quot;team-list&quot;,&quot;post_type&quot;:&quot;team&quot;,&quot;next_page&quot;:&quot;2&quot;,&quot;max_pages_num&quot;:1,&quot;team_role&quot;:&quot;yes&quot;,&quot;team_description&quot;:&quot;no&quot;,&quot;behavior&quot;:&quot;columns&quot;,&quot;images_proportion&quot;:&quot;full&quot;,&quot;columns&quot;:&quot;3&quot;,&quot;columns_responsive&quot;:&quot;predefined&quot;,&quot;columns_1512&quot;:&quot;3&quot;,&quot;columns_1368&quot;:&quot;3&quot;,&quot;columns_1200&quot;:&quot;3&quot;,&quot;columns_1024&quot;:&quot;3&quot;,&quot;columns_880&quot;:&quot;3&quot;,&quot;columns_680&quot;:&quot;3&quot;,&quot;indent_slider&quot;:&quot;no&quot;,&quot;posts_per_page&quot;:&quot;9&quot;,&quot;orderby&quot;:&quot;name&quot;,&quot;order&quot;:&quot;DESC&quot;,&quot;layout&quot;:&quot;info-below&quot;,&quot;title_tag&quot;:&quot;h5&quot;,&quot;pagination_type&quot;:&quot;no-pagination&quot;,&quot;object_class_name&quot;:&quot;DentaMediCore_Team_List_Shortcode&quot;,&quot;taxonomy_filter&quot;:&quot;team-category&quot;,&quot;additional_query_args&quot;:[],&quot;holder_styles&quot;:[],&quot;item_classes&quot;:&quot;qodef-e qodef-grid-item &quot;,&quot;has_single&quot;:true}\">\r\n\t\t<div class=\"qodef-grid-inner\">\r\n\t\t<div class=\"qodef-e qodef-grid-item  post-2613 team type-team status-publish has-post-thumbnail hentry team-category-main-team\">\r\n\t<div class=\"qodef-e-inner\">\r\n\t\t<div class=\"qodef-e-image\">\r\n\t\t\t\t<div class=\"qodef-e-media-image\">\r\n\t\t\t\t\t<a itemprop=\"url\" href=\"https:\/\/bosphoriadentalclinic.com\/blog\/team\/umit-tok\/\">\r\n\t\t\t\t\t<img fetchpriority=\"high\" fetchpriority=\"high\" decoding=\"async\" width=\"1024\" height=\"1536\" src=\"https:\/\/bosphoriadentalclinic.com\/wp-content\/uploads\/2025\/07\/umit-tok.png\" class=\"attachment-full size-full wp-post-image\" alt=\"doctor image\" srcset=\"https:\/\/bosphoriadentalclinic.com\/wp-content\/uploads\/2025\/07\/umit-tok.png 1024w, https:\/\/bosphoriadentalclinic.com\/wp-content\/uploads\/2025\/07\/umit-tok-200x300.png 200w, https:\/\/bosphoriadentalclinic.com\/wp-content\/uploads\/2025\/07\/umit-tok-683x1024.png 683w, https:\/\/bosphoriadentalclinic.com\/wp-content\/uploads\/2025\/07\/umit-tok-768x1152.png 768w\" sizes=\"(max-width: 1024px) 100vw, 1024px\">\t\t\t\t\t<\/a>\r\n\t\t\t<\/div>\r\n\t\t<\/div>\r\n\t\t<div class=\"qodef-e-content\">\r\n\t\t\t\t<p class=\"qodef-e-role\"> Cofondator<\/p>\r\n\t\t\t<h5 itemprop=\"name\" class=\"qodef-e-title entry-title\">\r\n\t\t\t<a itemprop=\"url\" class=\"qodef-e-title-link\" href=\"https:\/\/bosphoriadentalclinic.com\/blog\/team\/umit-tok\/\">\r\n\t\t\tDt. \u00dcmit Tok\t\t\t<\/a>\r\n\t<\/h5>\r\n\t\t\t\t\t\t    <div class=\"qodef-social-icon\">\r\n                        <a class=\"qodef-team-member-social-icon\" href=\"https:\/\/www.facebook.com\/drumittok\/\" target=\"_blank\" rel=\"noopener\">\r\n                                        <span class=\"qodef-icon-text-label\">fb<\/span><\/a>\r\n                                    <a class=\"qodef-team-member-social-icon\" href=\"https:\/\/www.instagram.com\/drumittok\/\" target=\"_blank\" rel=\"noopener\">\r\n                                        <span class=\"qodef-icon-text-label\">in<\/span><\/a>\r\n                        <\/div>\r\n\t\t<\/div>\r\n\t<\/div>\r\n<\/div>\r\n<div class=\"qodef-e qodef-grid-item  post-2619 team type-team status-publish has-post-thumbnail hentry team-category-main-team\">\r\n\t<div class=\"qodef-e-inner\">\r\n\t\t<div class=\"qodef-e-image\">\r\n\t\t\t\t<div class=\"qodef-e-media-image\">\r\n\t\t\t\t\t<a itemprop=\"url\" href=\"https:\/\/bosphoriadentalclinic.com\/blog\/team\/ilker-topcu\/\">\r\n\t\t\t\t\t<img decoding=\"async\" width=\"1024\" height=\"1536\" src=\"https:\/\/bosphoriadentalclinic.com\/wp-content\/uploads\/2025\/07\/ilker-topcu.png\" class=\"attachment-full size-full wp-post-image\" alt=\"doctor image\" srcset=\"https:\/\/bosphoriadentalclinic.com\/wp-content\/uploads\/2025\/07\/ilker-topcu.png 1024w, https:\/\/bosphoriadentalclinic.com\/wp-content\/uploads\/2025\/07\/ilker-topcu-200x300.png 200w, https:\/\/bosphoriadentalclinic.com\/wp-content\/uploads\/2025\/07\/ilker-topcu-683x1024.png 683w, https:\/\/bosphoriadentalclinic.com\/wp-content\/uploads\/2025\/07\/ilker-topcu-768x1152.png 768w\" sizes=\"(max-width: 1024px) 100vw, 1024px\">\t\t\t\t\t<\/a>\r\n\t\t\t<\/div>\r\n\t\t<\/div>\r\n\t\t<div class=\"qodef-e-content\">\r\n\t\t\t\t<p class=\"qodef-e-role\"> Cofondator<\/p>\r\n\t\t\t<h5 itemprop=\"name\" class=\"qodef-e-title entry-title\">\r\n\t\t\t<a itemprop=\"url\" class=\"qodef-e-title-link\" href=\"https:\/\/bosphoriadentalclinic.com\/blog\/team\/ilker-topcu\/\">\r\n\t\t\tDt. \u0130lker Top\u00e7u\t\t\t<\/a>\r\n\t<\/h5>\r\n\t\t\t\t\t\t    <div class=\"qodef-social-icon\">\r\n                        <a class=\"qodef-team-member-social-icon\" href=\"https:\/\/www.facebook.com\/ilkertopcu\/\" target=\"_blank\" rel=\"noopener\">\r\n                                        <span class=\"qodef-icon-text-label\">fb<\/span><\/a>\r\n                                    <a class=\"qodef-team-member-social-icon\" href=\"https:\/\/www.instagram.com\/drilkertopcu\/\" target=\"_blank\" rel=\"noopener\">\r\n                                        <span class=\"qodef-icon-text-label\">in<\/span><\/a>\r\n                        <\/div>\r\n\t\t<\/div>\r\n\t<\/div>\r\n<\/div>\r\n<div class=\"qodef-e qodef-grid-item  post-2606 team type-team status-publish has-post-thumbnail hentry team-category-main-team\">\r\n\t<div class=\"qodef-e-inner\">\r\n\t\t<div class=\"qodef-e-image\">\r\n\t\t\t\t<div class=\"qodef-e-media-image\">\r\n\t\t\t\t\t<a itemprop=\"url\" href=\"https:\/\/bosphoriadentalclinic.com\/blog\/team\/huseyin-asci\/\">\r\n\t\t\t\t\t<img decoding=\"async\" width=\"1600\" height=\"2400\" src=\"https:\/\/bosphoriadentalclinic.com\/wp-content\/uploads\/2025\/07\/huseyin-asci.png\" class=\"attachment-full size-full wp-post-image\" alt=\"doctor image\" srcset=\"https:\/\/bosphoriadentalclinic.com\/wp-content\/uploads\/2025\/07\/huseyin-asci.png 1600w, https:\/\/bosphoriadentalclinic.com\/wp-content\/uploads\/2025\/07\/huseyin-asci-200x300.png 200w, https:\/\/bosphoriadentalclinic.com\/wp-content\/uploads\/2025\/07\/huseyin-asci-683x1024.png 683w, https:\/\/bosphoriadentalclinic.com\/wp-content\/uploads\/2025\/07\/huseyin-asci-768x1152.png 768w, https:\/\/bosphoriadentalclinic.com\/wp-content\/uploads\/2025\/07\/huseyin-asci-1024x1536.png 1024w, https:\/\/bosphoriadentalclinic.com\/wp-content\/uploads\/2025\/07\/huseyin-asci-1365x2048.png 1365w\" sizes=\"(max-width: 1600px) 100vw, 1600px\">\t\t\t\t\t<\/a>\r\n\t\t\t<\/div>\r\n\t\t<\/div>\r\n\t\t<div class=\"qodef-e-content\">\r\n\t\t\t\t<p class=\"qodef-e-role\"> Cofondator<\/p>\r\n\t\t\t<h5 itemprop=\"name\" class=\"qodef-e-title entry-title\">\r\n\t\t\t<a itemprop=\"url\" class=\"qodef-e-title-link\" href=\"https:\/\/bosphoriadentalclinic.com\/blog\/team\/huseyin-asci\/\">\r\n\t\t\tDt. H\u00fcseyin A\u015fc\u0131\t\t\t<\/a>\r\n\t<\/h5>\r\n\t\t\t\t\t\t    <div class=\"qodef-social-icon\">\r\n                        <a class=\"qodef-team-member-social-icon\" href=\"https:\/\/www.instagram.com\/dr.huseyinasci\/\" target=\"_blank\" rel=\"noopener\">\r\n                                        <span class=\"qodef-icon-text-label\">in<\/span><\/a>\r\n                               \r\n                        <\/div>\r\n\t\t<\/div>\r\n\t<\/div>\r\n<\/div>\r\n<div class=\"qodef-e qodef-grid-item  post-119 team type-team status-publish has-post-thumbnail hentry team-category-main-team\">\r\n\t<div class=\"qodef-e-inner\">\r\n\t\t<div class=\"qodef-e-image\">\r\n\t\t\t\t<div class=\"qodef-e-media-image\">\r\n\t\t\t\t\t<a itemprop=\"url\" href=\"https:\/\/bosphoriadentalclinic.com\/blog\/team\/emrah-aydogdu\/\">\r\n\t\t\t\t\t<img loading=\"lazy\" loading=\"lazy\" decoding=\"async\" width=\"1600\" height=\"2400\" src=\"https:\/\/bosphoriadentalclinic.com\/wp-content\/uploads\/2025\/07\/emrah-aydogdu.png\" class=\"attachment-full size-full wp-post-image\" alt=\"doctor image\" srcset=\"https:\/\/bosphoriadentalclinic.com\/wp-content\/uploads\/2025\/07\/emrah-aydogdu.png 1600w, https:\/\/bosphoriadentalclinic.com\/wp-content\/uploads\/2025\/07\/emrah-aydogdu-200x300.png 200w, https:\/\/bosphoriadentalclinic.com\/wp-content\/uploads\/2025\/07\/emrah-aydogdu-683x1024.png 683w, https:\/\/bosphoriadentalclinic.com\/wp-content\/uploads\/2025\/07\/emrah-aydogdu-768x1152.png 768w, https:\/\/bosphoriadentalclinic.com\/wp-content\/uploads\/2025\/07\/emrah-aydogdu-1024x1536.png 1024w, https:\/\/bosphoriadentalclinic.com\/wp-content\/uploads\/2025\/07\/emrah-aydogdu-1365x2048.png 1365w\" sizes=\"auto, (max-width: 1600px) 100vw, 1600px\">\t\t\t\t\t<\/a>\r\n\t\t\t<\/div>\r\n\t\t<\/div>\r\n\t\t<div class=\"qodef-e-content\">\r\n\t\t\t\t<p class=\"qodef-e-role\"> Cofondator<\/p>\r\n\t\t\t<h5 itemprop=\"name\" class=\"qodef-e-title entry-title\">\r\n\t\t\t<a itemprop=\"url\" class=\"qodef-e-title-link\" href=\"https:\/\/bosphoriadentalclinic.com\/blog\/team\/emrah-aydogdu\/\">\r\n\t\t\tDt. Emrah Aydo\u011fdu\t\t\t<\/a>\r\n\t<\/h5>\r\n\t\t\t\t\t\t    <div class=\"qodef-social-icon\">\r\n                        \r\n                        <\/div>\r\n\t\t<\/div>\r\n\t<\/div>\r\n<\/div>\r\n<div class=\"qodef-e qodef-grid-item  post-7986 team type-team status-publish has-post-thumbnail hentry team-category-main-team\">\r\n\t<div class=\"qodef-e-inner\">\r\n\t\t<div class=\"qodef-e-image\">\r\n\t\t\t\t<div class=\"qodef-e-media-image\">\r\n\t\t\t\t\t<a itemprop=\"url\" href=\"https:\/\/bosphoriadentalclinic.com\/blog\/team\/dt-gokhan-atay\/\">\r\n\t\t\t\t\t<img loading=\"lazy\" loading=\"lazy\" decoding=\"async\" width=\"1024\" height=\"1536\" src=\"https:\/\/bosphoriadentalclinic.com\/wp-content\/uploads\/2025\/07\/gokhan-atay.png\" class=\"attachment-full size-full wp-post-image\" alt=\"doctor image\" srcset=\"https:\/\/bosphoriadentalclinic.com\/wp-content\/uploads\/2025\/07\/gokhan-atay.png 1024w, https:\/\/bosphoriadentalclinic.com\/wp-content\/uploads\/2025\/07\/gokhan-atay-200x300.png 200w, https:\/\/bosphoriadentalclinic.com\/wp-content\/uploads\/2025\/07\/gokhan-atay-683x1024.png 683w, https:\/\/bosphoriadentalclinic.com\/wp-content\/uploads\/2025\/07\/gokhan-atay-768x1152.png 768w\" sizes=\"auto, (max-width: 1024px) 100vw, 1024px\">\t\t\t\t\t<\/a>\r\n\t\t\t<\/div>\r\n\t\t<\/div>\r\n\t\t<div class=\"qodef-e-content\">\r\n\t\t\t\t<p class=\"qodef-e-role\">Ortodon\u021bie<\/p>\r\n\t\t\t<h5 itemprop=\"name\" class=\"qodef-e-title entry-title\">\r\n\t\t\t<a itemprop=\"url\" class=\"qodef-e-title-link\" href=\"https:\/\/bosphoriadentalclinic.com\/blog\/team\/dt-gokhan-atay\/\">\r\n\t\t\tDt. G\u00f6khan Atay\t\t\t<\/a>\r\n\t<\/h5>\r\n\t\t\t\t\t\t\t\t<\/div>\r\n\t<\/div>\r\n<\/div>\r\n<div class=\"qodef-e qodef-grid-item  post-7980 team type-team status-publish has-post-thumbnail hentry team-category-main-team\">\r\n\t<div class=\"qodef-e-inner\">\r\n\t\t<div class=\"qodef-e-image\">\r\n\t\t\t\t<div class=\"qodef-e-media-image\">\r\n\t\t\t\t\t<a itemprop=\"url\" href=\"https:\/\/bosphoriadentalclinic.com\/blog\/team\/dt-ammar-dervis\/\">\r\n\t\t\t\t\t<img loading=\"lazy\" loading=\"lazy\" decoding=\"async\" width=\"1024\" height=\"1536\" src=\"https:\/\/bosphoriadentalclinic.com\/wp-content\/uploads\/2025\/07\/ammar-dervis.png\" class=\"attachment-full size-full wp-post-image\" alt=\"doctor image\" srcset=\"https:\/\/bosphoriadentalclinic.com\/wp-content\/uploads\/2025\/07\/ammar-dervis.png 1024w, https:\/\/bosphoriadentalclinic.com\/wp-content\/uploads\/2025\/07\/ammar-dervis-200x300.png 200w, https:\/\/bosphoriadentalclinic.com\/wp-content\/uploads\/2025\/07\/ammar-dervis-683x1024.png 683w, https:\/\/bosphoriadentalclinic.com\/wp-content\/uploads\/2025\/07\/ammar-dervis-768x1152.png 768w\" sizes=\"auto, (max-width: 1024px) 100vw, 1024px\">\t\t\t\t\t<\/a>\r\n\t\t\t<\/div>\r\n\t\t<\/div>\r\n\t\t<div class=\"qodef-e-content\">\r\n\t\t\t\t<p class=\"qodef-e-role\">Chirurgie oral\u0103 \u0219i maxilo-facial\u0103<\/p>\r\n\t\t\t<h5 itemprop=\"name\" class=\"qodef-e-title entry-title\">\r\n\t\t\t<a itemprop=\"url\" class=\"qodef-e-title-link\" href=\"https:\/\/bosphoriadentalclinic.com\/blog\/team\/dt-ammar-dervis\/\">\r\n\t\t\tDt. Ammar Dervi\u015f\t\t\t<\/a>\r\n\t<\/h5>\r\n\t\t\t\t\t\t    <div class=\"qodef-social-icon\">\r\n                        <a class=\"qodef-team-member-social-icon\" href=\"https:\/\/www.instagram.com\/dr.ammarderviss\/\" target=\"_blank\" rel=\"noopener\">\r\n                                        <span class=\"qodef-icon-text-label\">in<\/span><\/a>\r\n                        <\/div>\r\n\t\t<\/div>\r\n\t<\/div>\r\n<\/div>\r\n\t<\/div>\r\n\t<\/div>\t\t\t\t<\/div>\n\t\t\t\t\t<\/div>\n\t\t\t\t<\/div>\n\t\t\t\t<\/div>\n\t\t","protected":false},"excerpt":{"rendered":"<p>Echipa noastr\u0103 Cofondator Dt. \u00dcmit Tok fb in Cofondator Dt. \u0130lker Top\u00e7u fb in Cofondator Dt. H\u00fcseyin A\u015fc\u0131 in Cofondator Dt. Emrah Aydo\u011fdu Ortodon\u021bie Dt. G\u00f6khan Atay Chirurgie oral\u0103 \u0219i maxilo-facial\u0103 Dt. Ammar Dervi\u015f in<\/p>\n","protected":false},"author":1,"featured_media":0,"parent":0,"menu_order":0,"comment_status":"closed","ping_status":"closed","template":"page-full-width.php","meta":{"footnotes":""},"class_list":["post-2779","page","type-page","status-publish","hentry"],"yoast_head":"<!-- This site is optimized with the Yoast SEO plugin v27.4 - https:\/\/yoast.com\/product\/yoast-seo-wordpress\/ -->\n<title>Echipa noastr\u0103 - Clinica Dentar\u0103 Bosphoria<\/title>\n<meta name=\"description\" content=\"Meet our expert dental team dedicated to providing personalized care and the latest treatments for your healthiest smile.\" \/>\n<meta name=\"robots\" content=\"index, follow, max-snippet:-1, max-image-preview:large, max-video-preview:-1\" \/>\n<link rel=\"canonical\" href=\"https:\/\/bosphoriadentalclinic.com\/ro\/echipa-noastra\/\" \/>\n<meta property=\"og:locale\" content=\"tr_TR\" \/>\n<meta property=\"og:type\" content=\"article\" \/>\n<meta property=\"og:title\" content=\"Echipa noastr\u0103 - Clinica Dentar\u0103 Bosphoria\" \/>\n<meta property=\"og:description\" content=\"Meet our expert dental team dedicated to providing personalized care and the latest treatments for your healthiest smile.\" \/>\n<meta property=\"og:url\" content=\"https:\/\/bosphoriadentalclinic.com\/ro\/echipa-noastra\/\" \/>\n<meta property=\"og:site_name\" content=\"Clinica Dentar\u0103 Bosphoria\" \/>\n<meta property=\"article:modified_time\" content=\"2025-08-04T11:35:26+00:00\" \/>\n<meta property=\"og:image\" content=\"https:\/\/bosphoriadentalclinic.com\/wp-content\/uploads\/2025\/07\/umit-tok.png\" \/>\n<meta name=\"twitter:card\" content=\"summary_large_image\" \/>\n<meta name=\"twitter:label1\" content=\"Tahmini okuma s\u00fcresi\" \/>\n\t<meta name=\"twitter:data1\" content=\"2 dakika\" \/>\n<script type=\"application\/ld+json\" class=\"yoast-schema-graph\">{\"@context\":\"https:\\\/\\\/schema.org\",\"@graph\":[{\"@type\":\"WebPage\",\"@id\":\"https:\\\/\\\/bosphoriadentalclinic.com\\\/ro\\\/echipa-noastra\\\/\",\"url\":\"https:\\\/\\\/bosphoriadentalclinic.com\\\/ro\\\/echipa-noastra\\\/\",\"name\":\"Echipa noastr\u0103 - Clinica Dentar\u0103 Bosphoria\",\"isPartOf\":{\"@id\":\"https:\\\/\\\/bosphoriadentalclinic.com\\\/ro\\\/#website\"},\"primaryImageOfPage\":{\"@id\":\"https:\\\/\\\/bosphoriadentalclinic.com\\\/ro\\\/echipa-noastra\\\/#primaryimage\"},\"image\":{\"@id\":\"https:\\\/\\\/bosphoriadentalclinic.com\\\/ro\\\/echipa-noastra\\\/#primaryimage\"},\"thumbnailUrl\":\"https:\\\/\\\/bosphoriadentalclinic.com\\\/wp-content\\\/uploads\\\/2025\\\/07\\\/umit-tok.png\",\"datePublished\":\"2024-04-01T07:53:21+00:00\",\"dateModified\":\"2025-08-04T11:35:26+00:00\",\"description\":\"Meet our expert dental team dedicated to providing personalized care and the latest treatments for your healthiest smile.\",\"breadcrumb\":{\"@id\":\"https:\\\/\\\/bosphoriadentalclinic.com\\\/ro\\\/echipa-noastra\\\/#breadcrumb\"},\"inLanguage\":\"tr\",\"potentialAction\":[{\"@type\":\"ReadAction\",\"target\":[\"https:\\\/\\\/bosphoriadentalclinic.com\\\/ro\\\/echipa-noastra\\\/\"]}]},{\"@type\":\"ImageObject\",\"inLanguage\":\"tr\",\"@id\":\"https:\\\/\\\/bosphoriadentalclinic.com\\\/ro\\\/echipa-noastra\\\/#primaryimage\",\"url\":\"https:\\\/\\\/bosphoriadentalclinic.com\\\/wp-content\\\/uploads\\\/2025\\\/07\\\/umit-tok.png\",\"contentUrl\":\"https:\\\/\\\/bosphoriadentalclinic.com\\\/wp-content\\\/uploads\\\/2025\\\/07\\\/umit-tok.png\"},{\"@type\":\"BreadcrumbList\",\"@id\":\"https:\\\/\\\/bosphoriadentalclinic.com\\\/ro\\\/echipa-noastra\\\/#breadcrumb\",\"itemListElement\":[{\"@type\":\"ListItem\",\"position\":1,\"name\":\"Anasayfa\",\"item\":\"https:\\\/\\\/bosphoriadentalclinic.com\\\/ro\\\/\"},{\"@type\":\"ListItem\",\"position\":2,\"name\":\"Echipa noastr\u0103\"}]},{\"@type\":\"WebSite\",\"@id\":\"https:\\\/\\\/bosphoriadentalclinic.com\\\/ro\\\/#website\",\"url\":\"https:\\\/\\\/bosphoriadentalclinic.com\\\/ro\\\/\",\"name\":\"Clinica Dentar\u0103 Bosphoria\",\"description\":\"Z\u00e2mbe\u0219te cu Bosphoria\",\"potentialAction\":[{\"@type\":\"SearchAction\",\"target\":{\"@type\":\"EntryPoint\",\"urlTemplate\":\"https:\\\/\\\/bosphoriadentalclinic.com\\\/ro\\\/?s={search_term_string}\"},\"query-input\":{\"@type\":\"PropertyValueSpecification\",\"valueRequired\":true,\"valueName\":\"search_term_string\"}}],\"inLanguage\":\"tr\"}]}<\/script>\n<!-- \/ Yoast SEO plugin. -->","yoast_head_json":{"title":"Echipa noastr\u0103 - Clinica Dentar\u0103 Bosphoria","description":"Meet our expert dental team dedicated to providing personalized care and the latest treatments for your healthiest smile.","robots":{"index":"index","follow":"follow","max-snippet":"max-snippet:-1","max-image-preview":"max-image-preview:large","max-video-preview":"max-video-preview:-1"},"canonical":"https:\/\/bosphoriadentalclinic.com\/ro\/echipa-noastra\/","og_locale":"tr_TR","og_type":"article","og_title":"Echipa noastr\u0103 - Clinica Dentar\u0103 Bosphoria","og_description":"Meet our expert dental team dedicated to providing personalized care and the latest treatments for your healthiest smile.","og_url":"https:\/\/bosphoriadentalclinic.com\/ro\/echipa-noastra\/","og_site_name":"Clinica Dentar\u0103 Bosphoria","article_modified_time":"2025-08-04T11:35:26+00:00","og_image":[{"url":"https:\/\/bosphoriadentalclinic.com\/wp-content\/uploads\/2025\/07\/umit-tok.png","type":"","width":"","height":""}],"twitter_card":"summary_large_image","twitter_misc":{"Tahmini okuma s\u00fcresi":"2 dakika"},"schema":{"@context":"https:\/\/schema.org","@graph":[{"@type":"WebPage","@id":"https:\/\/bosphoriadentalclinic.com\/ro\/echipa-noastra\/","url":"https:\/\/bosphoriadentalclinic.com\/ro\/echipa-noastra\/","name":"Echipa noastr\u0103 - Clinica Dentar\u0103 Bosphoria","isPartOf":{"@id":"https:\/\/bosphoriadentalclinic.com\/ro\/#website"},"primaryImageOfPage":{"@id":"https:\/\/bosphoriadentalclinic.com\/ro\/echipa-noastra\/#primaryimage"},"image":{"@id":"https:\/\/bosphoriadentalclinic.com\/ro\/echipa-noastra\/#primaryimage"},"thumbnailUrl":"https:\/\/bosphoriadentalclinic.com\/wp-content\/uploads\/2025\/07\/umit-tok.png","datePublished":"2024-04-01T07:53:21+00:00","dateModified":"2025-08-04T11:35:26+00:00","description":"Meet our expert dental team dedicated to providing personalized care and the latest treatments for your healthiest smile.","breadcrumb":{"@id":"https:\/\/bosphoriadentalclinic.com\/ro\/echipa-noastra\/#breadcrumb"},"inLanguage":"tr","potentialAction":[{"@type":"ReadAction","target":["https:\/\/bosphoriadentalclinic.com\/ro\/echipa-noastra\/"]}]},{"@type":"ImageObject","inLanguage":"tr","@id":"https:\/\/bosphoriadentalclinic.com\/ro\/echipa-noastra\/#primaryimage","url":"https:\/\/bosphoriadentalclinic.com\/wp-content\/uploads\/2025\/07\/umit-tok.png","contentUrl":"https:\/\/bosphoriadentalclinic.com\/wp-content\/uploads\/2025\/07\/umit-tok.png"},{"@type":"BreadcrumbList","@id":"https:\/\/bosphoriadentalclinic.com\/ro\/echipa-noastra\/#breadcrumb","itemListElement":[{"@type":"ListItem","position":1,"name":"Anasayfa","item":"https:\/\/bosphoriadentalclinic.com\/ro\/"},{"@type":"ListItem","position":2,"name":"Echipa noastr\u0103"}]},{"@type":"WebSite","@id":"https:\/\/bosphoriadentalclinic.com\/ro\/#website","url":"https:\/\/bosphoriadentalclinic.com\/ro\/","name":"Clinica Dentar\u0103 Bosphoria","description":"Z\u00e2mbe\u0219te cu Bosphoria","potentialAction":[{"@type":"SearchAction","target":{"@type":"EntryPoint","urlTemplate":"https:\/\/bosphoriadentalclinic.com\/ro\/?s={search_term_string}"},"query-input":{"@type":"PropertyValueSpecification","valueRequired":true,"valueName":"search_term_string"}}],"inLanguage":"tr"}]}},"_links":{"self":[{"href":"https:\/\/bosphoriadentalclinic.com\/ro\/wp-json\/wp\/v2\/pages\/2779","targetHints":{"allow":["GET"]}}],"collection":[{"href":"https:\/\/bosphoriadentalclinic.com\/ro\/wp-json\/wp\/v2\/pages"}],"about":[{"href":"https:\/\/bosphoriadentalclinic.com\/ro\/wp-json\/wp\/v2\/types\/page"}],"author":[{"embeddable":true,"href":"https:\/\/bosphoriadentalclinic.com\/ro\/wp-json\/wp\/v2\/users\/1"}],"replies":[{"embeddable":true,"href":"https:\/\/bosphoriadentalclinic.com\/ro\/wp-json\/wp\/v2\/comments?post=2779"}],"version-history":[{"count":9,"href":"https:\/\/bosphoriadentalclinic.com\/ro\/wp-json\/wp\/v2\/pages\/2779\/revisions"}],"predecessor-version":[{"id":9017,"href":"https:\/\/bosphoriadentalclinic.com\/ro\/wp-json\/wp\/v2\/pages\/2779\/revisions\/9017"}],"wp:attachment":[{"href":"https:\/\/bosphoriadentalclinic.com\/ro\/wp-json\/wp\/v2\/media?parent=2779"}],"curies":[{"name":"wp","href":"https:\/\/api.w.org\/{rel}","templated":true}]}}