{"id":7537,"date":"2025-06-17T12:41:38","date_gmt":"2025-06-17T12:41:38","guid":{"rendered":"https:\/\/bosphoriadentalclinic.com\/?page_id=7537"},"modified":"2025-07-29T16:30:46","modified_gmt":"2025-07-29T13:30:46","slug":"implant-dentar","status":"publish","type":"page","link":"https:\/\/bosphoriadentalclinic.com\/ro\/implant-dentar\/","title":{"rendered":"Implant dentar"},"content":{"rendered":"\t\t<div data-elementor-type=\"wp-page\" data-elementor-id=\"7537\" class=\"elementor elementor-7537\" data-elementor-post-type=\"page\">\n\t\t\t\t<div class=\"elementor-element elementor-element-4550199 e-con-full e-flex e-con e-parent\" data-id=\"4550199\" data-element_type=\"container\" data-e-type=\"container\" data-settings=\"{&quot;background_background&quot;:&quot;classic&quot;}\">\n\t\t\t\t<div class=\"elementor-element elementor-element-25024600 elementor-widget elementor-widget-heading\" data-id=\"25024600\" data-element_type=\"widget\" data-e-type=\"widget\" data-widget_type=\"heading.default\">\n\t\t\t\t\t<h1 class=\"elementor-heading-title elementor-size-default\">Implant<\/h1>\t\t\t\t<\/div>\n\t\t\t\t<\/div>\n\t\t<div class=\"elementor-element elementor-element-4cc2dcd1 e-flex e-con-boxed e-con e-parent\" data-id=\"4cc2dcd1\" data-element_type=\"container\" data-e-type=\"container\">\n\t\t\t\t\t<div class=\"e-con-inner\">\n\t\t\t\t<div class=\"elementor-element elementor-element-2d02074f elementor-widget elementor-widget-heading\" data-id=\"2d02074f\" data-element_type=\"widget\" data-e-type=\"widget\" data-widget_type=\"heading.default\">\n\t\t\t\t\t<h2 class=\"elementor-heading-title elementor-size-default\">Ce sunt implanturile dentare?<\/h2>\t\t\t\t<\/div>\n\t\t\t\t<div class=\"elementor-element elementor-element-628595d9 elementor-widget elementor-widget-text-editor\" data-id=\"628595d9\" data-element_type=\"widget\" data-e-type=\"widget\" data-widget_type=\"text-editor.default\">\n\t\t\t\t\t\t\t\t\t<p data-start=\"0\" data-end=\"113\">\u00a0Implanturile dentare sunt compuse din trei p\u0103r\u021bi principale: un \u0219urub din titan, un bont \u0219i componente protetice.<\/p><p data-start=\"115\" data-end=\"385\">\u0218urubul din titan este inserat \u00een osul maxilarului \u0219i \u00eenlocuie\u0219te r\u0103d\u0103cina natural\u0103 a dintelui, fiind cea mai bun\u0103 alternativ\u0103 la r\u0103d\u0103cinile dentare naturale.<br data-start=\"273\" data-end=\"276\" \/>Bontul leag\u0103 restaurarea protetic\u0103 de \u0219urubul din titan fixat \u00een os, asigur\u00e2nd o structur\u0103 solid\u0103 \u0219i stabil\u0103.<\/p><p data-start=\"387\" data-end=\"649\" data-is-last-node=\"\" data-is-only-node=\"\">Tratamentul prin implant poate fi utilizat \u00een siguran\u021b\u0103 pentru \u00eenlocuirea unui dinte, mai multor din\u021bi sau a unei denti\u021bii complete.<br data-start=\"519\" data-end=\"522\" \/>Datorit\u0103 implanturilor, este posibil\u0103 restaurarea at\u00e2t a func\u021biei, c\u00e2t \u0219i a esteticii, f\u0103r\u0103 a deteriora din\u021bii naturali r\u0103ma\u0219i.<\/p>\t\t\t\t\t\t\t\t<\/div>\n\t\t\t\t\t<\/div>\n\t\t\t\t<\/div>\n\t\t<div class=\"elementor-element elementor-element-d5cdaed e-flex e-con-boxed e-con e-parent\" data-id=\"d5cdaed\" data-element_type=\"container\" data-e-type=\"container\">\n\t\t\t\t\t<div class=\"e-con-inner\">\n\t\t\t\t<div class=\"elementor-element elementor-element-877ea52 elementor-widget elementor-widget-image\" data-id=\"877ea52\" data-element_type=\"widget\" data-e-type=\"widget\" data-widget_type=\"image.default\">\n\t\t\t\t\t\t\t\t\t\t\t\t\t\t\t<img fetchpriority=\"high\" decoding=\"async\" width=\"1600\" height=\"500\" src=\"https:\/\/bosphoriadentalclinic.com\/ro\/wp-content\/uploads\/sites\/4\/2025\/07\/implant-banner-1.png\" class=\"attachment-full size-full wp-image-8786\" alt=\"\" srcset=\"https:\/\/bosphoriadentalclinic.com\/ro\/wp-content\/uploads\/sites\/4\/2025\/07\/implant-banner-1.png 1600w, https:\/\/bosphoriadentalclinic.com\/ro\/wp-content\/uploads\/sites\/4\/2025\/07\/implant-banner-1-300x94.png 300w, https:\/\/bosphoriadentalclinic.com\/ro\/wp-content\/uploads\/sites\/4\/2025\/07\/implant-banner-1-1024x320.png 1024w, https:\/\/bosphoriadentalclinic.com\/ro\/wp-content\/uploads\/sites\/4\/2025\/07\/implant-banner-1-768x240.png 768w, https:\/\/bosphoriadentalclinic.com\/ro\/wp-content\/uploads\/sites\/4\/2025\/07\/implant-banner-1-1536x480.png 1536w\" sizes=\"(max-width: 1600px) 100vw, 1600px\" \/>\t\t\t\t\t\t\t\t\t\t\t\t\t\t\t<\/div>\n\t\t\t\t\t<\/div>\n\t\t\t\t<\/div>\n\t\t<div class=\"elementor-element elementor-element-1b03b0ac e-flex e-con-boxed e-con e-parent\" data-id=\"1b03b0ac\" data-element_type=\"container\" data-e-type=\"container\">\n\t\t\t\t\t<div class=\"e-con-inner\">\n\t\t<div class=\"elementor-element elementor-element-2e5a99c9 e-con-full e-flex e-con e-child\" data-id=\"2e5a99c9\" data-element_type=\"container\" data-e-type=\"container\">\n\t\t\t\t<div class=\"elementor-element elementor-element-6e94faec elementor-widget elementor-widget-heading\" data-id=\"6e94faec\" data-element_type=\"widget\" data-e-type=\"widget\" data-widget_type=\"heading.default\">\n\t\t\t\t\t<h4 class=\"elementor-heading-title elementor-size-default\">\u00cen ce cazuri se pot pune implanturi?<\/h4>\t\t\t\t<\/div>\n\t\t\t\t<div class=\"elementor-element elementor-element-168e6593 elementor-widget elementor-widget-text-editor\" data-id=\"168e6593\" data-element_type=\"widget\" data-e-type=\"widget\" data-widget_type=\"text-editor.default\">\n\t\t\t\t\t\t\t\t\t<p data-start=\"0\" data-end=\"145\">Este important s\u0103 ne amintim c\u0103 din\u021bii ne ajut\u0103 nu doar s\u0103 mestec\u0103m alimentele, ci influen\u021beaz\u0103 \u0219i vorbirea, aspectul \u0219i chiar carisma personal\u0103.<\/p><p data-start=\"147\" data-end=\"207\">Implanturile dentare pot fi utilizate \u00een urm\u0103toarele cazuri:<\/p><p data-start=\"209\" data-end=\"311\" data-is-last-node=\"\" data-is-only-node=\"\">\u2014 Pierderea unui dinte<br data-start=\"231\" data-end=\"234\" \/>\u2014 Lipsa mai multor din\u021bi<br data-start=\"258\" data-end=\"261\" data-is-only-node=\"\" \/>\u2014 Edenta\u021bie complet\u0103 (pierderea total\u0103 a din\u021bilor)<\/p>\t\t\t\t\t\t\t\t<\/div>\n\t\t\t\t<div class=\"elementor-element elementor-element-25f07e9 elementor-widget elementor-widget-heading\" data-id=\"25f07e9\" data-element_type=\"widget\" data-e-type=\"widget\" data-widget_type=\"heading.default\">\n\t\t\t\t\t<h4 class=\"elementor-heading-title elementor-size-default\">Care sunt avantajele implanturilor dentare?<\/h4>\t\t\t\t<\/div>\n\t\t\t\t<div class=\"elementor-element elementor-element-db9f2fd elementor-widget elementor-widget-text-editor\" data-id=\"db9f2fd\" data-element_type=\"widget\" data-e-type=\"widget\" data-widget_type=\"text-editor.default\">\n\t\t\t\t\t\t\t\t\t<p data-start=\"0\" data-end=\"55\">Implanturile sunt solide, confortabile \u0219i de \u00eencredere.<\/p><p data-start=\"57\" data-end=\"286\">Protezele sus\u021binute de implanturi reprezint\u0103 cea mai natural\u0103 alternativ\u0103 la din\u021bii reali.<br data-start=\"147\" data-end=\"150\" \/>Unul dintre principalele avantaje ale implanturilor este c\u0103 nu necesit\u0103 atingerea sau \u0219lefuirea din\u021bilor s\u0103n\u0103to\u0219i \u00een timpul restaur\u0103rii.<\/p><p data-start=\"288\" data-end=\"384\">\u00cen plus, comparativ cu alte solu\u021bii protetice, implanturile au o durat\u0103 de via\u021b\u0103 mult mai lung\u0103.<\/p><p data-start=\"386\" data-end=\"441\">Tratamentul cu implanturi este deosebit de util pentru:<\/p><p data-start=\"443\" data-end=\"629\">\u2014 Pacien\u021bii care au pierdut posibilitatea de a folosi proteze fixe din cauza pierderii mai multor din\u021bi<br data-start=\"546\" data-end=\"549\" \/>\u2014 Pacien\u021bii ale c\u0103ror proteze mobile sunt slab fixate din cauza pierderii osoase<\/p><p data-start=\"631\" data-end=\"829\">Odat\u0103 cu prelungirea duratei de via\u021b\u0103 \u0219i importan\u021ba tot mai mare a calit\u0103\u021bii vie\u021bii, tot mai multe persoane caut\u0103 solu\u021bii permanente care ofer\u0103 confort \u0219i func\u021bionalitate p\u00e2n\u0103 la o v\u00e2rst\u0103 \u00eenaintat\u0103.<\/p><p data-start=\"831\" data-end=\"948\" data-is-last-node=\"\" data-is-only-node=\"\">De la o v\u00e2rst\u0103 fraged\u0103, nimeni nu dore\u0219te s\u0103 depind\u0103 de proteze mobile \u2014 aici implanturile devin o solu\u021bie excelent\u0103.<\/p>\t\t\t\t\t\t\t\t<\/div>\n\t\t\t\t<\/div>\n\t\t\t\t\t<\/div>\n\t\t\t\t<\/div>\n\t\t<div class=\"elementor-element elementor-element-79e98caa e-flex e-con-boxed e-con e-parent\" data-id=\"79e98caa\" data-element_type=\"container\" data-e-type=\"container\">\n\t\t\t\t\t<div class=\"e-con-inner\">\n\t\t<div class=\"elementor-element elementor-element-520f657e e-con-full e-flex e-con e-child\" data-id=\"520f657e\" data-element_type=\"container\" data-e-type=\"container\">\n\t\t\t\t<div class=\"elementor-element elementor-element-5f95949f elementor-widget elementor-widget-image\" data-id=\"5f95949f\" data-element_type=\"widget\" data-e-type=\"widget\" data-widget_type=\"image.default\">\n\t\t\t\t\t\t\t\t\t\t\t\t\t\t\t<img decoding=\"async\" src=\"https:\/\/bosphoriadentalclinic.com\/wp-content\/uploads\/2025\/06\/vecteezy_phone-call-icon-old-telephone-icon-calling-phone_26494837-scaled.png\" title=\"\" alt=\"\" loading=\"lazy\" \/>\t\t\t\t\t\t\t\t\t\t\t\t\t\t\t<\/div>\n\t\t\t\t<div class=\"elementor-element elementor-element-6ebb82d0 elementor-widget elementor-widget-text-editor\" data-id=\"6ebb82d0\" data-element_type=\"widget\" data-e-type=\"widget\" data-widget_type=\"text-editor.default\">\n\t\t\t\t\t\t\t\t\t<article class=\"text-token-text-primary w-full\" dir=\"auto\" data-testid=\"conversation-turn-46\" data-scroll-anchor=\"false\"><div class=\"text-base my-auto mx-auto [--thread-content-margin:--spacing(4)] @[37rem]:[--thread-content-margin:--spacing(6)] @[72rem]:[--thread-content-margin:--spacing(16)] px-(--thread-content-margin)\"><div class=\"[--thread-content-max-width:32rem] @[34rem]:[--thread-content-max-width:40rem] @[64rem]:[--thread-content-max-width:48rem] mx-auto flex max-w-(--thread-content-max-width) flex-1 text-base gap-4 md:gap-5 lg:gap-6 group\/turn-messages focus-visible:outline-hidden\" tabindex=\"-1\"><div class=\"group\/conversation-turn relative flex w-full min-w-0 flex-col agent-turn\"><div class=\"relative flex-col gap-1 md:gap-3\"><div class=\"flex max-w-full flex-col grow\"><div class=\"min-h-8 text-message relative flex w-full flex-col items-end gap-2 text-start break-words whitespace-normal [.text-message+&amp;]:mt-5\" dir=\"auto\" data-message-author-role=\"assistant\" data-message-id=\"20b53b20-7fa1-4732-970d-dd06e42432d8\" data-message-model-slug=\"gpt-4-1-mini\"><div class=\"flex w-full flex-col gap-1 empty:hidden first:pt-[3px]\"><div class=\"markdown prose dark:prose-invert w-full break-words dark\"><p data-start=\"21\" data-end=\"46\" data-is-last-node=\"\" data-is-only-node=\"\">Contacta\u021bi echipa noastr\u0103<\/p><\/div><\/div><\/div><\/div><\/div><\/div><\/div><\/div><\/article>\t\t\t\t\t\t\t\t<\/div>\n\t\t\t\t<\/div>\n\t\t<div class=\"elementor-element elementor-element-5f1a1bc7 e-con-full e-flex e-con e-child\" data-id=\"5f1a1bc7\" data-element_type=\"container\" data-e-type=\"container\">\n\t\t\t\t<div class=\"elementor-element elementor-element-7dfa8f90 elementor-widget elementor-widget-image\" data-id=\"7dfa8f90\" data-element_type=\"widget\" data-e-type=\"widget\" data-widget_type=\"image.default\">\n\t\t\t\t\t\t\t\t\t\t\t\t\t\t\t<img decoding=\"async\" src=\"https:\/\/bosphoriadentalclinic.com\/wp-content\/uploads\/2025\/06\/pngtree-consultant-line-icon-png-image_9063183.png\" title=\"\" alt=\"\" loading=\"lazy\" \/>\t\t\t\t\t\t\t\t\t\t\t\t\t\t\t<\/div>\n\t\t\t\t<div class=\"elementor-element elementor-element-7512b96a elementor-widget elementor-widget-text-editor\" data-id=\"7512b96a\" data-element_type=\"widget\" data-e-type=\"widget\" data-widget_type=\"text-editor.default\">\n\t\t\t\t\t\t\t\t\t<p>Consulta\u021bie gratuit\u0103<\/p>\t\t\t\t\t\t\t\t<\/div>\n\t\t\t\t<\/div>\n\t\t<div class=\"elementor-element elementor-element-6318e34c e-con-full e-flex e-con e-child\" data-id=\"6318e34c\" data-element_type=\"container\" data-e-type=\"container\">\n\t\t\t\t<div class=\"elementor-element elementor-element-437c5132 elementor-widget elementor-widget-image\" data-id=\"437c5132\" data-element_type=\"widget\" data-e-type=\"widget\" data-widget_type=\"image.default\">\n\t\t\t\t\t\t\t\t\t\t\t\t\t\t\t<img decoding=\"async\" src=\"https:\/\/bosphoriadentalclinic.com\/wp-content\/uploads\/2025\/06\/treatment-plan.png\" title=\"\" alt=\"\" loading=\"lazy\" \/>\t\t\t\t\t\t\t\t\t\t\t\t\t\t\t<\/div>\n\t\t\t\t<div class=\"elementor-element elementor-element-4963df74 elementor-widget elementor-widget-text-editor\" data-id=\"4963df74\" data-element_type=\"widget\" data-e-type=\"widget\" data-widget_type=\"text-editor.default\">\n\t\t\t\t\t\t\t\t\t<p>Plan de tratament<\/p>\t\t\t\t\t\t\t\t<\/div>\n\t\t\t\t<\/div>\n\t\t<div class=\"elementor-element elementor-element-edd0f54 e-con-full e-flex e-con e-child\" data-id=\"edd0f54\" data-element_type=\"container\" data-e-type=\"container\">\n\t\t\t\t<div class=\"elementor-element elementor-element-6657a7ea elementor-widget elementor-widget-image\" data-id=\"6657a7ea\" data-element_type=\"widget\" data-e-type=\"widget\" data-widget_type=\"image.default\">\n\t\t\t\t\t\t\t\t\t\t\t\t\t\t\t<img decoding=\"async\" src=\"https:\/\/bosphoriadentalclinic.com\/wp-content\/uploads\/2025\/06\/smile-icon.png\" title=\"\" alt=\"\" loading=\"lazy\" \/>\t\t\t\t\t\t\t\t\t\t\t\t\t\t\t<\/div>\n\t\t\t\t<div class=\"elementor-element elementor-element-637b80f4 elementor-widget elementor-widget-text-editor\" data-id=\"637b80f4\" data-element_type=\"widget\" data-e-type=\"widget\" data-widget_type=\"text-editor.default\">\n\t\t\t\t\t\t\t\t\t<p>Iat\u0103-l! Un z\u00e2mbet str\u0103lucitor.<\/p>\t\t\t\t\t\t\t\t<\/div>\n\t\t\t\t<\/div>\n\t\t\t\t\t<\/div>\n\t\t\t\t<\/div>\n\t\t\t\t<\/div>\n\t\t","protected":false},"excerpt":{"rendered":"<p>Implant Ce sunt implanturile dentare? \u00a0Implanturile dentare sunt compuse din trei p\u0103r\u021bi principale: un \u0219urub din titan, un bont \u0219i componente protetice. \u0218urubul din titan este inserat \u00een osul maxilarului \u0219i \u00eenlocuie\u0219te r\u0103d\u0103cina natural\u0103 a dintelui, fiind cea mai bun\u0103 alternativ\u0103 la r\u0103d\u0103cinile dentare naturale.Bontul leag\u0103 restaurarea protetic\u0103 de \u0219urubul din titan fixat \u00een os, [&hellip;]<\/p>\n","protected":false},"author":1,"featured_media":0,"parent":0,"menu_order":0,"comment_status":"closed","ping_status":"closed","template":"page-full-width.php","meta":{"footnotes":""},"class_list":["post-7537","page","type-page","status-publish","hentry"],"yoast_head":"<!-- This site is optimized with the Yoast SEO plugin v27.4 - https:\/\/yoast.com\/product\/yoast-seo-wordpress\/ -->\n<title>Implant dentar - Clinica Dentar\u0103 Bosphoria<\/title>\n<meta name=\"description\" content=\"Restore your smile with dental implants natural look, secure fit, and long-lasting comfort. Eat, speak, and smile with confidence.\" \/>\n<meta name=\"robots\" content=\"index, follow, max-snippet:-1, max-image-preview:large, max-video-preview:-1\" \/>\n<link rel=\"canonical\" href=\"https:\/\/bosphoriadentalclinic.com\/ro\/implant-dentar\/\" \/>\n<meta property=\"og:locale\" content=\"tr_TR\" \/>\n<meta property=\"og:type\" content=\"article\" \/>\n<meta property=\"og:title\" content=\"Implant dentar - Clinica Dentar\u0103 Bosphoria\" \/>\n<meta property=\"og:description\" content=\"Restore your smile with dental implants natural look, secure fit, and long-lasting comfort. Eat, speak, and smile with confidence.\" \/>\n<meta property=\"og:url\" content=\"https:\/\/bosphoriadentalclinic.com\/ro\/implant-dentar\/\" \/>\n<meta property=\"og:site_name\" content=\"Clinica Dentar\u0103 Bosphoria\" \/>\n<meta property=\"article:modified_time\" content=\"2025-07-29T13:30:46+00:00\" \/>\n<meta property=\"og:image\" content=\"https:\/\/bosphoriadentalclinic.com\/ro\/wp-content\/uploads\/sites\/4\/2025\/07\/implant-banner-1.png\" \/>\n\t<meta property=\"og:image:width\" content=\"1600\" \/>\n\t<meta property=\"og:image:height\" content=\"500\" \/>\n\t<meta property=\"og:image:type\" content=\"image\/png\" \/>\n<meta name=\"twitter:card\" content=\"summary_large_image\" \/>\n<meta name=\"twitter:label1\" content=\"Tahmini okuma s\u00fcresi\" \/>\n\t<meta name=\"twitter:data1\" content=\"2 dakika\" \/>\n<script type=\"application\/ld+json\" class=\"yoast-schema-graph\">{\"@context\":\"https:\\\/\\\/schema.org\",\"@graph\":[{\"@type\":\"WebPage\",\"@id\":\"https:\\\/\\\/bosphoriadentalclinic.com\\\/ro\\\/implant-dentar\\\/\",\"url\":\"https:\\\/\\\/bosphoriadentalclinic.com\\\/ro\\\/implant-dentar\\\/\",\"name\":\"Implant dentar - Clinica Dentar\u0103 Bosphoria\",\"isPartOf\":{\"@id\":\"https:\\\/\\\/bosphoriadentalclinic.com\\\/ro\\\/#website\"},\"primaryImageOfPage\":{\"@id\":\"https:\\\/\\\/bosphoriadentalclinic.com\\\/ro\\\/implant-dentar\\\/#primaryimage\"},\"image\":{\"@id\":\"https:\\\/\\\/bosphoriadentalclinic.com\\\/ro\\\/implant-dentar\\\/#primaryimage\"},\"thumbnailUrl\":\"https:\\\/\\\/bosphoriadentalclinic.com\\\/ro\\\/wp-content\\\/uploads\\\/sites\\\/4\\\/2025\\\/07\\\/implant-banner-1.png\",\"datePublished\":\"2025-06-17T12:41:38+00:00\",\"dateModified\":\"2025-07-29T13:30:46+00:00\",\"description\":\"Restore your smile with dental implants natural look, secure fit, and long-lasting comfort. Eat, speak, and smile with confidence.\",\"breadcrumb\":{\"@id\":\"https:\\\/\\\/bosphoriadentalclinic.com\\\/ro\\\/implant-dentar\\\/#breadcrumb\"},\"inLanguage\":\"tr\",\"potentialAction\":[{\"@type\":\"ReadAction\",\"target\":[\"https:\\\/\\\/bosphoriadentalclinic.com\\\/ro\\\/implant-dentar\\\/\"]}]},{\"@type\":\"ImageObject\",\"inLanguage\":\"tr\",\"@id\":\"https:\\\/\\\/bosphoriadentalclinic.com\\\/ro\\\/implant-dentar\\\/#primaryimage\",\"url\":\"https:\\\/\\\/bosphoriadentalclinic.com\\\/ro\\\/wp-content\\\/uploads\\\/sites\\\/4\\\/2025\\\/07\\\/implant-banner-1.png\",\"contentUrl\":\"https:\\\/\\\/bosphoriadentalclinic.com\\\/ro\\\/wp-content\\\/uploads\\\/sites\\\/4\\\/2025\\\/07\\\/implant-banner-1.png\",\"width\":1600,\"height\":500},{\"@type\":\"BreadcrumbList\",\"@id\":\"https:\\\/\\\/bosphoriadentalclinic.com\\\/ro\\\/implant-dentar\\\/#breadcrumb\",\"itemListElement\":[{\"@type\":\"ListItem\",\"position\":1,\"name\":\"Anasayfa\",\"item\":\"https:\\\/\\\/bosphoriadentalclinic.com\\\/ro\\\/\"},{\"@type\":\"ListItem\",\"position\":2,\"name\":\"Implant dentar\"}]},{\"@type\":\"WebSite\",\"@id\":\"https:\\\/\\\/bosphoriadentalclinic.com\\\/ro\\\/#website\",\"url\":\"https:\\\/\\\/bosphoriadentalclinic.com\\\/ro\\\/\",\"name\":\"Clinica Dentar\u0103 Bosphoria\",\"description\":\"Z\u00e2mbe\u0219te cu Bosphoria\",\"potentialAction\":[{\"@type\":\"SearchAction\",\"target\":{\"@type\":\"EntryPoint\",\"urlTemplate\":\"https:\\\/\\\/bosphoriadentalclinic.com\\\/ro\\\/?s={search_term_string}\"},\"query-input\":{\"@type\":\"PropertyValueSpecification\",\"valueRequired\":true,\"valueName\":\"search_term_string\"}}],\"inLanguage\":\"tr\"}]}<\/script>\n<!-- \/ Yoast SEO plugin. -->","yoast_head_json":{"title":"Implant dentar - Clinica Dentar\u0103 Bosphoria","description":"Restore your smile with dental implants natural look, secure fit, and long-lasting comfort. Eat, speak, and smile with confidence.","robots":{"index":"index","follow":"follow","max-snippet":"max-snippet:-1","max-image-preview":"max-image-preview:large","max-video-preview":"max-video-preview:-1"},"canonical":"https:\/\/bosphoriadentalclinic.com\/ro\/implant-dentar\/","og_locale":"tr_TR","og_type":"article","og_title":"Implant dentar - Clinica Dentar\u0103 Bosphoria","og_description":"Restore your smile with dental implants natural look, secure fit, and long-lasting comfort. Eat, speak, and smile with confidence.","og_url":"https:\/\/bosphoriadentalclinic.com\/ro\/implant-dentar\/","og_site_name":"Clinica Dentar\u0103 Bosphoria","article_modified_time":"2025-07-29T13:30:46+00:00","og_image":[{"width":1600,"height":500,"url":"https:\/\/bosphoriadentalclinic.com\/ro\/wp-content\/uploads\/sites\/4\/2025\/07\/implant-banner-1.png","type":"image\/png"}],"twitter_card":"summary_large_image","twitter_misc":{"Tahmini okuma s\u00fcresi":"2 dakika"},"schema":{"@context":"https:\/\/schema.org","@graph":[{"@type":"WebPage","@id":"https:\/\/bosphoriadentalclinic.com\/ro\/implant-dentar\/","url":"https:\/\/bosphoriadentalclinic.com\/ro\/implant-dentar\/","name":"Implant dentar - Clinica Dentar\u0103 Bosphoria","isPartOf":{"@id":"https:\/\/bosphoriadentalclinic.com\/ro\/#website"},"primaryImageOfPage":{"@id":"https:\/\/bosphoriadentalclinic.com\/ro\/implant-dentar\/#primaryimage"},"image":{"@id":"https:\/\/bosphoriadentalclinic.com\/ro\/implant-dentar\/#primaryimage"},"thumbnailUrl":"https:\/\/bosphoriadentalclinic.com\/ro\/wp-content\/uploads\/sites\/4\/2025\/07\/implant-banner-1.png","datePublished":"2025-06-17T12:41:38+00:00","dateModified":"2025-07-29T13:30:46+00:00","description":"Restore your smile with dental implants natural look, secure fit, and long-lasting comfort. Eat, speak, and smile with confidence.","breadcrumb":{"@id":"https:\/\/bosphoriadentalclinic.com\/ro\/implant-dentar\/#breadcrumb"},"inLanguage":"tr","potentialAction":[{"@type":"ReadAction","target":["https:\/\/bosphoriadentalclinic.com\/ro\/implant-dentar\/"]}]},{"@type":"ImageObject","inLanguage":"tr","@id":"https:\/\/bosphoriadentalclinic.com\/ro\/implant-dentar\/#primaryimage","url":"https:\/\/bosphoriadentalclinic.com\/ro\/wp-content\/uploads\/sites\/4\/2025\/07\/implant-banner-1.png","contentUrl":"https:\/\/bosphoriadentalclinic.com\/ro\/wp-content\/uploads\/sites\/4\/2025\/07\/implant-banner-1.png","width":1600,"height":500},{"@type":"BreadcrumbList","@id":"https:\/\/bosphoriadentalclinic.com\/ro\/implant-dentar\/#breadcrumb","itemListElement":[{"@type":"ListItem","position":1,"name":"Anasayfa","item":"https:\/\/bosphoriadentalclinic.com\/ro\/"},{"@type":"ListItem","position":2,"name":"Implant dentar"}]},{"@type":"WebSite","@id":"https:\/\/bosphoriadentalclinic.com\/ro\/#website","url":"https:\/\/bosphoriadentalclinic.com\/ro\/","name":"Clinica Dentar\u0103 Bosphoria","description":"Z\u00e2mbe\u0219te cu Bosphoria","potentialAction":[{"@type":"SearchAction","target":{"@type":"EntryPoint","urlTemplate":"https:\/\/bosphoriadentalclinic.com\/ro\/?s={search_term_string}"},"query-input":{"@type":"PropertyValueSpecification","valueRequired":true,"valueName":"search_term_string"}}],"inLanguage":"tr"}]}},"_links":{"self":[{"href":"https:\/\/bosphoriadentalclinic.com\/ro\/wp-json\/wp\/v2\/pages\/7537","targetHints":{"allow":["GET"]}}],"collection":[{"href":"https:\/\/bosphoriadentalclinic.com\/ro\/wp-json\/wp\/v2\/pages"}],"about":[{"href":"https:\/\/bosphoriadentalclinic.com\/ro\/wp-json\/wp\/v2\/types\/page"}],"author":[{"embeddable":true,"href":"https:\/\/bosphoriadentalclinic.com\/ro\/wp-json\/wp\/v2\/users\/1"}],"replies":[{"embeddable":true,"href":"https:\/\/bosphoriadentalclinic.com\/ro\/wp-json\/wp\/v2\/comments?post=7537"}],"version-history":[{"count":7,"href":"https:\/\/bosphoriadentalclinic.com\/ro\/wp-json\/wp\/v2\/pages\/7537\/revisions"}],"predecessor-version":[{"id":8886,"href":"https:\/\/bosphoriadentalclinic.com\/ro\/wp-json\/wp\/v2\/pages\/7537\/revisions\/8886"}],"wp:attachment":[{"href":"https:\/\/bosphoriadentalclinic.com\/ro\/wp-json\/wp\/v2\/media?parent=7537"}],"curies":[{"name":"wp","href":"https:\/\/api.w.org\/{rel}","templated":true}]}}