{"id":7557,"date":"2025-06-17T13:36:34","date_gmt":"2025-06-17T13:36:34","guid":{"rendered":"https:\/\/bosphoriadentalclinic.com\/?page_id=7557"},"modified":"2025-08-04T15:10:30","modified_gmt":"2025-08-04T12:10:30","slug":"fatete-ceramice","status":"publish","type":"page","link":"https:\/\/bosphoriadentalclinic.com\/ro\/fatete-ceramice\/","title":{"rendered":"Fa\u021bete ceramice"},"content":{"rendered":"\t\t<div data-elementor-type=\"wp-page\" data-elementor-id=\"7557\" class=\"elementor elementor-7557\" data-elementor-post-type=\"page\">\n\t\t\t\t<div class=\"elementor-element elementor-element-1b068f6e qodef-elementor-content-grid e-flex e-con-boxed e-con e-parent\" data-id=\"1b068f6e\" data-element_type=\"container\" data-e-type=\"container\" data-settings=\"{&quot;background_background&quot;:&quot;classic&quot;}\">\n\t\t\t\t\t<div class=\"e-con-inner\">\n\t\t\t\t<div class=\"elementor-element elementor-element-5f4e1dd4 elementor-widget elementor-widget-heading\" data-id=\"5f4e1dd4\" data-element_type=\"widget\" data-e-type=\"widget\" data-widget_type=\"heading.default\">\n\t\t\t\t\t<h1 class=\"elementor-heading-title elementor-size-default\">Fa\u021bete ceramice<\/h1>\t\t\t\t<\/div>\n\t\t\t\t\t<\/div>\n\t\t\t\t<\/div>\n\t\t<div class=\"elementor-element elementor-element-6ff787d e-flex e-con-boxed e-con e-parent\" data-id=\"6ff787d\" data-element_type=\"container\" data-e-type=\"container\">\n\t\t\t\t\t<div class=\"e-con-inner\">\n\t\t\t\t<div class=\"elementor-element elementor-element-d497061 elementor-widget elementor-widget-spacer\" data-id=\"d497061\" data-element_type=\"widget\" data-e-type=\"widget\" data-widget_type=\"spacer.default\">\n\t\t\t\t\t\t\t<div class=\"elementor-spacer\">\n\t\t\t<div class=\"elementor-spacer-inner\"><\/div>\n\t\t<\/div>\n\t\t\t\t\t\t<\/div>\n\t\t\t\t\t<\/div>\n\t\t\t\t<\/div>\n\t\t<div class=\"elementor-element elementor-element-6c6bd5c qodef-elementor-content-grid e-flex e-con-boxed e-con e-parent\" data-id=\"6c6bd5c\" data-element_type=\"container\" data-e-type=\"container\" data-settings=\"{&quot;background_background&quot;:&quot;classic&quot;}\">\n\t\t\t\t\t<div class=\"e-con-inner\">\n\t\t<div class=\"elementor-element elementor-element-678157d e-con-full e-flex e-con e-child\" data-id=\"678157d\" data-element_type=\"container\" data-e-type=\"container\">\n\t\t\t\t<div class=\"elementor-element elementor-element-ba9e6d8 elementor-widget elementor-widget-heading\" data-id=\"ba9e6d8\" data-element_type=\"widget\" data-e-type=\"widget\" data-widget_type=\"heading.default\">\n\t\t\t\t\t<h3 class=\"elementor-heading-title elementor-size-default\">Ce este o fa\u021bet\u0103 dentar\u0103 (fa\u021bet\u0103 din por\u021belan)?<\/h3>\t\t\t\t<\/div>\n\t\t\t\t<div class=\"elementor-element elementor-element-0b5711a elementor-widget elementor-widget-text-editor\" data-id=\"0b5711a\" data-element_type=\"widget\" data-e-type=\"widget\" data-widget_type=\"text-editor.default\">\n\t\t\t\t\t\t\t\t\t<p data-start=\"26\" data-end=\"480\">\u201eLamina\u201d provine din latin\u0103 \u0219i \u00eenseamn\u0103 \u201efoaie\u201d sau \u201eplac\u0103\u201d, referindu-se la fa\u021betele din por\u021belan ultra-sub\u021biri care se aplic\u0103 pe din\u021bi cu o preg\u0103tire minim\u0103.<br data-start=\"159\" data-end=\"162\" \/>Fa\u021betele dentare sunt unele dintre cele mai pu\u021bin invazive restaur\u0103ri, necesit\u00e2nd doar o reducere a smal\u021bului de 0,3 p\u00e2n\u0103 la 0,7 mm.<br data-start=\"294\" data-end=\"297\" \/>Aceste straturi sub\u021biri de por\u021belan sunt lipite pe suprafa\u021ba frontal\u0103 a din\u021bilor, cre\u00e2nd un aspect natural \u0219i estetic.<\/p>\t\t\t\t\t\t\t\t<\/div>\n\t\t\t\t<\/div>\n\t\t<div class=\"elementor-element elementor-element-0c05d05 e-con-full e-flex e-con e-child\" data-id=\"0c05d05\" data-element_type=\"container\" data-e-type=\"container\">\n\t\t<div class=\"elementor-element elementor-element-48fd487 e-con-full e-flex e-con e-child\" data-id=\"48fd487\" data-element_type=\"container\" data-e-type=\"container\">\n\t\t\t\t<div class=\"elementor-element elementor-element-ee12ff5 elementor-widget elementor-widget-heading\" data-id=\"ee12ff5\" data-element_type=\"widget\" data-e-type=\"widget\" data-widget_type=\"heading.default\">\n\t\t\t\t\t<h4 class=\"elementor-heading-title elementor-size-default\">C\u00e2nd se folosesc fa\u021betele dentare?<\/h4>\t\t\t\t<\/div>\n\t\t\t\t<div class=\"elementor-element elementor-element-618a6d8 elementor-widget elementor-widget-text-editor\" data-id=\"618a6d8\" data-element_type=\"widget\" data-e-type=\"widget\" data-widget_type=\"text-editor.default\">\n\t\t\t\t\t\t\t\t\t<p data-start=\"0\" data-end=\"65\">Fa\u021betele dentare sunt utilizate \u00een general \u00een urm\u0103toarele cazuri:<\/p><ul><li data-start=\"69\" data-end=\"147\">C\u00e2nd albirea din\u021bilor este ineficient\u0103, dar se dore\u0219te o nuan\u021b\u0103 mai deschis\u0103<\/li><li data-start=\"150\" data-end=\"295\">Pentru din\u021bii cu structur\u0103 deteriorat\u0103 sau cu estetic\u0103 neatractiv\u0103 (de exemplu, din\u021bi frontali foarte plomba\u021bi, decolora\u021bi, p\u0103ta\u021bi sau cr\u0103pa\u021bi)<\/li><li data-start=\"298\" data-end=\"386\">Pentru \u00eenchiderea spa\u021biilor dintre din\u021bii frontali pentru a ob\u021bine o estetic\u0103 ridicat\u0103<\/li><li data-start=\"389\" data-end=\"441\">\u00cen cazul ciobiturilor sau uzurii din\u021bilor frontali<\/li><li data-start=\"444\" data-end=\"510\">La pacien\u021bii cu plombe vechi, \u00eenchise la culoare sau deteriorate<\/li><li data-start=\"513\" data-end=\"584\">Dup\u0103 un tratament de canal care a cauzat colorarea \u00eenchis\u0103 a din\u021bilor<\/li><li data-start=\"587\" data-end=\"695\">La pacien\u021bii cu pozi\u021bion\u0103ri u\u0219oare sau devia\u021bii dentare (nu este potrivit pentru anomalii severe de pozi\u021bie)<\/li><\/ul><p data-start=\"697\" data-end=\"953\" data-is-last-node=\"\" data-is-only-node=\"\">Fa\u021betele pot fi aplicate pe un dinte, mai mul\u021bi din\u021bi sau pe \u00eentregul z\u00e2mbet, \u00een func\u021bie de nevoile estetice.<br data-start=\"806\" data-end=\"809\" \/>C\u00e2nd sunt realizate de un medic dentist experimentat, cu materiale de calitate \u0219i precizie, fa\u021betele dentare ofer\u0103 rezultate estetice excelente.<\/p>\t\t\t\t\t\t\t\t<\/div>\n\t\t\t\t<\/div>\n\t\t\t\t<\/div>\n\t\t<div class=\"elementor-element elementor-element-ac4efd2 e-con-full e-flex e-con e-child\" data-id=\"ac4efd2\" data-element_type=\"container\" data-e-type=\"container\">\n\t\t\t\t<div class=\"elementor-element elementor-element-50a2189 elementor-widget elementor-widget-heading\" data-id=\"50a2189\" data-element_type=\"widget\" data-e-type=\"widget\" data-widget_type=\"heading.default\">\n\t\t\t\t\t<h4 class=\"elementor-heading-title elementor-size-default\">Cine este un candidat potrivit pentru fa\u021betele dentare?<\/h4>\t\t\t\t<\/div>\n\t\t\t\t<div class=\"elementor-element elementor-element-a80d24a elementor-widget elementor-widget-text-editor\" data-id=\"a80d24a\" data-element_type=\"widget\" data-e-type=\"widget\" data-widget_type=\"text-editor.default\">\n\t\t\t\t\t\t\t\t\t<p>Fa\u021betele dentare pot fi aplicate la majoritatea persoanelor cu v\u00e2rsta de 18 ani \u0219i peste, care nu sunt mul\u021bumite de aspectul din\u021bilor frontali.<\/p>\t\t\t\t\t\t\t\t<\/div>\n\t\t\t\t<\/div>\n\t\t<div class=\"elementor-element elementor-element-98e39d5 e-con-full e-flex e-con e-child\" data-id=\"98e39d5\" data-element_type=\"container\" data-e-type=\"container\">\n\t\t\t\t<div class=\"elementor-element elementor-element-a72bbae elementor-widget elementor-widget-heading\" data-id=\"a72bbae\" data-element_type=\"widget\" data-e-type=\"widget\" data-widget_type=\"heading.default\">\n\t\t\t\t\t<h4 class=\"elementor-heading-title elementor-size-default\">Cui nu \u00eei sunt potrivite fa\u021betele dentare?<\/h4>\t\t\t\t<\/div>\n\t\t\t\t<div class=\"elementor-element elementor-element-028f727 elementor-widget elementor-widget-text-editor\" data-id=\"028f727\" data-element_type=\"widget\" data-e-type=\"widget\" data-widget_type=\"text-editor.default\">\n\t\t\t\t\t\t\t\t\t<p data-start=\"0\" data-end=\"172\">Pacien\u021bii care prezint\u0103 urm\u0103toarele condi\u021bii pot s\u0103 nu fie eligibili pentru aplicarea fa\u021betelor dentare, cu excep\u021bia cazului \u00een care aceste probleme sunt tratate mai \u00eent\u00e2i:<\/p><ul><li data-start=\"176\" data-end=\"251\">Bruxism (scr\u00e2\u0219nirea sau str\u00e2ngerea din\u021bilor, mai ales \u00een timpul somnului)<\/li><li data-start=\"254\" data-end=\"308\">Tulbur\u0103ri severe ale articula\u021biei temporomandibulare<\/li><li data-start=\"311\" data-end=\"412\">Obiceiuri d\u0103un\u0103toare, cum ar fi rosul unghiilor, mestecatul pixurilor sau al altor obiecte similare<\/li><li data-start=\"415\" data-end=\"445\">Retrac\u021bia gingival\u0103 avansat\u0103<\/li><\/ul><p data-start=\"447\" data-end=\"633\" data-is-last-node=\"\" data-is-only-node=\"\">Aplicarea fa\u021betelor \u00een prezen\u021ba acestor condi\u021bii poate duce la deteriorarea sau desprinderea lor. Este necesar un tratament adecvat al problemelor de baz\u0103 \u00eenainte de aplicarea fa\u021betelor.<\/p>\t\t\t\t\t\t\t\t<\/div>\n\t\t\t\t<\/div>\n\t\t\t\t\t<\/div>\n\t\t\t\t<\/div>\n\t\t<div class=\"elementor-element elementor-element-f74ab85 e-flex e-con-boxed e-con e-parent\" data-id=\"f74ab85\" data-element_type=\"container\" data-e-type=\"container\">\n\t\t\t\t\t<div class=\"e-con-inner\">\n\t\t<div class=\"elementor-element elementor-element-1dc1f0f e-con-full e-flex e-con e-child\" data-id=\"1dc1f0f\" data-element_type=\"container\" data-e-type=\"container\">\n\t\t<div class=\"elementor-element elementor-element-a246f17 e-con-full e-flex e-con e-child\" data-id=\"a246f17\" data-element_type=\"container\" data-e-type=\"container\">\n\t\t\t\t<div class=\"elementor-element elementor-element-e9a012a elementor-widget elementor-widget-image\" data-id=\"e9a012a\" data-element_type=\"widget\" data-e-type=\"widget\" data-widget_type=\"image.default\">\n\t\t\t\t\t\t\t\t\t\t\t\t\t\t\t<img decoding=\"async\" src=\"https:\/\/bosphoriadentalclinic.com\/wp-content\/uploads\/2025\/06\/vecteezy_phone-call-icon-old-telephone-icon-calling-phone_26494837-scaled.png\" title=\"\" alt=\"\" loading=\"lazy\" \/>\t\t\t\t\t\t\t\t\t\t\t\t\t\t\t<\/div>\n\t\t\t\t<div class=\"elementor-element elementor-element-1f8490a elementor-widget elementor-widget-text-editor\" data-id=\"1f8490a\" data-element_type=\"widget\" data-e-type=\"widget\" data-widget_type=\"text-editor.default\">\n\t\t\t\t\t\t\t\t\t<article class=\"text-token-text-primary w-full\" dir=\"auto\" data-testid=\"conversation-turn-46\" data-scroll-anchor=\"false\"><div class=\"text-base my-auto mx-auto [--thread-content-margin:--spacing(4)] @[37rem]:[--thread-content-margin:--spacing(6)] @[72rem]:[--thread-content-margin:--spacing(16)] px-(--thread-content-margin)\"><div class=\"[--thread-content-max-width:32rem] @[34rem]:[--thread-content-max-width:40rem] @[64rem]:[--thread-content-max-width:48rem] mx-auto flex max-w-(--thread-content-max-width) flex-1 text-base gap-4 md:gap-5 lg:gap-6 group\/turn-messages focus-visible:outline-hidden\" tabindex=\"-1\"><div class=\"group\/conversation-turn relative flex w-full min-w-0 flex-col agent-turn\"><div class=\"relative flex-col gap-1 md:gap-3\"><div class=\"flex max-w-full flex-col grow\"><div class=\"min-h-8 text-message relative flex w-full flex-col items-end gap-2 text-start break-words whitespace-normal [.text-message+&amp;]:mt-5\" dir=\"auto\" data-message-author-role=\"assistant\" data-message-id=\"20b53b20-7fa1-4732-970d-dd06e42432d8\" data-message-model-slug=\"gpt-4-1-mini\"><div class=\"flex w-full flex-col gap-1 empty:hidden first:pt-[3px]\"><div class=\"markdown prose dark:prose-invert w-full break-words dark\"><p data-start=\"21\" data-end=\"46\" data-is-last-node=\"\" data-is-only-node=\"\">Contacta\u021bi echipa noastr\u0103<\/p><\/div><\/div><\/div><\/div><\/div><\/div><\/div><\/div><\/article>\t\t\t\t\t\t\t\t<\/div>\n\t\t\t\t<\/div>\n\t\t<div class=\"elementor-element elementor-element-6b37753 e-con-full e-flex e-con e-child\" data-id=\"6b37753\" data-element_type=\"container\" data-e-type=\"container\">\n\t\t\t\t<div class=\"elementor-element elementor-element-bccddf9 elementor-widget elementor-widget-image\" data-id=\"bccddf9\" data-element_type=\"widget\" data-e-type=\"widget\" data-widget_type=\"image.default\">\n\t\t\t\t\t\t\t\t\t\t\t\t\t\t\t<img decoding=\"async\" src=\"https:\/\/bosphoriadentalclinic.com\/wp-content\/uploads\/2025\/06\/pngtree-consultant-line-icon-png-image_9063183.png\" title=\"\" alt=\"\" loading=\"lazy\" \/>\t\t\t\t\t\t\t\t\t\t\t\t\t\t\t<\/div>\n\t\t\t\t<div class=\"elementor-element elementor-element-b6ada8c elementor-widget elementor-widget-text-editor\" data-id=\"b6ada8c\" data-element_type=\"widget\" data-e-type=\"widget\" data-widget_type=\"text-editor.default\">\n\t\t\t\t\t\t\t\t\t<p>Consulta\u021bie gratuit\u0103<\/p>\t\t\t\t\t\t\t\t<\/div>\n\t\t\t\t<\/div>\n\t\t<div class=\"elementor-element elementor-element-a434fd5 e-con-full e-flex e-con e-child\" data-id=\"a434fd5\" data-element_type=\"container\" data-e-type=\"container\">\n\t\t\t\t<div class=\"elementor-element elementor-element-9ab79b1 elementor-widget elementor-widget-image\" data-id=\"9ab79b1\" data-element_type=\"widget\" data-e-type=\"widget\" data-widget_type=\"image.default\">\n\t\t\t\t\t\t\t\t\t\t\t\t\t\t\t<img decoding=\"async\" src=\"https:\/\/bosphoriadentalclinic.com\/wp-content\/uploads\/2025\/06\/treatment-plan.png\" title=\"\" alt=\"\" loading=\"lazy\" \/>\t\t\t\t\t\t\t\t\t\t\t\t\t\t\t<\/div>\n\t\t\t\t<div class=\"elementor-element elementor-element-1a80484 elementor-widget elementor-widget-text-editor\" data-id=\"1a80484\" data-element_type=\"widget\" data-e-type=\"widget\" data-widget_type=\"text-editor.default\">\n\t\t\t\t\t\t\t\t\t<p>Plan de tratament<\/p>\t\t\t\t\t\t\t\t<\/div>\n\t\t\t\t<\/div>\n\t\t<div class=\"elementor-element elementor-element-44683d8 e-con-full e-flex e-con e-child\" data-id=\"44683d8\" data-element_type=\"container\" data-e-type=\"container\">\n\t\t\t\t<div class=\"elementor-element elementor-element-b25fabd elementor-widget elementor-widget-image\" data-id=\"b25fabd\" data-element_type=\"widget\" data-e-type=\"widget\" data-widget_type=\"image.default\">\n\t\t\t\t\t\t\t\t\t\t\t\t\t\t\t<img decoding=\"async\" src=\"https:\/\/bosphoriadentalclinic.com\/wp-content\/uploads\/2025\/06\/smile-icon.png\" title=\"\" alt=\"\" loading=\"lazy\" \/>\t\t\t\t\t\t\t\t\t\t\t\t\t\t\t<\/div>\n\t\t\t\t<div class=\"elementor-element elementor-element-f6735e0 elementor-widget elementor-widget-text-editor\" data-id=\"f6735e0\" data-element_type=\"widget\" data-e-type=\"widget\" data-widget_type=\"text-editor.default\">\n\t\t\t\t\t\t\t\t\t<p>Iat\u0103-l! Un z\u00e2mbet str\u0103lucitor.<\/p>\t\t\t\t\t\t\t\t<\/div>\n\t\t\t\t<\/div>\n\t\t\t\t<\/div>\n\t\t\t\t\t<\/div>\n\t\t\t\t<\/div>\n\t\t\t\t<\/div>\n\t\t","protected":false},"excerpt":{"rendered":"<p>Fa\u021bete ceramice Ce este o fa\u021bet\u0103 dentar\u0103 (fa\u021bet\u0103 din por\u021belan)? \u201eLamina\u201d provine din latin\u0103 \u0219i \u00eenseamn\u0103 \u201efoaie\u201d sau \u201eplac\u0103\u201d, referindu-se la fa\u021betele din por\u021belan ultra-sub\u021biri care se aplic\u0103 pe din\u021bi cu o preg\u0103tire minim\u0103.Fa\u021betele dentare sunt unele dintre cele mai pu\u021bin invazive restaur\u0103ri, necesit\u00e2nd doar o reducere a smal\u021bului de 0,3 p\u00e2n\u0103 la 0,7 mm.Aceste [&hellip;]<\/p>\n","protected":false},"author":1,"featured_media":0,"parent":0,"menu_order":0,"comment_status":"closed","ping_status":"closed","template":"page-full-width.php","meta":{"footnotes":""},"class_list":["post-7557","page","type-page","status-publish","hentry"],"yoast_head":"<!-- This site is optimized with the Yoast SEO plugin v27.4 - https:\/\/yoast.com\/product\/yoast-seo-wordpress\/ -->\n<title>Fa\u021bete ceramice - Clinica Dentar\u0103 Bosphoria<\/title>\n<meta name=\"description\" content=\"Get a natural, long-lasting smile with ultra-thin laminate veneers. Minimal prep, maximum aesthetics, and a flawless finish.\" \/>\n<meta name=\"robots\" content=\"index, follow, max-snippet:-1, max-image-preview:large, max-video-preview:-1\" \/>\n<link rel=\"canonical\" href=\"https:\/\/bosphoriadentalclinic.com\/ro\/fatete-ceramice\/\" \/>\n<meta property=\"og:locale\" content=\"tr_TR\" \/>\n<meta property=\"og:type\" content=\"article\" \/>\n<meta property=\"og:title\" content=\"Fa\u021bete ceramice - Clinica Dentar\u0103 Bosphoria\" \/>\n<meta property=\"og:description\" content=\"Get a natural, long-lasting smile with ultra-thin laminate veneers. Minimal prep, maximum aesthetics, and a flawless finish.\" \/>\n<meta property=\"og:url\" content=\"https:\/\/bosphoriadentalclinic.com\/ro\/fatete-ceramice\/\" \/>\n<meta property=\"og:site_name\" content=\"Clinica Dentar\u0103 Bosphoria\" \/>\n<meta property=\"article:modified_time\" content=\"2025-08-04T12:10:30+00:00\" \/>\n<meta property=\"og:image\" content=\"https:\/\/bosphoriadentalclinic.com\/wp-content\/uploads\/2025\/06\/vecteezy_phone-call-icon-old-telephone-icon-calling-phone_26494837-scaled.png\" \/>\n<meta name=\"twitter:card\" content=\"summary_large_image\" \/>\n<meta name=\"twitter:label1\" content=\"Tahmini okuma s\u00fcresi\" \/>\n\t<meta name=\"twitter:data1\" content=\"3 dakika\" \/>\n<script type=\"application\/ld+json\" class=\"yoast-schema-graph\">{\"@context\":\"https:\\\/\\\/schema.org\",\"@graph\":[{\"@type\":\"WebPage\",\"@id\":\"https:\\\/\\\/bosphoriadentalclinic.com\\\/ro\\\/fatete-ceramice\\\/\",\"url\":\"https:\\\/\\\/bosphoriadentalclinic.com\\\/ro\\\/fatete-ceramice\\\/\",\"name\":\"Fa\u021bete ceramice - Clinica Dentar\u0103 Bosphoria\",\"isPartOf\":{\"@id\":\"https:\\\/\\\/bosphoriadentalclinic.com\\\/ro\\\/#website\"},\"primaryImageOfPage\":{\"@id\":\"https:\\\/\\\/bosphoriadentalclinic.com\\\/ro\\\/fatete-ceramice\\\/#primaryimage\"},\"image\":{\"@id\":\"https:\\\/\\\/bosphoriadentalclinic.com\\\/ro\\\/fatete-ceramice\\\/#primaryimage\"},\"thumbnailUrl\":\"https:\\\/\\\/bosphoriadentalclinic.com\\\/wp-content\\\/uploads\\\/2025\\\/06\\\/vecteezy_phone-call-icon-old-telephone-icon-calling-phone_26494837-scaled.png\",\"datePublished\":\"2025-06-17T13:36:34+00:00\",\"dateModified\":\"2025-08-04T12:10:30+00:00\",\"description\":\"Get a natural, long-lasting smile with ultra-thin laminate veneers. Minimal prep, maximum aesthetics, and a flawless finish.\",\"breadcrumb\":{\"@id\":\"https:\\\/\\\/bosphoriadentalclinic.com\\\/ro\\\/fatete-ceramice\\\/#breadcrumb\"},\"inLanguage\":\"tr\",\"potentialAction\":[{\"@type\":\"ReadAction\",\"target\":[\"https:\\\/\\\/bosphoriadentalclinic.com\\\/ro\\\/fatete-ceramice\\\/\"]}]},{\"@type\":\"ImageObject\",\"inLanguage\":\"tr\",\"@id\":\"https:\\\/\\\/bosphoriadentalclinic.com\\\/ro\\\/fatete-ceramice\\\/#primaryimage\",\"url\":\"https:\\\/\\\/bosphoriadentalclinic.com\\\/wp-content\\\/uploads\\\/2025\\\/06\\\/vecteezy_phone-call-icon-old-telephone-icon-calling-phone_26494837-scaled.png\",\"contentUrl\":\"https:\\\/\\\/bosphoriadentalclinic.com\\\/wp-content\\\/uploads\\\/2025\\\/06\\\/vecteezy_phone-call-icon-old-telephone-icon-calling-phone_26494837-scaled.png\"},{\"@type\":\"BreadcrumbList\",\"@id\":\"https:\\\/\\\/bosphoriadentalclinic.com\\\/ro\\\/fatete-ceramice\\\/#breadcrumb\",\"itemListElement\":[{\"@type\":\"ListItem\",\"position\":1,\"name\":\"Anasayfa\",\"item\":\"https:\\\/\\\/bosphoriadentalclinic.com\\\/ro\\\/\"},{\"@type\":\"ListItem\",\"position\":2,\"name\":\"Fa\u021bete ceramice\"}]},{\"@type\":\"WebSite\",\"@id\":\"https:\\\/\\\/bosphoriadentalclinic.com\\\/ro\\\/#website\",\"url\":\"https:\\\/\\\/bosphoriadentalclinic.com\\\/ro\\\/\",\"name\":\"Clinica Dentar\u0103 Bosphoria\",\"description\":\"Z\u00e2mbe\u0219te cu Bosphoria\",\"potentialAction\":[{\"@type\":\"SearchAction\",\"target\":{\"@type\":\"EntryPoint\",\"urlTemplate\":\"https:\\\/\\\/bosphoriadentalclinic.com\\\/ro\\\/?s={search_term_string}\"},\"query-input\":{\"@type\":\"PropertyValueSpecification\",\"valueRequired\":true,\"valueName\":\"search_term_string\"}}],\"inLanguage\":\"tr\"}]}<\/script>\n<!-- \/ Yoast SEO plugin. -->","yoast_head_json":{"title":"Fa\u021bete ceramice - Clinica Dentar\u0103 Bosphoria","description":"Get a natural, long-lasting smile with ultra-thin laminate veneers. Minimal prep, maximum aesthetics, and a flawless finish.","robots":{"index":"index","follow":"follow","max-snippet":"max-snippet:-1","max-image-preview":"max-image-preview:large","max-video-preview":"max-video-preview:-1"},"canonical":"https:\/\/bosphoriadentalclinic.com\/ro\/fatete-ceramice\/","og_locale":"tr_TR","og_type":"article","og_title":"Fa\u021bete ceramice - Clinica Dentar\u0103 Bosphoria","og_description":"Get a natural, long-lasting smile with ultra-thin laminate veneers. Minimal prep, maximum aesthetics, and a flawless finish.","og_url":"https:\/\/bosphoriadentalclinic.com\/ro\/fatete-ceramice\/","og_site_name":"Clinica Dentar\u0103 Bosphoria","article_modified_time":"2025-08-04T12:10:30+00:00","og_image":[{"url":"https:\/\/bosphoriadentalclinic.com\/wp-content\/uploads\/2025\/06\/vecteezy_phone-call-icon-old-telephone-icon-calling-phone_26494837-scaled.png","type":"","width":"","height":""}],"twitter_card":"summary_large_image","twitter_misc":{"Tahmini okuma s\u00fcresi":"3 dakika"},"schema":{"@context":"https:\/\/schema.org","@graph":[{"@type":"WebPage","@id":"https:\/\/bosphoriadentalclinic.com\/ro\/fatete-ceramice\/","url":"https:\/\/bosphoriadentalclinic.com\/ro\/fatete-ceramice\/","name":"Fa\u021bete ceramice - Clinica Dentar\u0103 Bosphoria","isPartOf":{"@id":"https:\/\/bosphoriadentalclinic.com\/ro\/#website"},"primaryImageOfPage":{"@id":"https:\/\/bosphoriadentalclinic.com\/ro\/fatete-ceramice\/#primaryimage"},"image":{"@id":"https:\/\/bosphoriadentalclinic.com\/ro\/fatete-ceramice\/#primaryimage"},"thumbnailUrl":"https:\/\/bosphoriadentalclinic.com\/wp-content\/uploads\/2025\/06\/vecteezy_phone-call-icon-old-telephone-icon-calling-phone_26494837-scaled.png","datePublished":"2025-06-17T13:36:34+00:00","dateModified":"2025-08-04T12:10:30+00:00","description":"Get a natural, long-lasting smile with ultra-thin laminate veneers. Minimal prep, maximum aesthetics, and a flawless finish.","breadcrumb":{"@id":"https:\/\/bosphoriadentalclinic.com\/ro\/fatete-ceramice\/#breadcrumb"},"inLanguage":"tr","potentialAction":[{"@type":"ReadAction","target":["https:\/\/bosphoriadentalclinic.com\/ro\/fatete-ceramice\/"]}]},{"@type":"ImageObject","inLanguage":"tr","@id":"https:\/\/bosphoriadentalclinic.com\/ro\/fatete-ceramice\/#primaryimage","url":"https:\/\/bosphoriadentalclinic.com\/wp-content\/uploads\/2025\/06\/vecteezy_phone-call-icon-old-telephone-icon-calling-phone_26494837-scaled.png","contentUrl":"https:\/\/bosphoriadentalclinic.com\/wp-content\/uploads\/2025\/06\/vecteezy_phone-call-icon-old-telephone-icon-calling-phone_26494837-scaled.png"},{"@type":"BreadcrumbList","@id":"https:\/\/bosphoriadentalclinic.com\/ro\/fatete-ceramice\/#breadcrumb","itemListElement":[{"@type":"ListItem","position":1,"name":"Anasayfa","item":"https:\/\/bosphoriadentalclinic.com\/ro\/"},{"@type":"ListItem","position":2,"name":"Fa\u021bete ceramice"}]},{"@type":"WebSite","@id":"https:\/\/bosphoriadentalclinic.com\/ro\/#website","url":"https:\/\/bosphoriadentalclinic.com\/ro\/","name":"Clinica Dentar\u0103 Bosphoria","description":"Z\u00e2mbe\u0219te cu Bosphoria","potentialAction":[{"@type":"SearchAction","target":{"@type":"EntryPoint","urlTemplate":"https:\/\/bosphoriadentalclinic.com\/ro\/?s={search_term_string}"},"query-input":{"@type":"PropertyValueSpecification","valueRequired":true,"valueName":"search_term_string"}}],"inLanguage":"tr"}]}},"_links":{"self":[{"href":"https:\/\/bosphoriadentalclinic.com\/ro\/wp-json\/wp\/v2\/pages\/7557","targetHints":{"allow":["GET"]}}],"collection":[{"href":"https:\/\/bosphoriadentalclinic.com\/ro\/wp-json\/wp\/v2\/pages"}],"about":[{"href":"https:\/\/bosphoriadentalclinic.com\/ro\/wp-json\/wp\/v2\/types\/page"}],"author":[{"embeddable":true,"href":"https:\/\/bosphoriadentalclinic.com\/ro\/wp-json\/wp\/v2\/users\/1"}],"replies":[{"embeddable":true,"href":"https:\/\/bosphoriadentalclinic.com\/ro\/wp-json\/wp\/v2\/comments?post=7557"}],"version-history":[{"count":9,"href":"https:\/\/bosphoriadentalclinic.com\/ro\/wp-json\/wp\/v2\/pages\/7557\/revisions"}],"predecessor-version":[{"id":9065,"href":"https:\/\/bosphoriadentalclinic.com\/ro\/wp-json\/wp\/v2\/pages\/7557\/revisions\/9065"}],"wp:attachment":[{"href":"https:\/\/bosphoriadentalclinic.com\/ro\/wp-json\/wp\/v2\/media?parent=7557"}],"curies":[{"name":"wp","href":"https:\/\/api.w.org\/{rel}","templated":true}]}}