{"id":7582,"date":"2025-06-17T13:56:00","date_gmt":"2025-06-17T13:56:00","guid":{"rendered":"https:\/\/bosphoriadentalclinic.com\/?page_id=7582"},"modified":"2025-08-04T15:17:19","modified_gmt":"2025-08-04T12:17:19","slug":"coroana-din-zirconiu","status":"publish","type":"page","link":"https:\/\/bosphoriadentalclinic.com\/ro\/coroana-din-zirconiu\/","title":{"rendered":"Coroan\u0103 din zirconiu"},"content":{"rendered":"\t\t<div data-elementor-type=\"wp-page\" data-elementor-id=\"7582\" class=\"elementor elementor-7582\" data-elementor-post-type=\"page\">\n\t\t\t\t<div class=\"elementor-element elementor-element-45f0738 e-con-full qodef-elementor-content-grid e-flex e-con e-parent\" data-id=\"45f0738\" data-element_type=\"container\" data-e-type=\"container\" data-settings=\"{&quot;background_background&quot;:&quot;classic&quot;}\">\n\t\t\t\t<div class=\"elementor-element elementor-element-893364e elementor-widget elementor-widget-heading\" data-id=\"893364e\" data-element_type=\"widget\" data-e-type=\"widget\" data-widget_type=\"heading.default\">\n\t\t\t\t\t<h1 class=\"elementor-heading-title elementor-size-default\">Couronne en zircone<\/h1>\t\t\t\t<\/div>\n\t\t\t\t<\/div>\n\t\t<div class=\"elementor-element elementor-element-93ad7d0 e-flex e-con-boxed e-con e-parent\" data-id=\"93ad7d0\" data-element_type=\"container\" data-e-type=\"container\">\n\t\t\t\t\t<div class=\"e-con-inner\">\n\t\t\t\t<div class=\"elementor-element elementor-element-dac06bf elementor-widget elementor-widget-spacer\" data-id=\"dac06bf\" data-element_type=\"widget\" data-e-type=\"widget\" data-widget_type=\"spacer.default\">\n\t\t\t\t\t\t\t<div class=\"elementor-spacer\">\n\t\t\t<div class=\"elementor-spacer-inner\"><\/div>\n\t\t<\/div>\n\t\t\t\t\t\t<\/div>\n\t\t\t\t\t<\/div>\n\t\t\t\t<\/div>\n\t\t<div class=\"elementor-element elementor-element-ca13018 qodef-elementor-content-grid e-flex e-con-boxed e-con e-parent\" data-id=\"ca13018\" data-element_type=\"container\" data-e-type=\"container\" data-settings=\"{&quot;background_background&quot;:&quot;classic&quot;}\">\n\t\t\t\t\t<div class=\"e-con-inner\">\n\t\t<div class=\"elementor-element elementor-element-8da013a e-con-full e-flex e-con e-child\" data-id=\"8da013a\" data-element_type=\"container\" data-e-type=\"container\">\n\t\t\t\t<div class=\"elementor-element elementor-element-beabd94 elementor-widget elementor-widget-heading\" data-id=\"beabd94\" data-element_type=\"widget\" data-e-type=\"widget\" data-widget_type=\"heading.default\">\n\t\t\t\t\t<h3 class=\"elementor-heading-title elementor-size-default\">Ce este o coroan\u0103 din zirconiu?<\/h3>\t\t\t\t<\/div>\n\t\t\t\t<div class=\"elementor-element elementor-element-cf963bf elementor-widget elementor-widget-text-editor\" data-id=\"cf963bf\" data-element_type=\"widget\" data-e-type=\"widget\" data-widget_type=\"text-editor.default\">\n\t\t\t\t\t\t\t\t\t<p data-start=\"117\" data-end=\"532\">La fel ca \u00een alte domenii medicale, zirconiul a \u00eenceput recent s\u0103 fie utilizat \u00een stomatologie.<br data-start=\"95\" data-end=\"98\" \/>\u00cen locul bazei tradi\u021bionale metalice folosite sub coroanele din por\u021belan, zirconiul a devenit un material preferat datorit\u0103 rezisten\u021bei sale \u0219i asem\u0103n\u0103rii cu din\u021bii naturali.<br data-start=\"272\" data-end=\"275\" \/>Unul dintre cele mai remarcabile avantaje ale sale este capacitatea de a l\u0103sa lumina s\u0103 treac\u0103, ceea ce \u00eel face foarte estetic \u0219i potrivit at\u00e2t pentru din\u021bii frontali, c\u00e2t \u0219i pentru cei posteriori.<\/p>\t\t\t\t\t\t\t\t<\/div>\n\t\t\t\t<\/div>\n\t\t<div class=\"elementor-element elementor-element-5ec4e2b e-con-full e-flex e-con e-child\" data-id=\"5ec4e2b\" data-element_type=\"container\" data-e-type=\"container\">\n\t\t<div class=\"elementor-element elementor-element-6b2b8c8 e-con-full e-flex e-con e-child\" data-id=\"6b2b8c8\" data-element_type=\"container\" data-e-type=\"container\">\n\t\t\t\t<div class=\"elementor-element elementor-element-7ff4889 elementor-widget elementor-widget-heading\" data-id=\"7ff4889\" data-element_type=\"widget\" data-e-type=\"widget\" data-widget_type=\"heading.default\">\n\t\t\t\t\t<h4 class=\"elementor-heading-title elementor-size-default\">Explica\u021bia coroanelor dentare din zirconiu<\/h4>\t\t\t\t<\/div>\n\t\t\t\t<div class=\"elementor-element elementor-element-2318186 elementor-widget elementor-widget-text-editor\" data-id=\"2318186\" data-element_type=\"widget\" data-e-type=\"widget\" data-widget_type=\"text-editor.default\">\n\t\t\t\t\t\t\t\t\t<p data-start=\"0\" data-end=\"425\">Coroanele din zirconiu sunt semi-transparente, la fel ca din\u021bii naturali. Datorit\u0103 capacit\u0103\u021bii lor de a l\u0103sa lumina s\u0103 treac\u0103, au un aspect foarte natural \u0219i nu provoac\u0103 colorarea gri-violet a gingiilor, frecvent asociat\u0103 cu coroanele din por\u021belan cu baz\u0103 metalic\u0103.<br data-start=\"265\" data-end=\"268\" \/>\u00cen plus, zirconiul este biocompatibil \u0219i nu cauzeaz\u0103 alergii, fiind o alternativ\u0103 mai sigur\u0103 pentru pacien\u021bii alergici la alte materiale folosite la coroane.<\/p><p data-start=\"427\" data-end=\"896\">Zirconiul este un metal alb, rezistent la c\u0103ldur\u0103, care a c\u00e2\u0219tigat popularitate \u00een ultimii ani datorit\u0103 avantajelor sale estetice \u0219i func\u021bionale.<br data-start=\"572\" data-end=\"575\" \/>Coroanele din zirconiu sunt disponibile \u00een dou\u0103 tipuri: cu baz\u0103 metalic\u0103 \u0219i f\u0103r\u0103 metal (structur\u0103 complet\u0103 din zirconiu).<br data-start=\"696\" data-end=\"699\" data-is-only-node=\"\" \/>De\u0219i coroanele cu baz\u0103 metalic\u0103 sunt, \u00een general, mai rezistente, coroanele din zirconiu ofer\u0103 un aspect mai natural datorit\u0103 translucidit\u0103\u021bii \u0219i nu creeaz\u0103 o linie \u00eentunecat\u0103 la nivelul gingiilor.<\/p><p data-start=\"898\" data-end=\"1132\" data-is-last-node=\"\" data-is-only-node=\"\">Pacien\u021bii alergici la metale pot folosi coroanele din zirconiu f\u0103r\u0103 efecte secundare.<br data-start=\"983\" data-end=\"986\" \/>Mul\u021bi \u00ee\u0219i exprim\u0103 satisfac\u021bia fa\u021b\u0103 de transparen\u021ba natural\u0103 a coroanelor din zirconiu \u0219i aspectul curat \u0219i alb al liniei gingivale dup\u0103 tratament.<\/p>\t\t\t\t\t\t\t\t<\/div>\n\t\t\t\t<\/div>\n\t\t\t\t<\/div>\n\t\t<div class=\"elementor-element elementor-element-7368873 e-con-full e-flex e-con e-child\" data-id=\"7368873\" data-element_type=\"container\" data-e-type=\"container\">\n\t\t<div class=\"elementor-element elementor-element-56099e0 e-con-full e-flex e-con e-child\" data-id=\"56099e0\" data-element_type=\"container\" data-e-type=\"container\">\n\t\t\t\t<div class=\"elementor-element elementor-element-797a06b elementor-widget elementor-widget-heading\" data-id=\"797a06b\" data-element_type=\"widget\" data-e-type=\"widget\" data-widget_type=\"heading.default\">\n\t\t\t\t\t<h4 class=\"elementor-heading-title elementor-size-default\">Avantajele coroanelor din zirconiu<\/h4>\t\t\t\t<\/div>\n\t\t\t\t<div class=\"elementor-element elementor-element-3fcc942 elementor-widget elementor-widget-text-editor\" data-id=\"3fcc942\" data-element_type=\"widget\" data-e-type=\"widget\" data-widget_type=\"text-editor.default\">\n\t\t\t\t\t\t\t\t\t<p data-start=\"0\" data-end=\"185\">Aspectul alb \u0219i semi-transparent al zirconiului, combinat cu rezisten\u021ba sa mare la presiune \u0219i for\u021bele masticatorii, face ca coroanele din zirconiu s\u0103 fie foarte rezistente \u0219i estetice.<\/p><p data-start=\"187\" data-end=\"307\" data-is-last-node=\"\" data-is-only-node=\"\">De aceea, ele au devenit tot mai populare \u00een ultimii ani, oferind rezultate excelente at\u00e2t func\u021bionale, c\u00e2t \u0219i estetice.<\/p>\t\t\t\t\t\t\t\t<\/div>\n\t\t\t\t<\/div>\n\t\t\t\t<\/div>\n\t\t<div class=\"elementor-element elementor-element-159ea5e e-con-full e-flex e-con e-child\" data-id=\"159ea5e\" data-element_type=\"container\" data-e-type=\"container\">\n\t\t<div class=\"elementor-element elementor-element-5fe121b e-con-full e-flex e-con e-child\" data-id=\"5fe121b\" data-element_type=\"container\" data-e-type=\"container\">\n\t\t\t\t<div class=\"elementor-element elementor-element-1485bab elementor-widget elementor-widget-heading\" data-id=\"1485bab\" data-element_type=\"widget\" data-e-type=\"widget\" data-widget_type=\"heading.default\">\n\t\t\t\t\t<h4 class=\"elementor-heading-title elementor-size-default\">Informa\u021bii esen\u021biale despre zirconiul dentar<\/h4>\t\t\t\t<\/div>\n\t\t\t\t<div class=\"elementor-element elementor-element-cb685f0 elementor-widget elementor-widget-text-editor\" data-id=\"cb685f0\" data-element_type=\"widget\" data-e-type=\"widget\" data-widget_type=\"text-editor.default\">\n\t\t\t\t\t\t\t\t\t<p data-start=\"0\" data-end=\"335\">Zirconiul este un metal alb extras din surse naturale, asem\u0103n\u0103tor granitului. \u00cen stomatologie, este cunoscut sub marca Cercon \u0219i este folosit ca schelet pentru coroane \u0219i pun\u021bi acoperite cu por\u021belan. Aceste sisteme pot atinge o rezisten\u021b\u0103 de p\u00e2n\u0103 la 900 MPa, oferind una dintre cele mai mari durabilit\u0103\u021bi \u00een stomatologia restauratoare.<\/p><p data-start=\"337\" data-end=\"679\" data-is-last-node=\"\" data-is-only-node=\"\">Datorit\u0103 biocompatibilit\u0103\u021bii sale, izol\u0103rii termice \u0219i rezisten\u021bei la colorarea gingiilor, zirconiul este considerat o inova\u021bie major\u0103 \u00een metodele dentare moderne. Nu provoac\u0103 sensibilitate la cald sau rece, se integreaz\u0103 bine cu \u021besuturile gingivale \u0219i nu declan\u0219eaz\u0103 reac\u021bii alergice \u2014 ceea ce \u00eel face ideal pentru utilizare pe termen lung.<\/p>\t\t\t\t\t\t\t\t<\/div>\n\t\t\t\t<\/div>\n\t\t\t\t<\/div>\n\t\t\t\t\t<\/div>\n\t\t\t\t<\/div>\n\t\t<div class=\"elementor-element elementor-element-d8c757b e-flex e-con-boxed e-con e-parent\" data-id=\"d8c757b\" data-element_type=\"container\" data-e-type=\"container\">\n\t\t\t\t\t<div class=\"e-con-inner\">\n\t\t<div class=\"elementor-element elementor-element-8eaac39 e-con-full e-flex e-con e-child\" data-id=\"8eaac39\" data-element_type=\"container\" data-e-type=\"container\">\n\t\t<div class=\"elementor-element elementor-element-b690dda e-con-full e-flex e-con e-child\" data-id=\"b690dda\" data-element_type=\"container\" data-e-type=\"container\">\n\t\t\t\t<div class=\"elementor-element elementor-element-9b42774 elementor-widget elementor-widget-image\" data-id=\"9b42774\" data-element_type=\"widget\" data-e-type=\"widget\" data-widget_type=\"image.default\">\n\t\t\t\t\t\t\t\t\t\t\t\t\t\t\t<img decoding=\"async\" src=\"https:\/\/bosphoriadentalclinic.com\/wp-content\/uploads\/2025\/06\/vecteezy_phone-call-icon-old-telephone-icon-calling-phone_26494837-scaled.png\" title=\"\" alt=\"\" loading=\"lazy\" \/>\t\t\t\t\t\t\t\t\t\t\t\t\t\t\t<\/div>\n\t\t\t\t<div class=\"elementor-element elementor-element-09eb924 elementor-widget elementor-widget-text-editor\" data-id=\"09eb924\" data-element_type=\"widget\" data-e-type=\"widget\" data-widget_type=\"text-editor.default\">\n\t\t\t\t\t\t\t\t\t<article class=\"text-token-text-primary w-full\" dir=\"auto\" data-testid=\"conversation-turn-46\" data-scroll-anchor=\"false\"><div class=\"text-base my-auto mx-auto [--thread-content-margin:--spacing(4)] @[37rem]:[--thread-content-margin:--spacing(6)] @[72rem]:[--thread-content-margin:--spacing(16)] px-(--thread-content-margin)\"><div class=\"[--thread-content-max-width:32rem] @[34rem]:[--thread-content-max-width:40rem] @[64rem]:[--thread-content-max-width:48rem] mx-auto flex max-w-(--thread-content-max-width) flex-1 text-base gap-4 md:gap-5 lg:gap-6 group\/turn-messages focus-visible:outline-hidden\" tabindex=\"-1\"><div class=\"group\/conversation-turn relative flex w-full min-w-0 flex-col agent-turn\"><div class=\"relative flex-col gap-1 md:gap-3\"><div class=\"flex max-w-full flex-col grow\"><div class=\"min-h-8 text-message relative flex w-full flex-col items-end gap-2 text-start break-words whitespace-normal [.text-message+&amp;]:mt-5\" dir=\"auto\" data-message-author-role=\"assistant\" data-message-id=\"20b53b20-7fa1-4732-970d-dd06e42432d8\" data-message-model-slug=\"gpt-4-1-mini\"><div class=\"flex w-full flex-col gap-1 empty:hidden first:pt-[3px]\"><div class=\"markdown prose dark:prose-invert w-full break-words dark\"><p data-start=\"21\" data-end=\"46\" data-is-last-node=\"\" data-is-only-node=\"\">Contacta\u021bi echipa noastr\u0103<\/p><\/div><\/div><\/div><\/div><\/div><\/div><\/div><\/div><\/article>\t\t\t\t\t\t\t\t<\/div>\n\t\t\t\t<\/div>\n\t\t<div class=\"elementor-element elementor-element-0970133 e-con-full e-flex e-con e-child\" data-id=\"0970133\" data-element_type=\"container\" data-e-type=\"container\">\n\t\t\t\t<div class=\"elementor-element elementor-element-25e85e4 elementor-widget elementor-widget-image\" data-id=\"25e85e4\" data-element_type=\"widget\" data-e-type=\"widget\" data-widget_type=\"image.default\">\n\t\t\t\t\t\t\t\t\t\t\t\t\t\t\t<img decoding=\"async\" src=\"https:\/\/bosphoriadentalclinic.com\/wp-content\/uploads\/2025\/06\/pngtree-consultant-line-icon-png-image_9063183.png\" title=\"\" alt=\"\" loading=\"lazy\" \/>\t\t\t\t\t\t\t\t\t\t\t\t\t\t\t<\/div>\n\t\t\t\t<div class=\"elementor-element elementor-element-5ecd7ee elementor-widget elementor-widget-text-editor\" data-id=\"5ecd7ee\" data-element_type=\"widget\" data-e-type=\"widget\" data-widget_type=\"text-editor.default\">\n\t\t\t\t\t\t\t\t\t<p>Consulta\u021bie gratuit\u0103<\/p>\t\t\t\t\t\t\t\t<\/div>\n\t\t\t\t<\/div>\n\t\t<div class=\"elementor-element elementor-element-3dd9c28 e-con-full e-flex e-con e-child\" data-id=\"3dd9c28\" data-element_type=\"container\" data-e-type=\"container\">\n\t\t\t\t<div class=\"elementor-element elementor-element-0c84b4d elementor-widget elementor-widget-image\" data-id=\"0c84b4d\" data-element_type=\"widget\" data-e-type=\"widget\" data-widget_type=\"image.default\">\n\t\t\t\t\t\t\t\t\t\t\t\t\t\t\t<img decoding=\"async\" src=\"https:\/\/bosphoriadentalclinic.com\/wp-content\/uploads\/2025\/06\/treatment-plan.png\" title=\"\" alt=\"\" loading=\"lazy\" \/>\t\t\t\t\t\t\t\t\t\t\t\t\t\t\t<\/div>\n\t\t\t\t<div class=\"elementor-element elementor-element-a01e212 elementor-widget elementor-widget-text-editor\" data-id=\"a01e212\" data-element_type=\"widget\" data-e-type=\"widget\" data-widget_type=\"text-editor.default\">\n\t\t\t\t\t\t\t\t\t<p>Plan de tratament<\/p>\t\t\t\t\t\t\t\t<\/div>\n\t\t\t\t<\/div>\n\t\t<div class=\"elementor-element elementor-element-1d82d76 e-con-full e-flex e-con e-child\" data-id=\"1d82d76\" data-element_type=\"container\" data-e-type=\"container\">\n\t\t\t\t<div class=\"elementor-element elementor-element-2caa8b2 elementor-widget elementor-widget-image\" data-id=\"2caa8b2\" data-element_type=\"widget\" data-e-type=\"widget\" data-widget_type=\"image.default\">\n\t\t\t\t\t\t\t\t\t\t\t\t\t\t\t<img decoding=\"async\" src=\"https:\/\/bosphoriadentalclinic.com\/wp-content\/uploads\/2025\/06\/smile-icon.png\" title=\"\" alt=\"\" loading=\"lazy\" \/>\t\t\t\t\t\t\t\t\t\t\t\t\t\t\t<\/div>\n\t\t\t\t<div class=\"elementor-element elementor-element-aebfd53 elementor-widget elementor-widget-text-editor\" data-id=\"aebfd53\" data-element_type=\"widget\" data-e-type=\"widget\" data-widget_type=\"text-editor.default\">\n\t\t\t\t\t\t\t\t\t<p>Iat\u0103-l! Un z\u00e2mbet str\u0103lucitor.<\/p>\t\t\t\t\t\t\t\t<\/div>\n\t\t\t\t<\/div>\n\t\t\t\t<\/div>\n\t\t\t\t\t<\/div>\n\t\t\t\t<\/div>\n\t\t\t\t<\/div>\n\t\t","protected":false},"excerpt":{"rendered":"<p>Couronne en zircone Ce este o coroan\u0103 din zirconiu? La fel ca \u00een alte domenii medicale, zirconiul a \u00eenceput recent s\u0103 fie utilizat \u00een stomatologie.\u00cen locul bazei tradi\u021bionale metalice folosite sub coroanele din por\u021belan, zirconiul a devenit un material preferat datorit\u0103 rezisten\u021bei sale \u0219i asem\u0103n\u0103rii cu din\u021bii naturali.Unul dintre cele mai remarcabile avantaje ale sale [&hellip;]<\/p>\n","protected":false},"author":1,"featured_media":0,"parent":0,"menu_order":0,"comment_status":"closed","ping_status":"closed","template":"page-full-width.php","meta":{"footnotes":""},"class_list":["post-7582","page","type-page","status-publish","hentry"],"yoast_head":"<!-- This site is optimized with the Yoast SEO plugin v27.4 - https:\/\/yoast.com\/product\/yoast-seo-wordpress\/ -->\n<title>Coroan\u0103 din zirconiu - Clinica Dentar\u0103 Bosphoria<\/title>\n<meta name=\"description\" content=\"Experience durable and natural-looking smiles with zirconium crowns. High strength and excellent aesthetics for long-lasting dental care.\" \/>\n<meta name=\"robots\" content=\"index, follow, max-snippet:-1, max-image-preview:large, max-video-preview:-1\" \/>\n<link rel=\"canonical\" href=\"https:\/\/bosphoriadentalclinic.com\/ro\/coroana-din-zirconiu\/\" \/>\n<meta property=\"og:locale\" content=\"tr_TR\" \/>\n<meta property=\"og:type\" content=\"article\" \/>\n<meta property=\"og:title\" content=\"Coroan\u0103 din zirconiu - Clinica Dentar\u0103 Bosphoria\" \/>\n<meta property=\"og:description\" content=\"Experience durable and natural-looking smiles with zirconium crowns. High strength and excellent aesthetics for long-lasting dental care.\" \/>\n<meta property=\"og:url\" content=\"https:\/\/bosphoriadentalclinic.com\/ro\/coroana-din-zirconiu\/\" \/>\n<meta property=\"og:site_name\" content=\"Clinica Dentar\u0103 Bosphoria\" \/>\n<meta property=\"article:modified_time\" content=\"2025-08-04T12:17:19+00:00\" \/>\n<meta property=\"og:image\" content=\"https:\/\/bosphoriadentalclinic.com\/wp-content\/uploads\/2025\/06\/vecteezy_phone-call-icon-old-telephone-icon-calling-phone_26494837-scaled.png\" \/>\n<meta name=\"twitter:card\" content=\"summary_large_image\" \/>\n<meta name=\"twitter:label1\" content=\"Tahmini okuma s\u00fcresi\" \/>\n\t<meta name=\"twitter:data1\" content=\"3 dakika\" \/>\n<script type=\"application\/ld+json\" class=\"yoast-schema-graph\">{\"@context\":\"https:\\\/\\\/schema.org\",\"@graph\":[{\"@type\":\"WebPage\",\"@id\":\"https:\\\/\\\/bosphoriadentalclinic.com\\\/ro\\\/coroana-din-zirconiu\\\/\",\"url\":\"https:\\\/\\\/bosphoriadentalclinic.com\\\/ro\\\/coroana-din-zirconiu\\\/\",\"name\":\"Coroan\u0103 din zirconiu - Clinica Dentar\u0103 Bosphoria\",\"isPartOf\":{\"@id\":\"https:\\\/\\\/bosphoriadentalclinic.com\\\/ro\\\/#website\"},\"primaryImageOfPage\":{\"@id\":\"https:\\\/\\\/bosphoriadentalclinic.com\\\/ro\\\/coroana-din-zirconiu\\\/#primaryimage\"},\"image\":{\"@id\":\"https:\\\/\\\/bosphoriadentalclinic.com\\\/ro\\\/coroana-din-zirconiu\\\/#primaryimage\"},\"thumbnailUrl\":\"https:\\\/\\\/bosphoriadentalclinic.com\\\/wp-content\\\/uploads\\\/2025\\\/06\\\/vecteezy_phone-call-icon-old-telephone-icon-calling-phone_26494837-scaled.png\",\"datePublished\":\"2025-06-17T13:56:00+00:00\",\"dateModified\":\"2025-08-04T12:17:19+00:00\",\"description\":\"Experience durable and natural-looking smiles with zirconium crowns. High strength and excellent aesthetics for long-lasting dental care.\",\"breadcrumb\":{\"@id\":\"https:\\\/\\\/bosphoriadentalclinic.com\\\/ro\\\/coroana-din-zirconiu\\\/#breadcrumb\"},\"inLanguage\":\"tr\",\"potentialAction\":[{\"@type\":\"ReadAction\",\"target\":[\"https:\\\/\\\/bosphoriadentalclinic.com\\\/ro\\\/coroana-din-zirconiu\\\/\"]}]},{\"@type\":\"ImageObject\",\"inLanguage\":\"tr\",\"@id\":\"https:\\\/\\\/bosphoriadentalclinic.com\\\/ro\\\/coroana-din-zirconiu\\\/#primaryimage\",\"url\":\"https:\\\/\\\/bosphoriadentalclinic.com\\\/wp-content\\\/uploads\\\/2025\\\/06\\\/vecteezy_phone-call-icon-old-telephone-icon-calling-phone_26494837-scaled.png\",\"contentUrl\":\"https:\\\/\\\/bosphoriadentalclinic.com\\\/wp-content\\\/uploads\\\/2025\\\/06\\\/vecteezy_phone-call-icon-old-telephone-icon-calling-phone_26494837-scaled.png\"},{\"@type\":\"BreadcrumbList\",\"@id\":\"https:\\\/\\\/bosphoriadentalclinic.com\\\/ro\\\/coroana-din-zirconiu\\\/#breadcrumb\",\"itemListElement\":[{\"@type\":\"ListItem\",\"position\":1,\"name\":\"Anasayfa\",\"item\":\"https:\\\/\\\/bosphoriadentalclinic.com\\\/ro\\\/\"},{\"@type\":\"ListItem\",\"position\":2,\"name\":\"Coroan\u0103 din zirconiu\"}]},{\"@type\":\"WebSite\",\"@id\":\"https:\\\/\\\/bosphoriadentalclinic.com\\\/ro\\\/#website\",\"url\":\"https:\\\/\\\/bosphoriadentalclinic.com\\\/ro\\\/\",\"name\":\"Clinica Dentar\u0103 Bosphoria\",\"description\":\"Z\u00e2mbe\u0219te cu Bosphoria\",\"potentialAction\":[{\"@type\":\"SearchAction\",\"target\":{\"@type\":\"EntryPoint\",\"urlTemplate\":\"https:\\\/\\\/bosphoriadentalclinic.com\\\/ro\\\/?s={search_term_string}\"},\"query-input\":{\"@type\":\"PropertyValueSpecification\",\"valueRequired\":true,\"valueName\":\"search_term_string\"}}],\"inLanguage\":\"tr\"}]}<\/script>\n<!-- \/ Yoast SEO plugin. -->","yoast_head_json":{"title":"Coroan\u0103 din zirconiu - Clinica Dentar\u0103 Bosphoria","description":"Experience durable and natural-looking smiles with zirconium crowns. High strength and excellent aesthetics for long-lasting dental care.","robots":{"index":"index","follow":"follow","max-snippet":"max-snippet:-1","max-image-preview":"max-image-preview:large","max-video-preview":"max-video-preview:-1"},"canonical":"https:\/\/bosphoriadentalclinic.com\/ro\/coroana-din-zirconiu\/","og_locale":"tr_TR","og_type":"article","og_title":"Coroan\u0103 din zirconiu - Clinica Dentar\u0103 Bosphoria","og_description":"Experience durable and natural-looking smiles with zirconium crowns. High strength and excellent aesthetics for long-lasting dental care.","og_url":"https:\/\/bosphoriadentalclinic.com\/ro\/coroana-din-zirconiu\/","og_site_name":"Clinica Dentar\u0103 Bosphoria","article_modified_time":"2025-08-04T12:17:19+00:00","og_image":[{"url":"https:\/\/bosphoriadentalclinic.com\/wp-content\/uploads\/2025\/06\/vecteezy_phone-call-icon-old-telephone-icon-calling-phone_26494837-scaled.png","type":"","width":"","height":""}],"twitter_card":"summary_large_image","twitter_misc":{"Tahmini okuma s\u00fcresi":"3 dakika"},"schema":{"@context":"https:\/\/schema.org","@graph":[{"@type":"WebPage","@id":"https:\/\/bosphoriadentalclinic.com\/ro\/coroana-din-zirconiu\/","url":"https:\/\/bosphoriadentalclinic.com\/ro\/coroana-din-zirconiu\/","name":"Coroan\u0103 din zirconiu - Clinica Dentar\u0103 Bosphoria","isPartOf":{"@id":"https:\/\/bosphoriadentalclinic.com\/ro\/#website"},"primaryImageOfPage":{"@id":"https:\/\/bosphoriadentalclinic.com\/ro\/coroana-din-zirconiu\/#primaryimage"},"image":{"@id":"https:\/\/bosphoriadentalclinic.com\/ro\/coroana-din-zirconiu\/#primaryimage"},"thumbnailUrl":"https:\/\/bosphoriadentalclinic.com\/wp-content\/uploads\/2025\/06\/vecteezy_phone-call-icon-old-telephone-icon-calling-phone_26494837-scaled.png","datePublished":"2025-06-17T13:56:00+00:00","dateModified":"2025-08-04T12:17:19+00:00","description":"Experience durable and natural-looking smiles with zirconium crowns. High strength and excellent aesthetics for long-lasting dental care.","breadcrumb":{"@id":"https:\/\/bosphoriadentalclinic.com\/ro\/coroana-din-zirconiu\/#breadcrumb"},"inLanguage":"tr","potentialAction":[{"@type":"ReadAction","target":["https:\/\/bosphoriadentalclinic.com\/ro\/coroana-din-zirconiu\/"]}]},{"@type":"ImageObject","inLanguage":"tr","@id":"https:\/\/bosphoriadentalclinic.com\/ro\/coroana-din-zirconiu\/#primaryimage","url":"https:\/\/bosphoriadentalclinic.com\/wp-content\/uploads\/2025\/06\/vecteezy_phone-call-icon-old-telephone-icon-calling-phone_26494837-scaled.png","contentUrl":"https:\/\/bosphoriadentalclinic.com\/wp-content\/uploads\/2025\/06\/vecteezy_phone-call-icon-old-telephone-icon-calling-phone_26494837-scaled.png"},{"@type":"BreadcrumbList","@id":"https:\/\/bosphoriadentalclinic.com\/ro\/coroana-din-zirconiu\/#breadcrumb","itemListElement":[{"@type":"ListItem","position":1,"name":"Anasayfa","item":"https:\/\/bosphoriadentalclinic.com\/ro\/"},{"@type":"ListItem","position":2,"name":"Coroan\u0103 din zirconiu"}]},{"@type":"WebSite","@id":"https:\/\/bosphoriadentalclinic.com\/ro\/#website","url":"https:\/\/bosphoriadentalclinic.com\/ro\/","name":"Clinica Dentar\u0103 Bosphoria","description":"Z\u00e2mbe\u0219te cu Bosphoria","potentialAction":[{"@type":"SearchAction","target":{"@type":"EntryPoint","urlTemplate":"https:\/\/bosphoriadentalclinic.com\/ro\/?s={search_term_string}"},"query-input":{"@type":"PropertyValueSpecification","valueRequired":true,"valueName":"search_term_string"}}],"inLanguage":"tr"}]}},"_links":{"self":[{"href":"https:\/\/bosphoriadentalclinic.com\/ro\/wp-json\/wp\/v2\/pages\/7582","targetHints":{"allow":["GET"]}}],"collection":[{"href":"https:\/\/bosphoriadentalclinic.com\/ro\/wp-json\/wp\/v2\/pages"}],"about":[{"href":"https:\/\/bosphoriadentalclinic.com\/ro\/wp-json\/wp\/v2\/types\/page"}],"author":[{"embeddable":true,"href":"https:\/\/bosphoriadentalclinic.com\/ro\/wp-json\/wp\/v2\/users\/1"}],"replies":[{"embeddable":true,"href":"https:\/\/bosphoriadentalclinic.com\/ro\/wp-json\/wp\/v2\/comments?post=7582"}],"version-history":[{"count":9,"href":"https:\/\/bosphoriadentalclinic.com\/ro\/wp-json\/wp\/v2\/pages\/7582\/revisions"}],"predecessor-version":[{"id":9071,"href":"https:\/\/bosphoriadentalclinic.com\/ro\/wp-json\/wp\/v2\/pages\/7582\/revisions\/9071"}],"wp:attachment":[{"href":"https:\/\/bosphoriadentalclinic.com\/ro\/wp-json\/wp\/v2\/media?parent=7582"}],"curies":[{"name":"wp","href":"https:\/\/api.w.org\/{rel}","templated":true}]}}