{"id":7605,"date":"2025-06-17T14:07:07","date_gmt":"2025-06-17T14:07:07","guid":{"rendered":"https:\/\/bosphoriadentalclinic.com\/?page_id=7605"},"modified":"2025-08-04T15:14:31","modified_gmt":"2025-08-04T12:14:31","slug":"coroana-e-max","status":"publish","type":"page","link":"https:\/\/bosphoriadentalclinic.com\/ro\/coroana-e-max\/","title":{"rendered":"Coroan\u0103 E-Max"},"content":{"rendered":"\t\t<div data-elementor-type=\"wp-page\" data-elementor-id=\"7605\" class=\"elementor elementor-7605\" data-elementor-post-type=\"page\">\n\t\t\t\t<div class=\"elementor-element elementor-element-3369c7c4 qodef-elementor-content-grid e-flex e-con-boxed e-con e-parent\" data-id=\"3369c7c4\" data-element_type=\"container\" data-e-type=\"container\" data-settings=\"{&quot;background_background&quot;:&quot;classic&quot;}\">\n\t\t\t\t\t<div class=\"e-con-inner\">\n\t\t\t\t<div class=\"elementor-element elementor-element-2081d0d7 elementor-widget elementor-widget-heading\" data-id=\"2081d0d7\" data-element_type=\"widget\" data-e-type=\"widget\" data-widget_type=\"heading.default\">\n\t\t\t\t\t<h1 class=\"elementor-heading-title elementor-size-default\">Coroan\u0103 E-Max<\/h1>\t\t\t\t<\/div>\n\t\t\t\t\t<\/div>\n\t\t\t\t<\/div>\n\t\t<div class=\"elementor-element elementor-element-8b923e7 e-flex e-con-boxed e-con e-parent\" data-id=\"8b923e7\" data-element_type=\"container\" data-e-type=\"container\">\n\t\t\t\t\t<div class=\"e-con-inner\">\n\t\t\t\t<div class=\"elementor-element elementor-element-05ed6ca elementor-widget elementor-widget-spacer\" data-id=\"05ed6ca\" data-element_type=\"widget\" data-e-type=\"widget\" data-widget_type=\"spacer.default\">\n\t\t\t\t\t\t\t<div class=\"elementor-spacer\">\n\t\t\t<div class=\"elementor-spacer-inner\"><\/div>\n\t\t<\/div>\n\t\t\t\t\t\t<\/div>\n\t\t\t\t\t<\/div>\n\t\t\t\t<\/div>\n\t\t<div class=\"elementor-element elementor-element-c9f72e4 qodef-elementor-content-grid e-flex e-con-boxed e-con e-parent\" data-id=\"c9f72e4\" data-element_type=\"container\" data-e-type=\"container\" data-settings=\"{&quot;background_background&quot;:&quot;classic&quot;}\">\n\t\t\t\t\t<div class=\"e-con-inner\">\n\t\t<div class=\"elementor-element elementor-element-c1b150e e-con-full e-flex e-con e-child\" data-id=\"c1b150e\" data-element_type=\"container\" data-e-type=\"container\">\n\t\t\t\t<div class=\"elementor-element elementor-element-ce4dbfb elementor-widget elementor-widget-heading\" data-id=\"ce4dbfb\" data-element_type=\"widget\" data-e-type=\"widget\" data-widget_type=\"heading.default\">\n\t\t\t\t\t<h3 class=\"elementor-heading-title elementor-size-default\">Ce este o coroan\u0103 E-Max?<\/h3>\t\t\t\t<\/div>\n\t\t\t\t<div class=\"elementor-element elementor-element-6a7d86c elementor-widget elementor-widget-text-editor\" data-id=\"6a7d86c\" data-element_type=\"widget\" data-e-type=\"widget\" data-widget_type=\"text-editor.default\">\n\t\t\t\t\t\t\t\t\t<p data-start=\"26\" data-end=\"351\">Coroana E-Max este un tip de coroan\u0103 complet ceramic\u0103, realizat\u0103 dintr-un material din sticl\u0103 ceramic\u0103 pe baz\u0103 de disilicat de litiu, cunoscut pentru estetica sa excelent\u0103 \u0219i rezisten\u021ba sa.<br data-start=\"189\" data-end=\"192\" \/>Are o transluciditate mare, imit\u00e2nd aspectul din\u021bilor naturali, ceea ce o face o alegere popular\u0103 pentru restaurarea din\u021bilor frontali.<\/p>\t\t\t\t\t\t\t\t<\/div>\n\t\t\t\t<\/div>\n\t\t<div class=\"elementor-element elementor-element-c6ee1a5 e-con-full e-flex e-con e-child\" data-id=\"c6ee1a5\" data-element_type=\"container\" data-e-type=\"container\">\n\t\t<div class=\"elementor-element elementor-element-47ed8b5 e-con-full e-flex e-con e-child\" data-id=\"47ed8b5\" data-element_type=\"container\" data-e-type=\"container\">\n\t\t\t\t<div class=\"elementor-element elementor-element-5e38c9b elementor-widget elementor-widget-heading\" data-id=\"5e38c9b\" data-element_type=\"widget\" data-e-type=\"widget\" data-widget_type=\"heading.default\">\n\t\t\t\t\t<h4 class=\"elementor-heading-title elementor-size-default\">C\u00e2nd se folose\u0219te o coroan\u0103 E-Max?<\/h4>\t\t\t\t<\/div>\n\t\t\t\t<div class=\"elementor-element elementor-element-aeff156 elementor-widget elementor-widget-text-editor\" data-id=\"aeff156\" data-element_type=\"widget\" data-e-type=\"widget\" data-widget_type=\"text-editor.default\">\n\t\t\t\t\t\t\t\t\t<p data-start=\"0\" data-end=\"52\">Coroanele E-Max sunt folosite \u00een urm\u0103toarele cazuri:<\/p><ul><li data-start=\"56\" data-end=\"119\">Pentru din\u021bii care nu pot fi albi\u021bi prin metode conven\u021bionale<\/li><li data-start=\"122\" data-end=\"172\">\u00cen caz de ciobituri, fisuri sau uzur\u0103 a din\u021bilor<\/li><li data-start=\"175\" data-end=\"242\">Pentru restaurarea din\u021bilor frontali cu cerin\u021be estetice ridicate<\/li><li data-start=\"245\" data-end=\"287\">Pentru \u00eenchiderea spa\u021biilor dintre din\u021bi<\/li><li data-start=\"290\" data-end=\"337\">Pentru \u00eenlocuirea plombelor vechi, inestetice<\/li><li data-start=\"340\" data-end=\"431\">Pentru corectarea unor u\u0219oare tulbur\u0103ri de pozi\u021bie sau neregularit\u0103\u021bi ale din\u021bilor frontali<\/li><\/ul>\t\t\t\t\t\t\t\t<\/div>\n\t\t\t\t<\/div>\n\t\t\t\t<\/div>\n\t\t<div class=\"elementor-element elementor-element-d44f059 e-con-full e-flex e-con e-child\" data-id=\"d44f059\" data-element_type=\"container\" data-e-type=\"container\">\n\t\t\t\t<div class=\"elementor-element elementor-element-014caf1 elementor-widget elementor-widget-heading\" data-id=\"014caf1\" data-element_type=\"widget\" data-e-type=\"widget\" data-widget_type=\"heading.default\">\n\t\t\t\t\t<h4 class=\"elementor-heading-title elementor-size-default\">Avantajele coroanelor E-Max<\/h4>\t\t\t\t<\/div>\n\t\t\t\t<div class=\"elementor-element elementor-element-17c4f58 elementor-widget elementor-widget-text-editor\" data-id=\"17c4f58\" data-element_type=\"widget\" data-e-type=\"widget\" data-widget_type=\"text-editor.default\">\n\t\t\t\t\t\t\t\t\t<article class=\"text-token-text-primary w-full\" dir=\"auto\" data-testid=\"conversation-turn-116\" data-scroll-anchor=\"true\"><div class=\"text-base my-auto mx-auto pb-10 [--thread-content-margin:--spacing(4)] @[37rem]:[--thread-content-margin:--spacing(6)] @[72rem]:[--thread-content-margin:--spacing(16)] px-(--thread-content-margin)\"><div class=\"[--thread-content-max-width:32rem] @[34rem]:[--thread-content-max-width:40rem] @[64rem]:[--thread-content-max-width:48rem] mx-auto max-w-(--thread-content-max-width) flex-1 group\/turn-messages focus-visible:outline-hidden relative flex w-full min-w-0 flex-col agent-turn\" tabindex=\"-1\"><div class=\"flex max-w-full flex-col grow\"><div class=\"min-h-8 text-message relative flex w-full flex-col items-end gap-2 text-start break-words whitespace-normal [.text-message+&amp;]:mt-5\" dir=\"auto\" data-message-author-role=\"assistant\" data-message-id=\"3ad1b935-8b62-46e8-806d-c93b87ffcc7e\" data-message-model-slug=\"gpt-4-1-mini\"><div class=\"flex w-full flex-col gap-1 empty:hidden first:pt-[3px]\"><div class=\"markdown prose dark:prose-invert w-full break-words dark\"><ul><li><span style=\"font-weight: 400; text-transform: initial;\">Translucen\u021b\u0103 excelent\u0103 pentru un aspect natural<\/span><\/li><li>F\u0103r\u0103 baz\u0103 metalic\u0103 \u2014 nu provoac\u0103 colorarea gingiilor. Rezisten\u021b\u0103 \u0219i durabilitate mare<\/li><li>Biocompatibilitate \u2014 nu provoac\u0103 reac\u021bii alergice. Necesit\u0103 o \u00eendep\u0103rtare minim\u0103 a structurii s\u0103n\u0103toase a dintelui<\/li><li>Una dintre cele mai estetice solu\u021bii \u00een stomatologia restauratoare<\/li><\/ul><div class=\"flex max-w-full flex-col grow\"><div class=\"min-h-8 text-message relative flex w-full flex-col items-end gap-2 text-start break-words whitespace-normal [.text-message+&amp;]:mt-5\" dir=\"auto\" data-message-author-role=\"assistant\" data-message-id=\"7d605867-5223-472f-a971-85bec5d2e7a5\" data-message-model-slug=\"gpt-4-1-mini\"><div class=\"flex w-full flex-col gap-1 empty:hidden first:pt-[3px]\"><div class=\"markdown prose dark:prose-invert w-full break-words dark\">\u00a0<\/div><\/div><\/div><\/div><\/div><\/div><\/div><\/div><\/div><\/div><\/article>\t\t\t\t\t\t\t\t<\/div>\n\t\t\t\t<\/div>\n\t\t<div class=\"elementor-element elementor-element-7204160 e-con-full e-flex e-con e-child\" data-id=\"7204160\" data-element_type=\"container\" data-e-type=\"container\">\n\t\t\t\t<div class=\"elementor-element elementor-element-e6af125 elementor-widget elementor-widget-heading\" data-id=\"e6af125\" data-element_type=\"widget\" data-e-type=\"widget\" data-widget_type=\"heading.default\">\n\t\t\t\t\t<h4 class=\"elementor-heading-title elementor-size-default\">Cui nu \u00eei sunt potrivite coroanele E-Max?<\/h4>\t\t\t\t<\/div>\n\t\t\t\t<div class=\"elementor-element elementor-element-beb3e45 elementor-widget elementor-widget-text-editor\" data-id=\"beb3e45\" data-element_type=\"widget\" data-e-type=\"widget\" data-widget_type=\"text-editor.default\">\n\t\t\t\t\t\t\t\t\t<p data-start=\"0\" data-end=\"65\">Coroanele E-Max nu sunt potrivite pentru pacien\u021bii care prezint\u0103:<\/p><ul><li data-start=\"69\" data-end=\"106\">Bruxism sever (scr\u00e2\u0219nitul din\u021bilor)<\/li><li data-start=\"109\" data-end=\"217\">Moliari supu\u0219i unor sarcini masticatorii puternice (\u00een acest caz se prefer\u0103 adesea coroanele din zirconiu)<\/li><li data-start=\"220\" data-end=\"280\">Structur\u0103 dentar\u0103 puternic deteriorat\u0103 \u0219i suport insuficient<\/li><\/ul>\t\t\t\t\t\t\t\t<\/div>\n\t\t\t\t<\/div>\n\t\t\t\t\t<\/div>\n\t\t\t\t<\/div>\n\t\t<div class=\"elementor-element elementor-element-ad18556 e-flex e-con-boxed e-con e-parent\" data-id=\"ad18556\" data-element_type=\"container\" data-e-type=\"container\">\n\t\t\t\t\t<div class=\"e-con-inner\">\n\t\t<div class=\"elementor-element elementor-element-a486acc e-con-full e-flex e-con e-child\" data-id=\"a486acc\" data-element_type=\"container\" data-e-type=\"container\">\n\t\t<div class=\"elementor-element elementor-element-31e07bd e-con-full e-flex e-con e-child\" data-id=\"31e07bd\" data-element_type=\"container\" data-e-type=\"container\">\n\t\t\t\t<div class=\"elementor-element elementor-element-74790fc elementor-widget elementor-widget-image\" data-id=\"74790fc\" data-element_type=\"widget\" data-e-type=\"widget\" data-widget_type=\"image.default\">\n\t\t\t\t\t\t\t\t\t\t\t\t\t\t\t<img decoding=\"async\" src=\"https:\/\/bosphoriadentalclinic.com\/wp-content\/uploads\/2025\/06\/vecteezy_phone-call-icon-old-telephone-icon-calling-phone_26494837-scaled.png\" title=\"\" alt=\"\" loading=\"lazy\" \/>\t\t\t\t\t\t\t\t\t\t\t\t\t\t\t<\/div>\n\t\t\t\t<div class=\"elementor-element elementor-element-d85b333 elementor-widget elementor-widget-text-editor\" data-id=\"d85b333\" data-element_type=\"widget\" data-e-type=\"widget\" data-widget_type=\"text-editor.default\">\n\t\t\t\t\t\t\t\t\t<article class=\"text-token-text-primary w-full\" dir=\"auto\" data-testid=\"conversation-turn-46\" data-scroll-anchor=\"false\"><div class=\"text-base my-auto mx-auto [--thread-content-margin:--spacing(4)] @[37rem]:[--thread-content-margin:--spacing(6)] @[72rem]:[--thread-content-margin:--spacing(16)] px-(--thread-content-margin)\"><div class=\"[--thread-content-max-width:32rem] @[34rem]:[--thread-content-max-width:40rem] @[64rem]:[--thread-content-max-width:48rem] mx-auto flex max-w-(--thread-content-max-width) flex-1 text-base gap-4 md:gap-5 lg:gap-6 group\/turn-messages focus-visible:outline-hidden\" tabindex=\"-1\"><div class=\"group\/conversation-turn relative flex w-full min-w-0 flex-col agent-turn\"><div class=\"relative flex-col gap-1 md:gap-3\"><div class=\"flex max-w-full flex-col grow\"><div class=\"min-h-8 text-message relative flex w-full flex-col items-end gap-2 text-start break-words whitespace-normal [.text-message+&amp;]:mt-5\" dir=\"auto\" data-message-author-role=\"assistant\" data-message-id=\"20b53b20-7fa1-4732-970d-dd06e42432d8\" data-message-model-slug=\"gpt-4-1-mini\"><div class=\"flex w-full flex-col gap-1 empty:hidden first:pt-[3px]\"><div class=\"markdown prose dark:prose-invert w-full break-words dark\"><p data-start=\"21\" data-end=\"46\" data-is-last-node=\"\" data-is-only-node=\"\">Contacta\u021bi echipa noastr\u0103<\/p><\/div><\/div><\/div><\/div><\/div><\/div><\/div><\/div><\/article>\t\t\t\t\t\t\t\t<\/div>\n\t\t\t\t<\/div>\n\t\t<div class=\"elementor-element elementor-element-e8a70c8 e-con-full e-flex e-con e-child\" data-id=\"e8a70c8\" data-element_type=\"container\" data-e-type=\"container\">\n\t\t\t\t<div class=\"elementor-element elementor-element-0625786 elementor-widget elementor-widget-image\" data-id=\"0625786\" data-element_type=\"widget\" data-e-type=\"widget\" data-widget_type=\"image.default\">\n\t\t\t\t\t\t\t\t\t\t\t\t\t\t\t<img decoding=\"async\" src=\"https:\/\/bosphoriadentalclinic.com\/wp-content\/uploads\/2025\/06\/pngtree-consultant-line-icon-png-image_9063183.png\" title=\"\" alt=\"\" loading=\"lazy\" \/>\t\t\t\t\t\t\t\t\t\t\t\t\t\t\t<\/div>\n\t\t\t\t<div class=\"elementor-element elementor-element-da14bc6 elementor-widget elementor-widget-text-editor\" data-id=\"da14bc6\" data-element_type=\"widget\" data-e-type=\"widget\" data-widget_type=\"text-editor.default\">\n\t\t\t\t\t\t\t\t\t<p>Consulta\u021bie gratuit\u0103<\/p>\t\t\t\t\t\t\t\t<\/div>\n\t\t\t\t<\/div>\n\t\t<div class=\"elementor-element elementor-element-7d36574 e-con-full e-flex e-con e-child\" data-id=\"7d36574\" data-element_type=\"container\" data-e-type=\"container\">\n\t\t\t\t<div class=\"elementor-element elementor-element-751d59a elementor-widget elementor-widget-image\" data-id=\"751d59a\" data-element_type=\"widget\" data-e-type=\"widget\" data-widget_type=\"image.default\">\n\t\t\t\t\t\t\t\t\t\t\t\t\t\t\t<img decoding=\"async\" src=\"https:\/\/bosphoriadentalclinic.com\/wp-content\/uploads\/2025\/06\/treatment-plan.png\" title=\"\" alt=\"\" loading=\"lazy\" \/>\t\t\t\t\t\t\t\t\t\t\t\t\t\t\t<\/div>\n\t\t\t\t<div class=\"elementor-element elementor-element-07b0861 elementor-widget elementor-widget-text-editor\" data-id=\"07b0861\" data-element_type=\"widget\" data-e-type=\"widget\" data-widget_type=\"text-editor.default\">\n\t\t\t\t\t\t\t\t\t<p>Plan de tratament<\/p>\t\t\t\t\t\t\t\t<\/div>\n\t\t\t\t<\/div>\n\t\t<div class=\"elementor-element elementor-element-17e020c e-con-full e-flex e-con e-child\" data-id=\"17e020c\" data-element_type=\"container\" data-e-type=\"container\">\n\t\t\t\t<div class=\"elementor-element elementor-element-0b205e3 elementor-widget elementor-widget-image\" data-id=\"0b205e3\" data-element_type=\"widget\" data-e-type=\"widget\" data-widget_type=\"image.default\">\n\t\t\t\t\t\t\t\t\t\t\t\t\t\t\t<img decoding=\"async\" src=\"https:\/\/bosphoriadentalclinic.com\/wp-content\/uploads\/2025\/06\/smile-icon.png\" title=\"\" alt=\"\" loading=\"lazy\" \/>\t\t\t\t\t\t\t\t\t\t\t\t\t\t\t<\/div>\n\t\t\t\t<div class=\"elementor-element elementor-element-15baea1 elementor-widget elementor-widget-text-editor\" data-id=\"15baea1\" data-element_type=\"widget\" data-e-type=\"widget\" data-widget_type=\"text-editor.default\">\n\t\t\t\t\t\t\t\t\t<p>Iat\u0103-l! Un z\u00e2mbet str\u0103lucitor.<\/p>\t\t\t\t\t\t\t\t<\/div>\n\t\t\t\t<\/div>\n\t\t\t\t<\/div>\n\t\t\t\t\t<\/div>\n\t\t\t\t<\/div>\n\t\t\t\t<\/div>\n\t\t","protected":false},"excerpt":{"rendered":"<p>Coroan\u0103 E-Max Ce este o coroan\u0103 E-Max? Coroana E-Max este un tip de coroan\u0103 complet ceramic\u0103, realizat\u0103 dintr-un material din sticl\u0103 ceramic\u0103 pe baz\u0103 de disilicat de litiu, cunoscut pentru estetica sa excelent\u0103 \u0219i rezisten\u021ba sa.Are o transluciditate mare, imit\u00e2nd aspectul din\u021bilor naturali, ceea ce o face o alegere popular\u0103 pentru restaurarea din\u021bilor frontali. C\u00e2nd [&hellip;]<\/p>\n","protected":false},"author":1,"featured_media":0,"parent":0,"menu_order":0,"comment_status":"closed","ping_status":"closed","template":"page-full-width.php","meta":{"footnotes":""},"class_list":["post-7605","page","type-page","status-publish","hentry"],"yoast_head":"<!-- This site is optimized with the Yoast SEO plugin v27.4 - https:\/\/yoast.com\/product\/yoast-seo-wordpress\/ -->\n<title>Coroan\u0103 E-Max - Clinica Dentar\u0103 Bosphoria<\/title>\n<meta name=\"description\" content=\"Achieve a natural, long-lasting smile with E-max crowns. Perfect blend of aesthetics and strength. Learn more about the treatment!\" \/>\n<meta name=\"robots\" content=\"index, follow, max-snippet:-1, max-image-preview:large, max-video-preview:-1\" \/>\n<link rel=\"canonical\" href=\"https:\/\/bosphoriadentalclinic.com\/ro\/coroana-e-max\/\" \/>\n<meta property=\"og:locale\" content=\"tr_TR\" \/>\n<meta property=\"og:type\" content=\"article\" \/>\n<meta property=\"og:title\" content=\"Coroan\u0103 E-Max - Clinica Dentar\u0103 Bosphoria\" \/>\n<meta property=\"og:description\" content=\"Achieve a natural, long-lasting smile with E-max crowns. Perfect blend of aesthetics and strength. Learn more about the treatment!\" \/>\n<meta property=\"og:url\" content=\"https:\/\/bosphoriadentalclinic.com\/ro\/coroana-e-max\/\" \/>\n<meta property=\"og:site_name\" content=\"Clinica Dentar\u0103 Bosphoria\" \/>\n<meta property=\"article:modified_time\" content=\"2025-08-04T12:14:31+00:00\" \/>\n<meta property=\"og:image\" content=\"https:\/\/bosphoriadentalclinic.com\/wp-content\/uploads\/2025\/06\/vecteezy_phone-call-icon-old-telephone-icon-calling-phone_26494837-scaled.png\" \/>\n<meta name=\"twitter:card\" content=\"summary_large_image\" \/>\n<meta name=\"twitter:label1\" content=\"Tahmini okuma s\u00fcresi\" \/>\n\t<meta name=\"twitter:data1\" content=\"2 dakika\" \/>\n<script type=\"application\/ld+json\" class=\"yoast-schema-graph\">{\"@context\":\"https:\\\/\\\/schema.org\",\"@graph\":[{\"@type\":\"WebPage\",\"@id\":\"https:\\\/\\\/bosphoriadentalclinic.com\\\/ro\\\/coroana-e-max\\\/\",\"url\":\"https:\\\/\\\/bosphoriadentalclinic.com\\\/ro\\\/coroana-e-max\\\/\",\"name\":\"Coroan\u0103 E-Max - Clinica Dentar\u0103 Bosphoria\",\"isPartOf\":{\"@id\":\"https:\\\/\\\/bosphoriadentalclinic.com\\\/ro\\\/#website\"},\"primaryImageOfPage\":{\"@id\":\"https:\\\/\\\/bosphoriadentalclinic.com\\\/ro\\\/coroana-e-max\\\/#primaryimage\"},\"image\":{\"@id\":\"https:\\\/\\\/bosphoriadentalclinic.com\\\/ro\\\/coroana-e-max\\\/#primaryimage\"},\"thumbnailUrl\":\"https:\\\/\\\/bosphoriadentalclinic.com\\\/wp-content\\\/uploads\\\/2025\\\/06\\\/vecteezy_phone-call-icon-old-telephone-icon-calling-phone_26494837-scaled.png\",\"datePublished\":\"2025-06-17T14:07:07+00:00\",\"dateModified\":\"2025-08-04T12:14:31+00:00\",\"description\":\"Achieve a natural, long-lasting smile with E-max crowns. Perfect blend of aesthetics and strength. Learn more about the treatment!\",\"breadcrumb\":{\"@id\":\"https:\\\/\\\/bosphoriadentalclinic.com\\\/ro\\\/coroana-e-max\\\/#breadcrumb\"},\"inLanguage\":\"tr\",\"potentialAction\":[{\"@type\":\"ReadAction\",\"target\":[\"https:\\\/\\\/bosphoriadentalclinic.com\\\/ro\\\/coroana-e-max\\\/\"]}]},{\"@type\":\"ImageObject\",\"inLanguage\":\"tr\",\"@id\":\"https:\\\/\\\/bosphoriadentalclinic.com\\\/ro\\\/coroana-e-max\\\/#primaryimage\",\"url\":\"https:\\\/\\\/bosphoriadentalclinic.com\\\/wp-content\\\/uploads\\\/2025\\\/06\\\/vecteezy_phone-call-icon-old-telephone-icon-calling-phone_26494837-scaled.png\",\"contentUrl\":\"https:\\\/\\\/bosphoriadentalclinic.com\\\/wp-content\\\/uploads\\\/2025\\\/06\\\/vecteezy_phone-call-icon-old-telephone-icon-calling-phone_26494837-scaled.png\"},{\"@type\":\"BreadcrumbList\",\"@id\":\"https:\\\/\\\/bosphoriadentalclinic.com\\\/ro\\\/coroana-e-max\\\/#breadcrumb\",\"itemListElement\":[{\"@type\":\"ListItem\",\"position\":1,\"name\":\"Anasayfa\",\"item\":\"https:\\\/\\\/bosphoriadentalclinic.com\\\/ro\\\/\"},{\"@type\":\"ListItem\",\"position\":2,\"name\":\"Coroan\u0103 E-Max\"}]},{\"@type\":\"WebSite\",\"@id\":\"https:\\\/\\\/bosphoriadentalclinic.com\\\/ro\\\/#website\",\"url\":\"https:\\\/\\\/bosphoriadentalclinic.com\\\/ro\\\/\",\"name\":\"Clinica Dentar\u0103 Bosphoria\",\"description\":\"Z\u00e2mbe\u0219te cu Bosphoria\",\"potentialAction\":[{\"@type\":\"SearchAction\",\"target\":{\"@type\":\"EntryPoint\",\"urlTemplate\":\"https:\\\/\\\/bosphoriadentalclinic.com\\\/ro\\\/?s={search_term_string}\"},\"query-input\":{\"@type\":\"PropertyValueSpecification\",\"valueRequired\":true,\"valueName\":\"search_term_string\"}}],\"inLanguage\":\"tr\"}]}<\/script>\n<!-- \/ Yoast SEO plugin. -->","yoast_head_json":{"title":"Coroan\u0103 E-Max - Clinica Dentar\u0103 Bosphoria","description":"Achieve a natural, long-lasting smile with E-max crowns. Perfect blend of aesthetics and strength. Learn more about the treatment!","robots":{"index":"index","follow":"follow","max-snippet":"max-snippet:-1","max-image-preview":"max-image-preview:large","max-video-preview":"max-video-preview:-1"},"canonical":"https:\/\/bosphoriadentalclinic.com\/ro\/coroana-e-max\/","og_locale":"tr_TR","og_type":"article","og_title":"Coroan\u0103 E-Max - Clinica Dentar\u0103 Bosphoria","og_description":"Achieve a natural, long-lasting smile with E-max crowns. Perfect blend of aesthetics and strength. Learn more about the treatment!","og_url":"https:\/\/bosphoriadentalclinic.com\/ro\/coroana-e-max\/","og_site_name":"Clinica Dentar\u0103 Bosphoria","article_modified_time":"2025-08-04T12:14:31+00:00","og_image":[{"url":"https:\/\/bosphoriadentalclinic.com\/wp-content\/uploads\/2025\/06\/vecteezy_phone-call-icon-old-telephone-icon-calling-phone_26494837-scaled.png","type":"","width":"","height":""}],"twitter_card":"summary_large_image","twitter_misc":{"Tahmini okuma s\u00fcresi":"2 dakika"},"schema":{"@context":"https:\/\/schema.org","@graph":[{"@type":"WebPage","@id":"https:\/\/bosphoriadentalclinic.com\/ro\/coroana-e-max\/","url":"https:\/\/bosphoriadentalclinic.com\/ro\/coroana-e-max\/","name":"Coroan\u0103 E-Max - Clinica Dentar\u0103 Bosphoria","isPartOf":{"@id":"https:\/\/bosphoriadentalclinic.com\/ro\/#website"},"primaryImageOfPage":{"@id":"https:\/\/bosphoriadentalclinic.com\/ro\/coroana-e-max\/#primaryimage"},"image":{"@id":"https:\/\/bosphoriadentalclinic.com\/ro\/coroana-e-max\/#primaryimage"},"thumbnailUrl":"https:\/\/bosphoriadentalclinic.com\/wp-content\/uploads\/2025\/06\/vecteezy_phone-call-icon-old-telephone-icon-calling-phone_26494837-scaled.png","datePublished":"2025-06-17T14:07:07+00:00","dateModified":"2025-08-04T12:14:31+00:00","description":"Achieve a natural, long-lasting smile with E-max crowns. Perfect blend of aesthetics and strength. Learn more about the treatment!","breadcrumb":{"@id":"https:\/\/bosphoriadentalclinic.com\/ro\/coroana-e-max\/#breadcrumb"},"inLanguage":"tr","potentialAction":[{"@type":"ReadAction","target":["https:\/\/bosphoriadentalclinic.com\/ro\/coroana-e-max\/"]}]},{"@type":"ImageObject","inLanguage":"tr","@id":"https:\/\/bosphoriadentalclinic.com\/ro\/coroana-e-max\/#primaryimage","url":"https:\/\/bosphoriadentalclinic.com\/wp-content\/uploads\/2025\/06\/vecteezy_phone-call-icon-old-telephone-icon-calling-phone_26494837-scaled.png","contentUrl":"https:\/\/bosphoriadentalclinic.com\/wp-content\/uploads\/2025\/06\/vecteezy_phone-call-icon-old-telephone-icon-calling-phone_26494837-scaled.png"},{"@type":"BreadcrumbList","@id":"https:\/\/bosphoriadentalclinic.com\/ro\/coroana-e-max\/#breadcrumb","itemListElement":[{"@type":"ListItem","position":1,"name":"Anasayfa","item":"https:\/\/bosphoriadentalclinic.com\/ro\/"},{"@type":"ListItem","position":2,"name":"Coroan\u0103 E-Max"}]},{"@type":"WebSite","@id":"https:\/\/bosphoriadentalclinic.com\/ro\/#website","url":"https:\/\/bosphoriadentalclinic.com\/ro\/","name":"Clinica Dentar\u0103 Bosphoria","description":"Z\u00e2mbe\u0219te cu Bosphoria","potentialAction":[{"@type":"SearchAction","target":{"@type":"EntryPoint","urlTemplate":"https:\/\/bosphoriadentalclinic.com\/ro\/?s={search_term_string}"},"query-input":{"@type":"PropertyValueSpecification","valueRequired":true,"valueName":"search_term_string"}}],"inLanguage":"tr"}]}},"_links":{"self":[{"href":"https:\/\/bosphoriadentalclinic.com\/ro\/wp-json\/wp\/v2\/pages\/7605","targetHints":{"allow":["GET"]}}],"collection":[{"href":"https:\/\/bosphoriadentalclinic.com\/ro\/wp-json\/wp\/v2\/pages"}],"about":[{"href":"https:\/\/bosphoriadentalclinic.com\/ro\/wp-json\/wp\/v2\/types\/page"}],"author":[{"embeddable":true,"href":"https:\/\/bosphoriadentalclinic.com\/ro\/wp-json\/wp\/v2\/users\/1"}],"replies":[{"embeddable":true,"href":"https:\/\/bosphoriadentalclinic.com\/ro\/wp-json\/wp\/v2\/comments?post=7605"}],"version-history":[{"count":9,"href":"https:\/\/bosphoriadentalclinic.com\/ro\/wp-json\/wp\/v2\/pages\/7605\/revisions"}],"predecessor-version":[{"id":9068,"href":"https:\/\/bosphoriadentalclinic.com\/ro\/wp-json\/wp\/v2\/pages\/7605\/revisions\/9068"}],"wp:attachment":[{"href":"https:\/\/bosphoriadentalclinic.com\/ro\/wp-json\/wp\/v2\/media?parent=7605"}],"curies":[{"name":"wp","href":"https:\/\/api.w.org\/{rel}","templated":true}]}}