{"id":7638,"date":"2025-06-17T14:47:36","date_gmt":"2025-06-17T14:47:36","guid":{"rendered":"https:\/\/bosphoriadentalclinic.com\/?page_id=7638"},"modified":"2025-08-04T14:48:34","modified_gmt":"2025-08-04T11:48:34","slug":"coroana-din-portelan","status":"publish","type":"page","link":"https:\/\/bosphoriadentalclinic.com\/ro\/coroana-din-portelan\/","title":{"rendered":"Coroan\u0103 din por\u021belan"},"content":{"rendered":"\t\t<div data-elementor-type=\"wp-page\" data-elementor-id=\"7638\" class=\"elementor elementor-7638\" data-elementor-post-type=\"page\">\n\t\t\t\t<div class=\"elementor-element elementor-element-4699c84c e-con-full e-flex e-con e-parent\" data-id=\"4699c84c\" data-element_type=\"container\" data-e-type=\"container\" data-settings=\"{&quot;background_background&quot;:&quot;classic&quot;}\">\n\t\t\t\t<div class=\"elementor-element elementor-element-6e0368db elementor-widget elementor-widget-heading\" data-id=\"6e0368db\" data-element_type=\"widget\" data-e-type=\"widget\" data-widget_type=\"heading.default\">\n\t\t\t\t\t<h1 class=\"elementor-heading-title elementor-size-default\">Coroan\u0103 din por\u021belan<\/h1>\t\t\t\t<\/div>\n\t\t\t\t<\/div>\n\t\t<div class=\"elementor-element elementor-element-7021e0e6 e-flex e-con-boxed e-con e-parent\" data-id=\"7021e0e6\" data-element_type=\"container\" data-e-type=\"container\">\n\t\t\t\t\t<div class=\"e-con-inner\">\n\t\t\t\t<div class=\"elementor-element elementor-element-19927119 elementor-widget elementor-widget-heading\" data-id=\"19927119\" data-element_type=\"widget\" data-e-type=\"widget\" data-widget_type=\"heading.default\">\n\t\t\t\t\t<h3 class=\"elementor-heading-title elementor-size-default\">Ce este o coroan\u0103 din por\u021belan?<\/h3>\t\t\t\t<\/div>\n\t\t\t\t<div class=\"elementor-element elementor-element-6436cd28 elementor-widget elementor-widget-text-editor\" data-id=\"6436cd28\" data-element_type=\"widget\" data-e-type=\"widget\" data-widget_type=\"text-editor.default\">\n\t\t\t\t\t\t\t\t\t<article class=\"text-token-text-primary w-full\" dir=\"auto\" data-testid=\"conversation-turn-10\" data-scroll-anchor=\"true\"><div class=\"text-base my-auto mx-auto pb-10 [--thread-content-margin:--spacing(4)] @[37rem]:[--thread-content-margin:--spacing(6)] @[72rem]:[--thread-content-margin:--spacing(16)] px-(--thread-content-margin)\"><div class=\"[--thread-content-max-width:32rem] @[34rem]:[--thread-content-max-width:40rem] @[64rem]:[--thread-content-max-width:48rem] mx-auto max-w-(--thread-content-max-width) flex-1 group\/turn-messages focus-visible:outline-hidden relative flex w-full min-w-0 flex-col agent-turn\" tabindex=\"-1\"><div class=\"flex max-w-full flex-col grow\"><div class=\"min-h-8 text-message relative flex w-full flex-col items-end gap-2 text-start break-words whitespace-normal [.text-message+&amp;]:mt-5\" dir=\"auto\" data-message-author-role=\"assistant\" data-message-id=\"42b68260-a6b4-4a75-b17f-a6408381db7b\" data-message-model-slug=\"gpt-4o\"><div class=\"flex w-full flex-col gap-1 empty:hidden first:pt-[3px]\"><div class=\"markdown prose dark:prose-invert w-full break-words dark\"><p data-start=\"0\" data-end=\"325\" data-is-last-node=\"\" data-is-only-node=\"\">O coroan\u0103 din por\u021belan este o cupol\u0103 \u00een form\u0103 de dinte plasat\u0103 pe un dinte pentru a-i restabili forma, dimensiunea, rezisten\u021ba \u0219i aspectul.<br data-start=\"139\" data-end=\"142\" \/>Fabricat\u0103 din ceramic\u0103 de \u00eenalt\u0103 calitate, imit\u0103 transluciditatea \u0219i culoarea natural\u0103 a din\u021bilor adev\u0103ra\u021bi, fiind o alegere ideal\u0103 at\u00e2t pentru din\u021bii frontali, c\u00e2t \u0219i pentru cei posteriori.<\/p><\/div><\/div><\/div><\/div><\/div><\/div><\/article>\t\t\t\t\t\t\t\t<\/div>\n\t\t\t\t\t<\/div>\n\t\t\t\t<\/div>\n\t\t<div class=\"elementor-element elementor-element-161b502e e-flex e-con-boxed e-con e-parent\" data-id=\"161b502e\" data-element_type=\"container\" data-e-type=\"container\">\n\t\t\t\t\t<div class=\"e-con-inner\">\n\t\t<div class=\"elementor-element elementor-element-51e06004 e-con-full e-flex e-con e-child\" data-id=\"51e06004\" data-element_type=\"container\" data-e-type=\"container\">\n\t\t\t\t<div class=\"elementor-element elementor-element-a3da5cb elementor-widget elementor-widget-heading\" data-id=\"a3da5cb\" data-element_type=\"widget\" data-e-type=\"widget\" data-widget_type=\"heading.default\">\n\t\t\t\t\t<h4 class=\"elementor-heading-title elementor-size-default\">C\u00e2nd este necesar\u0103 o coroan\u0103 din por\u021belan?<\/h4>\t\t\t\t<\/div>\n\t\t\t\t<div class=\"elementor-element elementor-element-71b9aec9 elementor-widget elementor-widget-text-editor\" data-id=\"71b9aec9\" data-element_type=\"widget\" data-e-type=\"widget\" data-widget_type=\"text-editor.default\">\n\t\t\t\t\t\t\t\t\t<ul><li data-start=\"2\" data-end=\"47\">Pentru a proteja un dinte fragil sau cr\u0103pat<\/li><li data-start=\"50\" data-end=\"99\">Pentru a restaura un dinte rupt sau foarte uzat<\/li><li data-start=\"102\" data-end=\"130\">Dup\u0103 un tratament de canal<\/li><li data-start=\"133\" data-end=\"169\">Pentru a acoperi un implant dentar<\/li><li data-start=\"172\" data-end=\"258\">Pentru \u00eembun\u0103t\u0103\u021biri estetice (de exemplu, din\u021bi cu form\u0103 necorespunz\u0103toare sau p\u0103ta\u021bi)<\/li><\/ul>\t\t\t\t\t\t\t\t<\/div>\n\t\t\t\t<\/div>\n\t\t\t\t\t<\/div>\n\t\t\t\t<\/div>\n\t\t<div class=\"elementor-element elementor-element-1eb47134 e-flex e-con-boxed e-con e-parent\" data-id=\"1eb47134\" data-element_type=\"container\" data-e-type=\"container\">\n\t\t\t\t\t<div class=\"e-con-inner\">\n\t\t<div class=\"elementor-element elementor-element-f348e5a e-con-full e-flex e-con e-child\" data-id=\"f348e5a\" data-element_type=\"container\" data-e-type=\"container\">\n\t\t\t\t<div class=\"elementor-element elementor-element-5eba96e8 elementor-widget elementor-widget-heading\" data-id=\"5eba96e8\" data-element_type=\"widget\" data-e-type=\"widget\" data-widget_type=\"heading.default\">\n\t\t\t\t\t<h4 class=\"elementor-heading-title elementor-size-default\">Avantajele coroanelor din por\u021belan<\/h4>\t\t\t\t<\/div>\n\t\t\t\t<div class=\"elementor-element elementor-element-740ed61f elementor-widget elementor-widget-text-editor\" data-id=\"740ed61f\" data-element_type=\"widget\" data-e-type=\"widget\" data-widget_type=\"text-editor.default\">\n\t\t\t\t\t\t\t\t\t<ul><li>Foarte estetice \u0219i cu aspect natural<\/li><li>Durabile \u0219i cu o durat\u0103 lung\u0103 de via\u021b\u0103<\/li><li>Biocompatibile \u2013 sigure pentru gingii \u0219i \u021besuturile \u00eenconjur\u0103toare<\/li><li>Rezistente la pete<\/li><li>Realizate la comand\u0103 pentru o potrivire perfect\u0103<\/li><\/ul>\t\t\t\t\t\t\t\t<\/div>\n\t\t\t\t<\/div>\n\t\t\t\t\t<\/div>\n\t\t\t\t<\/div>\n\t\t<div class=\"elementor-element elementor-element-192108ef e-flex e-con-boxed e-con e-parent\" data-id=\"192108ef\" data-element_type=\"container\" data-e-type=\"container\">\n\t\t\t\t\t<div class=\"e-con-inner\">\n\t\t<div class=\"elementor-element elementor-element-22f18c10 e-con-full e-flex e-con e-child\" data-id=\"22f18c10\" data-element_type=\"container\" data-e-type=\"container\">\n\t\t\t\t<div class=\"elementor-element elementor-element-8564c57 elementor-widget elementor-widget-heading\" data-id=\"8564c57\" data-element_type=\"widget\" data-e-type=\"widget\" data-widget_type=\"heading.default\">\n\t\t\t\t\t<h4 class=\"elementor-heading-title elementor-size-default\">De ce s\u0103 ne alege\u021bi pe noi?<\/h4>\t\t\t\t<\/div>\n\t\t\t\t<div class=\"elementor-element elementor-element-5853a2c9 elementor-widget elementor-widget-text-editor\" data-id=\"5853a2c9\" data-element_type=\"widget\" data-e-type=\"widget\" data-widget_type=\"text-editor.default\">\n\t\t\t\t\t\t\t\t\t<p data-start=\"26\" data-end=\"249\">Clinica noastr\u0103 utilizeaz\u0103 cele mai noi tehnologii \u0219i materiale pentru a garanta rezultate durabile.<br data-start=\"100\" data-end=\"103\" \/>Combin\u0103m stomatologia de precizie cu \u00eengrijiri personalizate pentru a v\u0103 oferi z\u00e2mbetul pe care \u00eel merita\u021bi.<\/p>\t\t\t\t\t\t\t\t<\/div>\n\t\t\t\t<\/div>\n\t\t\t\t\t<\/div>\n\t\t\t\t<\/div>\n\t\t<div class=\"elementor-element elementor-element-f75b4fe e-flex e-con-boxed e-con e-parent\" data-id=\"f75b4fe\" data-element_type=\"container\" data-e-type=\"container\">\n\t\t\t\t\t<div class=\"e-con-inner\">\n\t\t<div class=\"elementor-element elementor-element-60cade4 e-con-full e-flex e-con e-child\" data-id=\"60cade4\" data-element_type=\"container\" data-e-type=\"container\">\n\t\t<div class=\"elementor-element elementor-element-efcefb2 e-con-full e-flex e-con e-child\" data-id=\"efcefb2\" data-element_type=\"container\" data-e-type=\"container\">\n\t\t\t\t<div class=\"elementor-element elementor-element-80e8921 elementor-widget elementor-widget-image\" data-id=\"80e8921\" data-element_type=\"widget\" data-e-type=\"widget\" data-widget_type=\"image.default\">\n\t\t\t\t\t\t\t\t\t\t\t\t\t\t\t<img decoding=\"async\" src=\"https:\/\/bosphoriadentalclinic.com\/wp-content\/uploads\/2025\/06\/vecteezy_phone-call-icon-old-telephone-icon-calling-phone_26494837-scaled.png\" title=\"\" alt=\"\" loading=\"lazy\" \/>\t\t\t\t\t\t\t\t\t\t\t\t\t\t\t<\/div>\n\t\t\t\t<div class=\"elementor-element elementor-element-529e8a7 elementor-widget elementor-widget-text-editor\" data-id=\"529e8a7\" data-element_type=\"widget\" data-e-type=\"widget\" data-widget_type=\"text-editor.default\">\n\t\t\t\t\t\t\t\t\t<article class=\"text-token-text-primary w-full\" dir=\"auto\" data-testid=\"conversation-turn-46\" data-scroll-anchor=\"false\"><div class=\"text-base my-auto mx-auto [--thread-content-margin:--spacing(4)] @[37rem]:[--thread-content-margin:--spacing(6)] @[72rem]:[--thread-content-margin:--spacing(16)] px-(--thread-content-margin)\"><div class=\"[--thread-content-max-width:32rem] @[34rem]:[--thread-content-max-width:40rem] @[64rem]:[--thread-content-max-width:48rem] mx-auto flex max-w-(--thread-content-max-width) flex-1 text-base gap-4 md:gap-5 lg:gap-6 group\/turn-messages focus-visible:outline-hidden\" tabindex=\"-1\"><div class=\"group\/conversation-turn relative flex w-full min-w-0 flex-col agent-turn\"><div class=\"relative flex-col gap-1 md:gap-3\"><div class=\"flex max-w-full flex-col grow\"><div class=\"min-h-8 text-message relative flex w-full flex-col items-end gap-2 text-start break-words whitespace-normal [.text-message+&amp;]:mt-5\" dir=\"auto\" data-message-author-role=\"assistant\" data-message-id=\"20b53b20-7fa1-4732-970d-dd06e42432d8\" data-message-model-slug=\"gpt-4-1-mini\"><div class=\"flex w-full flex-col gap-1 empty:hidden first:pt-[3px]\"><div class=\"markdown prose dark:prose-invert w-full break-words dark\"><p data-start=\"21\" data-end=\"46\" data-is-last-node=\"\" data-is-only-node=\"\">Contacta\u021bi echipa noastr\u0103<\/p><\/div><\/div><\/div><\/div><\/div><\/div><\/div><\/div><\/article>\t\t\t\t\t\t\t\t<\/div>\n\t\t\t\t<\/div>\n\t\t<div class=\"elementor-element elementor-element-abf296f e-con-full e-flex e-con e-child\" data-id=\"abf296f\" data-element_type=\"container\" data-e-type=\"container\">\n\t\t\t\t<div class=\"elementor-element elementor-element-aacec4a elementor-widget elementor-widget-image\" data-id=\"aacec4a\" data-element_type=\"widget\" data-e-type=\"widget\" data-widget_type=\"image.default\">\n\t\t\t\t\t\t\t\t\t\t\t\t\t\t\t<img decoding=\"async\" src=\"https:\/\/bosphoriadentalclinic.com\/wp-content\/uploads\/2025\/06\/pngtree-consultant-line-icon-png-image_9063183.png\" title=\"\" alt=\"\" loading=\"lazy\" \/>\t\t\t\t\t\t\t\t\t\t\t\t\t\t\t<\/div>\n\t\t\t\t<div class=\"elementor-element elementor-element-a40c714 elementor-widget elementor-widget-text-editor\" data-id=\"a40c714\" data-element_type=\"widget\" data-e-type=\"widget\" data-widget_type=\"text-editor.default\">\n\t\t\t\t\t\t\t\t\t<p>Consulta\u021bie gratuit\u0103<\/p>\t\t\t\t\t\t\t\t<\/div>\n\t\t\t\t<\/div>\n\t\t<div class=\"elementor-element elementor-element-6b90d2c e-con-full e-flex e-con e-child\" data-id=\"6b90d2c\" data-element_type=\"container\" data-e-type=\"container\">\n\t\t\t\t<div class=\"elementor-element elementor-element-a3f208d elementor-widget elementor-widget-image\" data-id=\"a3f208d\" data-element_type=\"widget\" data-e-type=\"widget\" data-widget_type=\"image.default\">\n\t\t\t\t\t\t\t\t\t\t\t\t\t\t\t<img decoding=\"async\" src=\"https:\/\/bosphoriadentalclinic.com\/wp-content\/uploads\/2025\/06\/treatment-plan.png\" title=\"\" alt=\"\" loading=\"lazy\" \/>\t\t\t\t\t\t\t\t\t\t\t\t\t\t\t<\/div>\n\t\t\t\t<div class=\"elementor-element elementor-element-4afb910 elementor-widget elementor-widget-text-editor\" data-id=\"4afb910\" data-element_type=\"widget\" data-e-type=\"widget\" data-widget_type=\"text-editor.default\">\n\t\t\t\t\t\t\t\t\t<p>Plan de tratament<\/p>\t\t\t\t\t\t\t\t<\/div>\n\t\t\t\t<\/div>\n\t\t<div class=\"elementor-element elementor-element-e9422e0 e-con-full e-flex e-con e-child\" data-id=\"e9422e0\" data-element_type=\"container\" data-e-type=\"container\">\n\t\t\t\t<div class=\"elementor-element elementor-element-7099bfa elementor-widget elementor-widget-image\" data-id=\"7099bfa\" data-element_type=\"widget\" data-e-type=\"widget\" data-widget_type=\"image.default\">\n\t\t\t\t\t\t\t\t\t\t\t\t\t\t\t<img decoding=\"async\" src=\"https:\/\/bosphoriadentalclinic.com\/wp-content\/uploads\/2025\/06\/smile-icon.png\" title=\"\" alt=\"\" loading=\"lazy\" \/>\t\t\t\t\t\t\t\t\t\t\t\t\t\t\t<\/div>\n\t\t\t\t<div class=\"elementor-element elementor-element-2cf56d6 elementor-widget elementor-widget-text-editor\" data-id=\"2cf56d6\" data-element_type=\"widget\" data-e-type=\"widget\" data-widget_type=\"text-editor.default\">\n\t\t\t\t\t\t\t\t\t<p>Iat\u0103-l! Un z\u00e2mbet str\u0103lucitor.<\/p>\t\t\t\t\t\t\t\t<\/div>\n\t\t\t\t<\/div>\n\t\t\t\t<\/div>\n\t\t\t\t\t<\/div>\n\t\t\t\t<\/div>\n\t\t\t\t<\/div>\n\t\t","protected":false},"excerpt":{"rendered":"<p>Coroan\u0103 din por\u021belan Ce este o coroan\u0103 din por\u021belan? O coroan\u0103 din por\u021belan este o cupol\u0103 \u00een form\u0103 de dinte plasat\u0103 pe un dinte pentru a-i restabili forma, dimensiunea, rezisten\u021ba \u0219i aspectul.Fabricat\u0103 din ceramic\u0103 de \u00eenalt\u0103 calitate, imit\u0103 transluciditatea \u0219i culoarea natural\u0103 a din\u021bilor adev\u0103ra\u021bi, fiind o alegere ideal\u0103 at\u00e2t pentru din\u021bii frontali, c\u00e2t \u0219i [&hellip;]<\/p>\n","protected":false},"author":1,"featured_media":0,"parent":0,"menu_order":0,"comment_status":"closed","ping_status":"closed","template":"page-full-width.php","meta":{"footnotes":""},"class_list":["post-7638","page","type-page","status-publish","hentry"],"yoast_head":"<!-- This site is optimized with the Yoast SEO plugin v27.4 - https:\/\/yoast.com\/product\/yoast-seo-wordpress\/ -->\n<title>Coroan\u0103 din por\u021belan - Clinica Dentar\u0103 Bosphoria<\/title>\n<meta name=\"description\" content=\"Restore your smile with durable, natural-looking porcelain crowns. Enjoy long-lasting strength and aesthetic dental solutions today.\" \/>\n<meta name=\"robots\" content=\"index, follow, max-snippet:-1, max-image-preview:large, max-video-preview:-1\" \/>\n<link rel=\"canonical\" href=\"https:\/\/bosphoriadentalclinic.com\/ro\/coroana-din-portelan\/\" \/>\n<meta property=\"og:locale\" content=\"tr_TR\" \/>\n<meta property=\"og:type\" content=\"article\" \/>\n<meta property=\"og:title\" content=\"Coroan\u0103 din por\u021belan - Clinica Dentar\u0103 Bosphoria\" \/>\n<meta property=\"og:description\" content=\"Restore your smile with durable, natural-looking porcelain crowns. Enjoy long-lasting strength and aesthetic dental solutions today.\" \/>\n<meta property=\"og:url\" content=\"https:\/\/bosphoriadentalclinic.com\/ro\/coroana-din-portelan\/\" \/>\n<meta property=\"og:site_name\" content=\"Clinica Dentar\u0103 Bosphoria\" \/>\n<meta property=\"article:modified_time\" content=\"2025-08-04T11:48:34+00:00\" \/>\n<meta property=\"og:image\" content=\"https:\/\/bosphoriadentalclinic.com\/wp-content\/uploads\/2025\/06\/vecteezy_phone-call-icon-old-telephone-icon-calling-phone_26494837-scaled.png\" \/>\n<meta name=\"twitter:card\" content=\"summary_large_image\" \/>\n<meta name=\"twitter:label1\" content=\"Tahmini okuma s\u00fcresi\" \/>\n\t<meta name=\"twitter:data1\" content=\"2 dakika\" \/>\n<script type=\"application\/ld+json\" class=\"yoast-schema-graph\">{\"@context\":\"https:\\\/\\\/schema.org\",\"@graph\":[{\"@type\":\"WebPage\",\"@id\":\"https:\\\/\\\/bosphoriadentalclinic.com\\\/ro\\\/coroana-din-portelan\\\/\",\"url\":\"https:\\\/\\\/bosphoriadentalclinic.com\\\/ro\\\/coroana-din-portelan\\\/\",\"name\":\"Coroan\u0103 din por\u021belan - Clinica Dentar\u0103 Bosphoria\",\"isPartOf\":{\"@id\":\"https:\\\/\\\/bosphoriadentalclinic.com\\\/ro\\\/#website\"},\"primaryImageOfPage\":{\"@id\":\"https:\\\/\\\/bosphoriadentalclinic.com\\\/ro\\\/coroana-din-portelan\\\/#primaryimage\"},\"image\":{\"@id\":\"https:\\\/\\\/bosphoriadentalclinic.com\\\/ro\\\/coroana-din-portelan\\\/#primaryimage\"},\"thumbnailUrl\":\"https:\\\/\\\/bosphoriadentalclinic.com\\\/wp-content\\\/uploads\\\/2025\\\/06\\\/vecteezy_phone-call-icon-old-telephone-icon-calling-phone_26494837-scaled.png\",\"datePublished\":\"2025-06-17T14:47:36+00:00\",\"dateModified\":\"2025-08-04T11:48:34+00:00\",\"description\":\"Restore your smile with durable, natural-looking porcelain crowns. Enjoy long-lasting strength and aesthetic dental solutions today.\",\"breadcrumb\":{\"@id\":\"https:\\\/\\\/bosphoriadentalclinic.com\\\/ro\\\/coroana-din-portelan\\\/#breadcrumb\"},\"inLanguage\":\"tr\",\"potentialAction\":[{\"@type\":\"ReadAction\",\"target\":[\"https:\\\/\\\/bosphoriadentalclinic.com\\\/ro\\\/coroana-din-portelan\\\/\"]}]},{\"@type\":\"ImageObject\",\"inLanguage\":\"tr\",\"@id\":\"https:\\\/\\\/bosphoriadentalclinic.com\\\/ro\\\/coroana-din-portelan\\\/#primaryimage\",\"url\":\"https:\\\/\\\/bosphoriadentalclinic.com\\\/wp-content\\\/uploads\\\/2025\\\/06\\\/vecteezy_phone-call-icon-old-telephone-icon-calling-phone_26494837-scaled.png\",\"contentUrl\":\"https:\\\/\\\/bosphoriadentalclinic.com\\\/wp-content\\\/uploads\\\/2025\\\/06\\\/vecteezy_phone-call-icon-old-telephone-icon-calling-phone_26494837-scaled.png\"},{\"@type\":\"BreadcrumbList\",\"@id\":\"https:\\\/\\\/bosphoriadentalclinic.com\\\/ro\\\/coroana-din-portelan\\\/#breadcrumb\",\"itemListElement\":[{\"@type\":\"ListItem\",\"position\":1,\"name\":\"Anasayfa\",\"item\":\"https:\\\/\\\/bosphoriadentalclinic.com\\\/ro\\\/\"},{\"@type\":\"ListItem\",\"position\":2,\"name\":\"Coroan\u0103 din por\u021belan\"}]},{\"@type\":\"WebSite\",\"@id\":\"https:\\\/\\\/bosphoriadentalclinic.com\\\/ro\\\/#website\",\"url\":\"https:\\\/\\\/bosphoriadentalclinic.com\\\/ro\\\/\",\"name\":\"Clinica Dentar\u0103 Bosphoria\",\"description\":\"Z\u00e2mbe\u0219te cu Bosphoria\",\"potentialAction\":[{\"@type\":\"SearchAction\",\"target\":{\"@type\":\"EntryPoint\",\"urlTemplate\":\"https:\\\/\\\/bosphoriadentalclinic.com\\\/ro\\\/?s={search_term_string}\"},\"query-input\":{\"@type\":\"PropertyValueSpecification\",\"valueRequired\":true,\"valueName\":\"search_term_string\"}}],\"inLanguage\":\"tr\"}]}<\/script>\n<!-- \/ Yoast SEO plugin. -->","yoast_head_json":{"title":"Coroan\u0103 din por\u021belan - Clinica Dentar\u0103 Bosphoria","description":"Restore your smile with durable, natural-looking porcelain crowns. Enjoy long-lasting strength and aesthetic dental solutions today.","robots":{"index":"index","follow":"follow","max-snippet":"max-snippet:-1","max-image-preview":"max-image-preview:large","max-video-preview":"max-video-preview:-1"},"canonical":"https:\/\/bosphoriadentalclinic.com\/ro\/coroana-din-portelan\/","og_locale":"tr_TR","og_type":"article","og_title":"Coroan\u0103 din por\u021belan - Clinica Dentar\u0103 Bosphoria","og_description":"Restore your smile with durable, natural-looking porcelain crowns. Enjoy long-lasting strength and aesthetic dental solutions today.","og_url":"https:\/\/bosphoriadentalclinic.com\/ro\/coroana-din-portelan\/","og_site_name":"Clinica Dentar\u0103 Bosphoria","article_modified_time":"2025-08-04T11:48:34+00:00","og_image":[{"url":"https:\/\/bosphoriadentalclinic.com\/wp-content\/uploads\/2025\/06\/vecteezy_phone-call-icon-old-telephone-icon-calling-phone_26494837-scaled.png","type":"","width":"","height":""}],"twitter_card":"summary_large_image","twitter_misc":{"Tahmini okuma s\u00fcresi":"2 dakika"},"schema":{"@context":"https:\/\/schema.org","@graph":[{"@type":"WebPage","@id":"https:\/\/bosphoriadentalclinic.com\/ro\/coroana-din-portelan\/","url":"https:\/\/bosphoriadentalclinic.com\/ro\/coroana-din-portelan\/","name":"Coroan\u0103 din por\u021belan - Clinica Dentar\u0103 Bosphoria","isPartOf":{"@id":"https:\/\/bosphoriadentalclinic.com\/ro\/#website"},"primaryImageOfPage":{"@id":"https:\/\/bosphoriadentalclinic.com\/ro\/coroana-din-portelan\/#primaryimage"},"image":{"@id":"https:\/\/bosphoriadentalclinic.com\/ro\/coroana-din-portelan\/#primaryimage"},"thumbnailUrl":"https:\/\/bosphoriadentalclinic.com\/wp-content\/uploads\/2025\/06\/vecteezy_phone-call-icon-old-telephone-icon-calling-phone_26494837-scaled.png","datePublished":"2025-06-17T14:47:36+00:00","dateModified":"2025-08-04T11:48:34+00:00","description":"Restore your smile with durable, natural-looking porcelain crowns. Enjoy long-lasting strength and aesthetic dental solutions today.","breadcrumb":{"@id":"https:\/\/bosphoriadentalclinic.com\/ro\/coroana-din-portelan\/#breadcrumb"},"inLanguage":"tr","potentialAction":[{"@type":"ReadAction","target":["https:\/\/bosphoriadentalclinic.com\/ro\/coroana-din-portelan\/"]}]},{"@type":"ImageObject","inLanguage":"tr","@id":"https:\/\/bosphoriadentalclinic.com\/ro\/coroana-din-portelan\/#primaryimage","url":"https:\/\/bosphoriadentalclinic.com\/wp-content\/uploads\/2025\/06\/vecteezy_phone-call-icon-old-telephone-icon-calling-phone_26494837-scaled.png","contentUrl":"https:\/\/bosphoriadentalclinic.com\/wp-content\/uploads\/2025\/06\/vecteezy_phone-call-icon-old-telephone-icon-calling-phone_26494837-scaled.png"},{"@type":"BreadcrumbList","@id":"https:\/\/bosphoriadentalclinic.com\/ro\/coroana-din-portelan\/#breadcrumb","itemListElement":[{"@type":"ListItem","position":1,"name":"Anasayfa","item":"https:\/\/bosphoriadentalclinic.com\/ro\/"},{"@type":"ListItem","position":2,"name":"Coroan\u0103 din por\u021belan"}]},{"@type":"WebSite","@id":"https:\/\/bosphoriadentalclinic.com\/ro\/#website","url":"https:\/\/bosphoriadentalclinic.com\/ro\/","name":"Clinica Dentar\u0103 Bosphoria","description":"Z\u00e2mbe\u0219te cu Bosphoria","potentialAction":[{"@type":"SearchAction","target":{"@type":"EntryPoint","urlTemplate":"https:\/\/bosphoriadentalclinic.com\/ro\/?s={search_term_string}"},"query-input":{"@type":"PropertyValueSpecification","valueRequired":true,"valueName":"search_term_string"}}],"inLanguage":"tr"}]}},"_links":{"self":[{"href":"https:\/\/bosphoriadentalclinic.com\/ro\/wp-json\/wp\/v2\/pages\/7638","targetHints":{"allow":["GET"]}}],"collection":[{"href":"https:\/\/bosphoriadentalclinic.com\/ro\/wp-json\/wp\/v2\/pages"}],"about":[{"href":"https:\/\/bosphoriadentalclinic.com\/ro\/wp-json\/wp\/v2\/types\/page"}],"author":[{"embeddable":true,"href":"https:\/\/bosphoriadentalclinic.com\/ro\/wp-json\/wp\/v2\/users\/1"}],"replies":[{"embeddable":true,"href":"https:\/\/bosphoriadentalclinic.com\/ro\/wp-json\/wp\/v2\/comments?post=7638"}],"version-history":[{"count":6,"href":"https:\/\/bosphoriadentalclinic.com\/ro\/wp-json\/wp\/v2\/pages\/7638\/revisions"}],"predecessor-version":[{"id":9035,"href":"https:\/\/bosphoriadentalclinic.com\/ro\/wp-json\/wp\/v2\/pages\/7638\/revisions\/9035"}],"wp:attachment":[{"href":"https:\/\/bosphoriadentalclinic.com\/ro\/wp-json\/wp\/v2\/media?parent=7638"}],"curies":[{"name":"wp","href":"https:\/\/api.w.org\/{rel}","templated":true}]}}